{"id":47651,"date":"2024-06-09T15:13:47","date_gmt":"2024-06-09T13:13:47","guid":{"rendered":"https:\/\/agrozone.ee\/toode\/muoviset-tarrat-valkoiset-31-kpl-lyijykyna\/"},"modified":"2025-05-24T06:10:04","modified_gmt":"2025-05-24T04:10:04","slug":"muoviset-tarrat-valkoiset-31-kpl-lyijykyna","status":"publish","type":"product","link":"https:\/\/agrozone.ee\/fi\/tuote\/muoviset-tarrat-valkoiset-31-kpl-lyijykyna\/","title":{"rendered":"Muoviset tarrat, valkoiset, 31 kpl + lyijykyn\u00e4"},"content":{"rendered":"<p><strong>Muoviset tarrat, valkoiset, 31 kpl<\/strong><\/p>\n<p>Sis\u00e4lt\u00e4\u00e4:<\/p>\n<p>10 suurempaa tarraa 15,5 x 5,5<\/p>\n<p>20 pienemp\u00e4\u00e4 tarraa 12,5 x 1,3<\/p>\n<p>1 &#8211; lyijykyn\u00e4<\/p>\n<ul>\n<li>Muoviset kasvitarrat, valkoiset.<\/li>\n<li>Sis\u00e4lt\u00e4\u00e4 lyijykyn\u00e4n.<\/li>\n<li>Muovisia tarroja voidaan k\u00e4ytt\u00e4\u00e4 kasvien merkitsemiseen istutuksen yhteydess\u00e4 tai kasvien lajien tai lajikkeiden erottamiseen.<\/li>\n<li>Muoviset tarrat valitaan usein niiden kest\u00e4vyyden ja s\u00e4\u00e4nkest\u00e4vyyden vuoksi, ja niihin on helppo kirjoittaa tai merkit\u00e4 tarpeen mukaan.<\/li>\n<li>N\u00e4m\u00e4 ovat hy\u00f6dyllisi\u00e4 ty\u00f6kaluja puutarhurille, joka haluaa organisoida, seurata ja tunnistaa kasveja puutarhassaan.<\/li>\n<\/ul>\n","protected":false},"excerpt":{"rendered":"<p>Muoviset tarrat, valkoiset, 31 kpl Sis\u00e4lt\u00e4\u00e4: 10 suurempaa tarraa 15,5 x 5,5 20 pienemp\u00e4\u00e4 tarraa 12,5 x 1,3 1 &#8211; lyijykyn\u00e4 Muoviset kasvitarrat, valkoiset. Sis\u00e4lt\u00e4\u00e4 lyijykyn\u00e4n. Muovisia tarroja voidaan k\u00e4ytt\u00e4\u00e4 kasvien merkitsemiseen istutuksen yhteydess\u00e4 tai kasvien lajien tai lajikkeiden erottamiseen. Muoviset tarrat valitaan usein niiden kest\u00e4vyyden ja s\u00e4\u00e4nkest\u00e4vyyden vuoksi, ja niihin on helppo kirjoittaa tai [&hellip;]<\/p>\n","protected":false},"featured_media":47336,"template":"","meta":{"_acf_changed":false,"_seopress_robots_primary_cat":"none","_seopress_titles_title":"","_seopress_titles_desc":"Muovisia tarroja voidaan k\u00e4ytt\u00e4\u00e4 kasvien merkitsemiseen istutuksen yhteydess\u00e4 tai kasvien lajien tai lajikkeiden erottamiseen. Ne auttavat organisoimaan, seuraamaan ja tunnistamaan kasveja. ","_seopress_robots_index":"","_gspb_post_css":""},"product_brand":[],"product_cat":[2392,2375,2363],"product_tag":[],"class_list":{"0":"post-47651","1":"product","2":"type-product","3":"status-publish","4":"has-post-thumbnail","6":"product_cat-kaikki-luokat","7":"product_cat-kasvitunnisteet","8":"product_cat-puutarhatarvikkeet","10":"first","11":"instock","12":"taxable","13":"shipping-taxable","14":"purchasable","15":"product-type-simple"},"ct_brands":[],"acf":[],"_links":{"self":[{"href":"https:\/\/agrozone.ee\/fi\/wp-json\/wp\/v2\/product\/47651","targetHints":{"allow":["GET"]}}],"collection":[{"href":"https:\/\/agrozone.ee\/fi\/wp-json\/wp\/v2\/product"}],"about":[{"href":"https:\/\/agrozone.ee\/fi\/wp-json\/wp\/v2\/types\/product"}],"wp:featuredmedia":[{"embeddable":true,"href":"https:\/\/agrozone.ee\/fi\/wp-json\/wp\/v2\/media\/47336"}],"wp:attachment":[{"href":"https:\/\/agrozone.ee\/fi\/wp-json\/wp\/v2\/media?parent=47651"}],"wp:term":[{"taxonomy":"product_brand","embeddable":true,"href":"https:\/\/agrozone.ee\/fi\/wp-json\/wp\/v2\/product_brand?post=47651"},{"taxonomy":"product_cat","embeddable":true,"href":"https:\/\/agrozone.ee\/fi\/wp-json\/wp\/v2\/product_cat?post=47651"},{"taxonomy":"product_tag","embeddable":true,"href":"https:\/\/agrozone.ee\/fi\/wp-json\/wp\/v2\/product_tag?post=47651"}],"curies":[{"name":"wp","href":"https:\/\/api.w.org\/{rel}","templated":true}]}}