{"id":47653,"date":"2024-06-09T15:50:12","date_gmt":"2024-06-09T12:50:12","guid":{"rendered":"https:\/\/agrozone.ee\/toode\/tukikeppi-bambu-12m\/"},"modified":"2025-12-09T09:41:13","modified_gmt":"2025-12-09T07:41:13","slug":"tukikeppi-bambu-12m","status":"publish","type":"product","link":"https:\/\/agrozone.ee\/fi\/tuote\/tukikeppi-bambu-12m\/","title":{"rendered":"Tukikeppi bambu 1,2m"},"content":{"rendered":"<p>Bambustuet k\u00e4ytet\u00e4\u00e4n apuv\u00e4lineen\u00e4 kasvien tukemiseen ja kasvisuojien asennukseen.<\/p>\n<p>\u00d8 10-12 mm 3 kpl\/setti<\/p>\n<p>&nbsp;<\/p>\n<h3>K\u00e4ytt\u00f6ohjeet<\/h3>\n<p>Bambusta valmistettu kasvituki kasvien tukemiseen on vahva, kevyt ja kest\u00e4v\u00e4. Sopii kasveille ja ymp\u00e4rist\u00f6lle. <\/p>\n","protected":false},"excerpt":{"rendered":"<p>Bambustuet k\u00e4ytet\u00e4\u00e4n apuv\u00e4lineen\u00e4 kasvien tukemiseen ja kasvisuojien asennukseen.<\/p>\n<p>\u00d8 10-12 mm 3 kpl\/setti<\/p>\n","protected":false},"featured_media":44919,"template":"","meta":{"_acf_changed":false,"_seopress_robots_primary_cat":"none","_seopress_titles_title":"","_seopress_titles_desc":"","_seopress_robots_index":"","_gspb_post_css":""},"product_brand":[],"product_cat":[2392,2363,2376],"product_tag":[],"class_list":{"0":"post-47653","1":"product","2":"type-product","3":"status-publish","4":"has-post-thumbnail","6":"product_cat-kaikki-luokat","7":"product_cat-puutarhatarvikkeet","8":"product_cat-kasvitukia","9":"product_shipping_class-ei-mahdu-automaattiin","11":"first","12":"instock","13":"taxable","14":"shipping-taxable","15":"purchasable","16":"product-type-simple"},"ct_brands":[],"acf":[],"_links":{"self":[{"href":"https:\/\/agrozone.ee\/fi\/wp-json\/wp\/v2\/product\/47653","targetHints":{"allow":["GET"]}}],"collection":[{"href":"https:\/\/agrozone.ee\/fi\/wp-json\/wp\/v2\/product"}],"about":[{"href":"https:\/\/agrozone.ee\/fi\/wp-json\/wp\/v2\/types\/product"}],"wp:featuredmedia":[{"embeddable":true,"href":"https:\/\/agrozone.ee\/fi\/wp-json\/wp\/v2\/media\/44919"}],"wp:attachment":[{"href":"https:\/\/agrozone.ee\/fi\/wp-json\/wp\/v2\/media?parent=47653"}],"wp:term":[{"taxonomy":"product_brand","embeddable":true,"href":"https:\/\/agrozone.ee\/fi\/wp-json\/wp\/v2\/product_brand?post=47653"},{"taxonomy":"product_cat","embeddable":true,"href":"https:\/\/agrozone.ee\/fi\/wp-json\/wp\/v2\/product_cat?post=47653"},{"taxonomy":"product_tag","embeddable":true,"href":"https:\/\/agrozone.ee\/fi\/wp-json\/wp\/v2\/product_tag?post=47653"}],"curies":[{"name":"wp","href":"https:\/\/api.w.org\/{rel}","templated":true}]}}