{"id":47656,"date":"2024-06-09T15:50:11","date_gmt":"2024-06-09T12:50:11","guid":{"rendered":"https:\/\/agrozone.ee\/toode\/kukkanurmikko-1-kg\/"},"modified":"2025-05-24T06:19:20","modified_gmt":"2025-05-24T04:19:20","slug":"kukkanurmikko-1-kg","status":"publish","type":"product","link":"https:\/\/agrozone.ee\/fi\/tuote\/kukkanurmikko-1-kg\/","title":{"rendered":"Kukkanurmikko 1 kg"},"content":{"rendered":"<p><strong>Kukkanurmikko 1 kg<\/strong><\/p>\n<ul>\n<li>Kukkasiemenseos koostuu erilaisista yksivuotisista kes\u00e4kukista.<\/li>\n<li>Kaunis kukkaniitty, joka kukkii pitk\u00e4\u00e4n ja tarjoaa monipuolisen ja v\u00e4rikk\u00e4\u00e4n kukkaniityn koko kes\u00e4ksi.<\/li>\n<\/ul>\n<p><strong>Siemenseoksen koostumus:<\/strong><\/p>\n<ul>\n<li>Aurinkosiipi Helipterum roseum;<\/li>\n<li>kes\u00e4adonis, punainen Adonis <span style=\"font-size: 16px;\">aestivalis;<\/span><\/li>\n<li>Pallop\u00e4\u00e4gilja, Gilia capitata;<\/li>\n<li>kaliforniantuliunikko, Eschscholzia californica;<\/li>\n<li>2 lajiketta keh\u00e4kukkaa, Calendula <span style=\"font-size: 16px;\">officinalis;<\/span><\/li>\n<li>ruiskukka, Centaurea cyanus;<\/li>\n<li>kolmiv\u00e4rinen kiertokukkia, Convolvulus tricolor;<\/li>\n<li>Komea clarkia, Clarkia elegans;<\/li>\n<li>sulavarakko, Cynoglossum amabile;<\/li>\n<li>keh\u00e4krysanteemi, Chrysanthemum carinatum;<\/li>\n<li>2 lajiketta kaunista harsokukkaa, Gypsophila elegans;<\/li>\n<li>kitker\u00e4 iiris, Iberis coronaria;<\/li>\n<li>sarjakierukkapensas, Iberis umbellata;<\/li>\n<li>turkinneito, Nigella damascena;<\/li>\n<li>Jalokukkonen, Godetia hybrida;<\/li>\n<li>unikko, Papaver rhoeas.<\/li>\n<\/ul>\n<h3>K\u00e4ytt\u00f6ohjeet<\/h3>\n<ul>\n<li>Kylv\u00f6m\u00e4\u00e4r\u00e4: 1 kg 300-500 m\u00b2.<\/li>\n<li>Kylv\u00f6aika: huhtikuun puoliv\u00e4list\u00e4 kes\u00e4kuun alkuun suoraan avomaalle.<\/li>\n<li>Kylv\u00f6syvyys: 0-1 cm.<\/li>\n<li>Kasvien korkeus: 50-70 cm.<\/li>\n<li>Kukinta: ensimm\u00e4iset kukat noin 8 viikon kuluttua kylv\u00f6st\u00e4. <\/li>\n<li>Kukinta jatkuu pakkasiin asti.<\/li>\n<\/ul>\n","protected":false},"excerpt":{"rendered":"<ul>\n<li>Kukkasiemenseos koostuu erilaisista yksivuotisista kes\u00e4kukista.<\/li>\n<li>Kaunis kukkaniitty, joka kukkii pitk\u00e4\u00e4n ja tarjoaa monipuolisen ja v\u00e4rikk\u00e4\u00e4n kukkaniityn koko kes\u00e4ksi.<\/li>\n<\/ul>\n","protected":false},"featured_media":44911,"template":"","meta":{"_acf_changed":false,"_seopress_robots_primary_cat":"none","_seopress_titles_title":"","_seopress_titles_desc":"Kukkanurmikko 1 kg - Kukkasiemenseos koostuu yksivuotisista kes\u00e4kukista, jotka kukkivat pitk\u00e4\u00e4n ja tarjoavat monipuolisen ja v\u00e4rikk\u00e4\u00e4n kukkaniityn koko kes\u00e4ksi.","_seopress_robots_index":"","_gspb_post_css":""},"product_brand":[],"product_cat":[2392,2427,2423,2399],"product_tag":[],"class_list":{"0":"post-47656","1":"product","2":"type-product","3":"status-publish","4":"has-post-thumbnail","6":"product_cat-kaikki-luokat","7":"product_cat-kukkien-siemensekoitukset","8":"product_cat-kukkien-siemenet","9":"product_cat-siemenet","11":"first","12":"instock","13":"taxable","14":"shipping-taxable","15":"purchasable","16":"product-type-simple"},"ct_brands":[],"acf":[],"_links":{"self":[{"href":"https:\/\/agrozone.ee\/fi\/wp-json\/wp\/v2\/product\/47656","targetHints":{"allow":["GET"]}}],"collection":[{"href":"https:\/\/agrozone.ee\/fi\/wp-json\/wp\/v2\/product"}],"about":[{"href":"https:\/\/agrozone.ee\/fi\/wp-json\/wp\/v2\/types\/product"}],"wp:featuredmedia":[{"embeddable":true,"href":"https:\/\/agrozone.ee\/fi\/wp-json\/wp\/v2\/media\/44911"}],"wp:attachment":[{"href":"https:\/\/agrozone.ee\/fi\/wp-json\/wp\/v2\/media?parent=47656"}],"wp:term":[{"taxonomy":"product_brand","embeddable":true,"href":"https:\/\/agrozone.ee\/fi\/wp-json\/wp\/v2\/product_brand?post=47656"},{"taxonomy":"product_cat","embeddable":true,"href":"https:\/\/agrozone.ee\/fi\/wp-json\/wp\/v2\/product_cat?post=47656"},{"taxonomy":"product_tag","embeddable":true,"href":"https:\/\/agrozone.ee\/fi\/wp-json\/wp\/v2\/product_tag?post=47656"}],"curies":[{"name":"wp","href":"https:\/\/api.w.org\/{rel}","templated":true}]}}