{"id":47657,"date":"2024-06-09T15:50:11","date_gmt":"2024-06-09T12:50:11","guid":{"rendered":"https:\/\/agrozone.ee\/toode\/tien-siemenseos-road-20kg\/"},"modified":"2025-12-09T09:41:10","modified_gmt":"2025-12-09T07:41:10","slug":"tien-siemenseos-road-20kg","status":"publish","type":"product","link":"https:\/\/agrozone.ee\/fi\/tuote\/tien-siemenseos-road-20kg\/","title":{"rendered":"Tien siemenseos ROAD 20kg"},"content":{"rendered":"<p>Maisemointiseos on nurmikon siemenseos nurmikon perustamiseen tienvarsille, rinteille, viheralueille, puistoihin ja puiden alle.<\/p>\n<p>&nbsp;<\/p>\n<h3>K\u00e4ytt\u00f6ohjeet<\/h3>\n<p>Seos koostuu v\u00e4h\u00e4\u00e4n vaativista nurmikasvilajeista, jotka kasvavat hyvin v\u00e4h\u00e4ravinteisilla kasvupaikoilla (hiekkamaat), ovat eritt\u00e4in kuivuudenkest\u00e4vi\u00e4, kest\u00e4v\u00e4t kovaa kulutusta, matalaa leikkaamista ja puolivarjoisia kasvupaikkoja. 1 kg = 50 m\u00b2. <\/p>\n","protected":false},"excerpt":{"rendered":"<p>Maisemointiseos on nurmikon siemenseos nurmikon perustamiseen tienvarsille, rinteille, viheralueille, puistoihin ja puiden alle.<\/p>\n","protected":false},"featured_media":44910,"template":"","meta":{"_acf_changed":false,"_seopress_robots_primary_cat":"none","_seopress_titles_title":"","_seopress_titles_desc":"","_seopress_robots_index":"","_gspb_post_css":""},"product_brand":[],"product_cat":[2392,2445,2399],"product_tag":[],"class_list":{"0":"post-47657","1":"product","2":"type-product","3":"status-publish","4":"has-post-thumbnail","6":"product_cat-kaikki-luokat","7":"product_cat-nurmikonsiemenet","8":"product_cat-siemenet","9":"product_shipping_class-ei-mahdu-automaattiin","11":"first","12":"instock","13":"taxable","14":"shipping-taxable","15":"purchasable","16":"product-type-simple"},"ct_brands":[],"acf":[],"_links":{"self":[{"href":"https:\/\/agrozone.ee\/fi\/wp-json\/wp\/v2\/product\/47657","targetHints":{"allow":["GET"]}}],"collection":[{"href":"https:\/\/agrozone.ee\/fi\/wp-json\/wp\/v2\/product"}],"about":[{"href":"https:\/\/agrozone.ee\/fi\/wp-json\/wp\/v2\/types\/product"}],"wp:featuredmedia":[{"embeddable":true,"href":"https:\/\/agrozone.ee\/fi\/wp-json\/wp\/v2\/media\/44910"}],"wp:attachment":[{"href":"https:\/\/agrozone.ee\/fi\/wp-json\/wp\/v2\/media?parent=47657"}],"wp:term":[{"taxonomy":"product_brand","embeddable":true,"href":"https:\/\/agrozone.ee\/fi\/wp-json\/wp\/v2\/product_brand?post=47657"},{"taxonomy":"product_cat","embeddable":true,"href":"https:\/\/agrozone.ee\/fi\/wp-json\/wp\/v2\/product_cat?post=47657"},{"taxonomy":"product_tag","embeddable":true,"href":"https:\/\/agrozone.ee\/fi\/wp-json\/wp\/v2\/product_tag?post=47657"}],"curies":[{"name":"wp","href":"https:\/\/api.w.org\/{rel}","templated":true}]}}