{"id":47658,"date":"2024-06-09T15:50:12","date_gmt":"2024-06-09T12:50:12","guid":{"rendered":"https:\/\/agrozone.ee\/toode\/akkukayttoinen-puutarharuisku-magy-2l\/"},"modified":"2026-02-05T13:25:05","modified_gmt":"2026-02-05T11:25:05","slug":"akkukayttoinen-puutarharuisku-magy-2l","status":"publish","type":"product","link":"https:\/\/agrozone.ee\/fi\/tuote\/akkukayttoinen-puutarharuisku-magy-2l\/","title":{"rendered":"Akkuk\u00e4ytt\u00f6inen puutarharuisku Magy 2l"},"content":{"rendered":"<p>Akkuk\u00e4ytt\u00f6inen puutarharuisku Magy 2 l soveltuu vesiliukoisten valmisteiden ja jauheiden ruiskuttamiseen. Ruiskuun on asennettu ladattava litiumakku. <\/p>\n<p>&nbsp;<\/p>\n<h3>K\u00e4ytt\u00f6ohjeet<\/h3>\n<p>Paineen voimakkuus min. 1,6 bar \/ enint\u00e4\u00e4n 2 bar. K\u00e4ytt\u00f6aika yhdell\u00e4 latauksella noin 45 minuuttia. Latausaika 2 tuntia.  <\/p>\n","protected":false},"excerpt":{"rendered":"<p>Akkuk\u00e4ytt\u00f6inen puutarharuisku Magy 2 l soveltuu vesiliukoisten valmisteiden ja jauheiden ruiskuttamiseen. Ruiskuun on asennettu ladattava litiumakku. <\/p>\n","protected":false},"featured_media":56573,"template":"","meta":{"_acf_changed":false,"_seopress_robots_primary_cat":"none","_seopress_titles_title":"","_seopress_titles_desc":"","_seopress_robots_index":"","_gspb_post_css":""},"product_brand":[],"product_cat":[2392,2363,2374],"product_tag":[],"class_list":{"0":"post-47658","1":"product","2":"type-product","3":"status-publish","4":"has-post-thumbnail","6":"product_cat-kaikki-luokat","7":"product_cat-puutarhatarvikkeet","8":"product_cat-ruiskut","10":"first","11":"instock","12":"taxable","13":"shipping-taxable","14":"purchasable","15":"product-type-simple"},"ct_brands":[],"acf":[],"_links":{"self":[{"href":"https:\/\/agrozone.ee\/fi\/wp-json\/wp\/v2\/product\/47658","targetHints":{"allow":["GET"]}}],"collection":[{"href":"https:\/\/agrozone.ee\/fi\/wp-json\/wp\/v2\/product"}],"about":[{"href":"https:\/\/agrozone.ee\/fi\/wp-json\/wp\/v2\/types\/product"}],"wp:featuredmedia":[{"embeddable":true,"href":"https:\/\/agrozone.ee\/fi\/wp-json\/wp\/v2\/media\/56573"}],"wp:attachment":[{"href":"https:\/\/agrozone.ee\/fi\/wp-json\/wp\/v2\/media?parent=47658"}],"wp:term":[{"taxonomy":"product_brand","embeddable":true,"href":"https:\/\/agrozone.ee\/fi\/wp-json\/wp\/v2\/product_brand?post=47658"},{"taxonomy":"product_cat","embeddable":true,"href":"https:\/\/agrozone.ee\/fi\/wp-json\/wp\/v2\/product_cat?post=47658"},{"taxonomy":"product_tag","embeddable":true,"href":"https:\/\/agrozone.ee\/fi\/wp-json\/wp\/v2\/product_tag?post=47658"}],"curies":[{"name":"wp","href":"https:\/\/api.w.org\/{rel}","templated":true}]}}