{"id":4766,"date":"2024-06-09T16:07:12","date_gmt":"2024-06-09T13:07:12","guid":{"rendered":"https:\/\/agrozone.ee\/?post_type=product&#038;p=4766"},"modified":"2026-04-06T08:31:11","modified_gmt":"2026-04-06T06:31:11","slug":"valge-peakapsas-brunswick","status":"publish","type":"product","link":"https:\/\/agrozone.ee\/fi\/tuote\/valge-peakapsas-brunswick\/","title":{"rendered":"Valge peakapsas BRUNSWICK"},"content":{"rendered":"<ul>\n<li>Valge peakapsas BRUNSWICK keskmise hilisusega sort.<\/li>\n<li>Koristatakse 120-130 p\u00e4eva p\u00e4rast istutamist.<\/li>\n<li>Pead on k\u00f5vad ja kaaluvad umbes 2,5-3,5 kg.<\/li>\n<li>V\u00e4ga hea maitse, k\u00f5rge suhkru- ja vitamiinisisalduse t\u00f5ttu\u00a0 soovitatakse marinaadide valmistamiseks.<\/li>\n<\/ul>\n<h3>Kasutusjuhend<\/h3>\n<ul>\n<li><strong>Kogus pakendis:<\/strong> 1 g<\/li>\n<li><strong>Saak:<\/strong> VIII-IX<\/li>\n<li><strong>P\u00e4ikeseline koht:<\/strong> Jah<\/li>\n<li><strong>K\u00fclviaeg:<\/strong> III-IV, 1 cm<\/li>\n<li><strong>Tootja:<\/strong> Agronom<\/li>\n<li><strong>Vahekaugused, cm:<\/strong> IV-V, 50-60&#215;35 cm<\/li>\n<\/ul>\n","protected":false},"excerpt":{"rendered":"<ul>\n<li>Valge peakapsas BRUNSWICK keskmise hilisusega sort.<\/li>\n<li>Koristatakse 120-130 p\u00e4eva p\u00e4rast istutamist.<\/li>\n<li>Pead on k\u00f5vad ja kaaluvad umbes 2,5-3,5 kg.<\/li>\n<li>V\u00e4ga hea maitse, k\u00f5rge suhkru- ja vitamiinisisalduse t\u00f5ttu\u00a0 soovitatakse marinaadide valmistamiseks.<\/li>\n<\/ul>\n","protected":false},"featured_media":4830,"template":"","meta":{"_acf_changed":false,"_seopress_robots_primary_cat":"","_seopress_titles_title":"","_seopress_titles_desc":"Valge peakapsas keskmise hilisusega sort. K\u00f5rge suhkru- ja vitamiinisisalduse t\u00f5ttu\u00a0 soovitatakse marinaadide valmistamiseks.","_seopress_robots_index":"","_gspb_post_css":""},"product_brand":[],"product_cat":[356,15,88,87],"product_tag":[],"class_list":{"0":"post-4766","1":"product","2":"type-product","3":"status-publish","4":"has-post-thumbnail","6":"product_cat-kapsas","7":"product_cat-koik-kategooriad","8":"product_cat-koogiviljaseemned","9":"product_cat-seemned","11":"first","12":"instock","13":"taxable","14":"shipping-taxable","15":"purchasable","16":"product-type-simple"},"ct_brands":[],"acf":[],"_links":{"self":[{"href":"https:\/\/agrozone.ee\/fi\/wp-json\/wp\/v2\/product\/4766","targetHints":{"allow":["GET"]}}],"collection":[{"href":"https:\/\/agrozone.ee\/fi\/wp-json\/wp\/v2\/product"}],"about":[{"href":"https:\/\/agrozone.ee\/fi\/wp-json\/wp\/v2\/types\/product"}],"wp:featuredmedia":[{"embeddable":true,"href":"https:\/\/agrozone.ee\/fi\/wp-json\/wp\/v2\/media\/4830"}],"wp:attachment":[{"href":"https:\/\/agrozone.ee\/fi\/wp-json\/wp\/v2\/media?parent=4766"}],"wp:term":[{"taxonomy":"product_brand","embeddable":true,"href":"https:\/\/agrozone.ee\/fi\/wp-json\/wp\/v2\/product_brand?post=4766"},{"taxonomy":"product_cat","embeddable":true,"href":"https:\/\/agrozone.ee\/fi\/wp-json\/wp\/v2\/product_cat?post=4766"},{"taxonomy":"product_tag","embeddable":true,"href":"https:\/\/agrozone.ee\/fi\/wp-json\/wp\/v2\/product_tag?post=4766"}],"curies":[{"name":"wp","href":"https:\/\/api.w.org\/{rel}","templated":true}]}}