{"id":4767,"date":"2024-06-09T16:07:12","date_gmt":"2024-06-09T13:07:12","guid":{"rendered":"https:\/\/agrozone.ee\/?post_type=product&#038;p=4767"},"modified":"2026-04-05T17:37:24","modified_gmt":"2026-04-05T15:37:24","slug":"vurtspaprika-de-cayenne","status":"publish","type":"product","link":"https:\/\/agrozone.ee\/fi\/tuote\/vurtspaprika-de-cayenne\/","title":{"rendered":"V\u00fcrtspaprika DE CAYENNE"},"content":{"rendered":"<ul>\n<li>Keskmine varajane t\u0161illipaprika sort.<\/li>\n<li>Viljad on piklikud, teravad, k\u00fcpsedes tumepunased, v\u00fcrtsikad, kaaluvad 25-30 g.<\/li>\n<li>Kasutatakse v\u00fcrtsina.<\/li>\n<li>\u00dcks taim annab 20-25 vilja.<\/li>\n<\/ul>\n<h3>Kasutusjuhend<\/h3>\n<ul>\n<li><strong>Kogus pakendis:<\/strong> 0,2g<\/li>\n<li><strong>Saak:<\/strong> VI-VIII<\/li>\n<li><strong>K\u00fclviaeg mulda:<\/strong> II-III, 2 cm<\/li>\n<li><strong>Tootja:<\/strong> Agronom<\/li>\n<\/ul>\n","protected":false},"excerpt":{"rendered":"<ul>\n<li>Keskmine varajane t\u0161illipaprika sort.<\/li>\n<li>Viljad on piklikud, teravad, k\u00fcpsedes tumepunased, v\u00fcrtsikad, kaaluvad 25-30 g.<\/li>\n<li>Kasutatakse v\u00fcrtsina.<\/li>\n<li>\u00dcks taim annab 20-25 vilja.<\/li>\n<\/ul>\n","protected":false},"featured_media":4831,"template":"","meta":{"_acf_changed":false,"_seopress_robots_primary_cat":"","_seopress_titles_title":"","_seopress_titles_desc":"Keskmine varajane t\u0161illipaprika sort. Viljad on piklikud, teravad, k\u00fcpsedes tumepunased, v\u00fcrtsikad, kaaluvad 25-30 g. Kasutatakse v\u00fcrtsina.","_seopress_robots_index":"","_gspb_post_css":""},"product_brand":[],"product_cat":[15,88,369,87],"product_tag":[],"class_list":{"0":"post-4767","1":"product","2":"type-product","3":"status-publish","4":"has-post-thumbnail","6":"product_cat-koik-kategooriad","7":"product_cat-koogiviljaseemned","8":"product_cat-paprika-tsillipaprika","9":"product_cat-seemned","11":"first","12":"instock","13":"sale","14":"taxable","15":"shipping-taxable","16":"purchasable","17":"product-type-simple"},"ct_brands":[],"acf":[],"_links":{"self":[{"href":"https:\/\/agrozone.ee\/fi\/wp-json\/wp\/v2\/product\/4767","targetHints":{"allow":["GET"]}}],"collection":[{"href":"https:\/\/agrozone.ee\/fi\/wp-json\/wp\/v2\/product"}],"about":[{"href":"https:\/\/agrozone.ee\/fi\/wp-json\/wp\/v2\/types\/product"}],"wp:featuredmedia":[{"embeddable":true,"href":"https:\/\/agrozone.ee\/fi\/wp-json\/wp\/v2\/media\/4831"}],"wp:attachment":[{"href":"https:\/\/agrozone.ee\/fi\/wp-json\/wp\/v2\/media?parent=4767"}],"wp:term":[{"taxonomy":"product_brand","embeddable":true,"href":"https:\/\/agrozone.ee\/fi\/wp-json\/wp\/v2\/product_brand?post=4767"},{"taxonomy":"product_cat","embeddable":true,"href":"https:\/\/agrozone.ee\/fi\/wp-json\/wp\/v2\/product_cat?post=4767"},{"taxonomy":"product_tag","embeddable":true,"href":"https:\/\/agrozone.ee\/fi\/wp-json\/wp\/v2\/product_tag?post=4767"}],"curies":[{"name":"wp","href":"https:\/\/api.w.org\/{rel}","templated":true}]}}