{"id":4768,"date":"2024-06-09T16:07:12","date_gmt":"2024-06-09T13:07:12","guid":{"rendered":"https:\/\/agrozone.ee\/?post_type=product&#038;p=4768"},"modified":"2025-06-15T00:39:23","modified_gmt":"2025-06-14T22:39:23","slug":"patisson-disco","status":"publish","type":"product","link":"https:\/\/agrozone.ee\/fi\/tuote\/patisson-disco\/","title":{"rendered":"Patisson DISCO"},"content":{"rendered":"<ul>\n<li>Patisson DISCO on keskmise varajase p\u00f5\u00f5sa sort.<\/li>\n<li>Vilja kuju on taldrikujuline.<\/li>\n<li>Viljaliha on valge ja maitseb paremini kui arti\u0161okk v\u00f5i suvik\u00f5rvits.<\/li>\n<li>Maitse on m\u00f5nusalt noore seene ja kurgi maitsega.<\/li>\n<li>Soovitatav on istutada seemikud varasema saagi saamiseks.<\/li>\n<\/ul>\n<h3>Kasutusjuhend<\/h3>\n<ul>\n<li><strong>Kogus pakendis:<\/strong> 2g<\/li>\n<li><strong>Saak:<\/strong> VII-IX<\/li>\n<li><strong>K\u00fclviaeg mulda:<\/strong> IV, 3-4 cm s\u00fcgavusele<\/li>\n<li><strong>Tootja:<\/strong> Agronom<\/li>\n<\/ul>\n","protected":false},"excerpt":{"rendered":"<ul>\n<li>Patisson DISCO on keskmise varajase p\u00f5\u00f5sa sort.<\/li>\n<li>Vilja kuju on taldrikujuline.<\/li>\n<li>Viljaliha on valge ja maitseb paremini kui arti\u0161okk v\u00f5i suvik\u00f5rvits.<\/li>\n<li>Maitse on m\u00f5nusalt noore seene ja kurgi maitsega.<\/li>\n<\/ul>\n","protected":false},"featured_media":4832,"template":"","meta":{"_acf_changed":false,"_seopress_robots_primary_cat":"","_seopress_titles_title":"","_seopress_titles_desc":"Patisson DISCO on keskmise varajase p\u00f5\u00f5sa sort. Vilja kuju on taldrikujuline. Viljaliha on valge ja maitseb paremini kui arti\u0161okk v\u00f5i suvik\u00f5rvits.","_seopress_robots_index":"","_gspb_post_css":""},"product_brand":[],"product_cat":[15,88,351,87],"product_tag":[],"class_list":{"0":"post-4768","1":"product","2":"type-product","3":"status-publish","4":"has-post-thumbnail","6":"product_cat-koik-kategooriad","7":"product_cat-koogiviljaseemned","8":"product_cat-korvits-suvikorvits","9":"product_cat-seemned","11":"first","12":"instock","13":"sale","14":"taxable","15":"shipping-taxable","16":"purchasable","17":"product-type-simple"},"ct_brands":[],"acf":[],"_links":{"self":[{"href":"https:\/\/agrozone.ee\/fi\/wp-json\/wp\/v2\/product\/4768","targetHints":{"allow":["GET"]}}],"collection":[{"href":"https:\/\/agrozone.ee\/fi\/wp-json\/wp\/v2\/product"}],"about":[{"href":"https:\/\/agrozone.ee\/fi\/wp-json\/wp\/v2\/types\/product"}],"wp:featuredmedia":[{"embeddable":true,"href":"https:\/\/agrozone.ee\/fi\/wp-json\/wp\/v2\/media\/4832"}],"wp:attachment":[{"href":"https:\/\/agrozone.ee\/fi\/wp-json\/wp\/v2\/media?parent=4768"}],"wp:term":[{"taxonomy":"product_brand","embeddable":true,"href":"https:\/\/agrozone.ee\/fi\/wp-json\/wp\/v2\/product_brand?post=4768"},{"taxonomy":"product_cat","embeddable":true,"href":"https:\/\/agrozone.ee\/fi\/wp-json\/wp\/v2\/product_cat?post=4768"},{"taxonomy":"product_tag","embeddable":true,"href":"https:\/\/agrozone.ee\/fi\/wp-json\/wp\/v2\/product_tag?post=4768"}],"curies":[{"name":"wp","href":"https:\/\/api.w.org\/{rel}","templated":true}]}}