{"id":47701,"date":"2025-03-11T09:22:33","date_gmt":"2025-03-11T07:22:33","guid":{"rendered":"https:\/\/agrozone.ee\/?post_type=product&#038;p=47701"},"modified":"2025-04-08T07:05:58","modified_gmt":"2025-04-08T05:05:58","slug":"sininen-hyonteisliimapyydys-tehokas-suoja-tuholaisia-vastaan","status":"publish","type":"product","link":"https:\/\/agrozone.ee\/fi\/tuote\/sininen-hyonteisliimapyydys-tehokas-suoja-tuholaisia-vastaan\/","title":{"rendered":"Sininen hy\u00f6nteisliimapyydys \u2013 tehokas suoja tuholaisia vastaan"},"content":{"rendered":"<p>Hy\u00f6nteisten ekologinen ja tehokas torjuntamenetelm\u00e4 koristekasveilla, hedelm\u00e4puilla ja vihanneksilla kasvihuoneessa ja ulkona.<\/p>\n<p>Liima-ansan sininen v\u00e4ri houkuttelee tuholaisia, kuten kalifornianripsi\u00e4ist\u00e4 (Frankliniella occidentalis) ja tupakkaripsi\u00e4ist\u00e4 (Thrips tabaci), jotka tarttuvat kasveille vaarattomaan entomologiseen liimaan.<\/p>\n<p>Vahvasti tarttuva liimapinta mahdollistaa my\u00f6s hyvin kevyiden tuholaisten tarttumisen. Laadukas liima on pitk\u00e4ik\u00e4inen ja kest\u00e4v\u00e4 l\u00e4mp\u00f6tilan ja kosteuden vaihteluille. Sade ei huuhtele sit\u00e4 pois, eik\u00e4 liima sula.  <\/p>\n<p>Liima-ansat on suojattu silikonipaperilla, joka poistetaan liima-ansan ripustamisen j\u00e4lkeen. Sarjan mukana tulevat langat mahdollistavat helpon asennuksen. <\/p>\n<p><strong>TESTATTU TEHOKKUUS:<\/strong> Teknologisesti uusi tuote on luotu vuosien pitk\u00e4j\u00e4nteisen ja todetun testauksen tuloksena. Tuotteen tehokkuus on testattu ja vahvistettu tieteellisiss\u00e4 laboratorioissa. <\/p>\n<p><strong>K\u00c4YTT\u00d6:<\/strong> K\u00e4yt\u00e4 liima-ansoja kasvukauden alusta loppuun, helmikuusta lokakuuhun. Aseta liima-ansa kasvien tai puunoksien l\u00e4helle, mutta v\u00e4lt\u00e4 liima-ansojen kiinnittymist\u00e4 kasvin lehtiin tai oksiin. Vaihda liima-ansa, kun ansan liimaosa on tuholaisten peitossa.  <\/p>\n<p>Annostelu. Ripusta tasaisesti 20\u201324 sinist\u00e4 liima-ansaa 100 m\u00b2:n kokoiseen kasvihuoneeseen tai puutarhaan. <\/p>\n<p>Poista liima-ansat hedelm\u00e4puiden kukinnan ajaksi, jotta mehil\u00e4iset eiv\u00e4t tarttuisi niihin.<\/p>\n<p><strong>VARASTOINTI:<\/strong> S\u00e4ilyt\u00e4 alkuper\u00e4ispakkauksessa kuivassa ja hyvin ilmastoidussa paikassa huoneenl\u00e4mm\u00f6ss\u00e4. Pid\u00e4 poissa lasten ja lemmikkiel\u00e4inten ulottuvilta. Lue k\u00e4ytt\u00f6ohje ennen k\u00e4ytt\u00f6\u00e4. Pese k\u00e4det huolellisesti k\u00e4yt\u00f6n j\u00e4lkeen. H\u00e4vit\u00e4 sis\u00e4lt\u00f6 paikallisten m\u00e4\u00e4r\u00e4ysten mukaisesti.    <\/p>\n","protected":false},"excerpt":{"rendered":"<ul>\n<li>PITK\u00c4VAIKUTTEINEN LIIMA \/ HELPPO K\u00c4YTT\u00c4\u00c4<\/li>\n<li>SARJA SIS\u00c4LT\u00c4\u00c4 RIPUSTUSLANGAT<\/li>\n<li>10 ARKKIA<\/li>\n<\/ul>\n","protected":false},"featured_media":56929,"template":"","meta":{"_acf_changed":false,"_seopress_robots_primary_cat":"none","_seopress_titles_title":"","_seopress_titles_desc":"","_seopress_robots_index":"","_gspb_post_css":""},"product_brand":[],"product_cat":[2392,2361,2356,2360],"product_tag":[2805,2801,2807,2806,2809,2808,2751,2804,2802,2803],"class_list":{"0":"post-47701","1":"product","2":"type-product","3":"status-publish","4":"has-post-thumbnail","6":"product_cat-kaikki-luokat","7":"product_cat-kasvinsuojeluaineet","8":"product_cat-puutarhan-ja-kasvien-suojelu","9":"product_cat-kasvintuholaisten-torjunta","10":"product_tag-harsosaasket","11":"product_tag-hyonteisten-liima-ansa","12":"product_tag-kasvihuone","13":"product_tag-kukkakarsakkaat","14":"product_tag-kurkut","15":"product_tag-mansikat","16":"product_tag-puutarha","17":"product_tag-ripsiaiset","18":"product_tag-sininen-liima-ansa","19":"product_tag-tuholaistorjunta","21":"first","22":"instock","23":"featured","24":"taxable","25":"shipping-taxable","26":"purchasable","27":"product-type-simple"},"ct_brands":[],"acf":[],"_links":{"self":[{"href":"https:\/\/agrozone.ee\/fi\/wp-json\/wp\/v2\/product\/47701","targetHints":{"allow":["GET"]}}],"collection":[{"href":"https:\/\/agrozone.ee\/fi\/wp-json\/wp\/v2\/product"}],"about":[{"href":"https:\/\/agrozone.ee\/fi\/wp-json\/wp\/v2\/types\/product"}],"wp:featuredmedia":[{"embeddable":true,"href":"https:\/\/agrozone.ee\/fi\/wp-json\/wp\/v2\/media\/56929"}],"wp:attachment":[{"href":"https:\/\/agrozone.ee\/fi\/wp-json\/wp\/v2\/media?parent=47701"}],"wp:term":[{"taxonomy":"product_brand","embeddable":true,"href":"https:\/\/agrozone.ee\/fi\/wp-json\/wp\/v2\/product_brand?post=47701"},{"taxonomy":"product_cat","embeddable":true,"href":"https:\/\/agrozone.ee\/fi\/wp-json\/wp\/v2\/product_cat?post=47701"},{"taxonomy":"product_tag","embeddable":true,"href":"https:\/\/agrozone.ee\/fi\/wp-json\/wp\/v2\/product_tag?post=47701"}],"curies":[{"name":"wp","href":"https:\/\/api.w.org\/{rel}","templated":true}]}}