{"id":47711,"date":"2025-03-11T10:00:42","date_gmt":"2025-03-11T08:00:42","guid":{"rendered":"https:\/\/agrozone.ee\/toode\/tehokas-muurahaisten-ja-torakoiden-torjunta-aine-500-ml\/"},"modified":"2025-10-24T08:02:07","modified_gmt":"2025-10-24T06:02:07","slug":"tehokas-muurahaisten-ja-torakoiden-torjunta-aine-500-ml","status":"publish","type":"product","link":"https:\/\/agrozone.ee\/fi\/tuote\/tehokas-muurahaisten-ja-torakoiden-torjunta-aine-500-ml\/","title":{"rendered":"Tehokas muurahaisten ja torakoiden torjunta-aine \u2013 500 ml"},"content":{"rendered":"<p data-sourcepos=\"5:1-5:234\">P\u00e4\u00e4se eroonteisist\u00e4 hy\u00f6nteisist\u00e4 nopeasti ja tehokkaasti eroon kosketus- ja pitk\u00e4vaikutteisella torjunta-aineellamme! T\u00e4m\u00e4 500 ml:n pullo on suunniteltu torjumaan laajaa valikoimaa ry\u00f6mivi\u00e4 ja lent\u00e4vi\u00e4 hy\u00f6nteisi\u00e4, taaten puhtauden ja rauhan kotonasi tai toimistossasi. <\/p>\n<p data-sourcepos=\"7:1-7:22\"><strong>P\u00e4\u00e4ominaisuudet:<\/strong><\/p>\n<ul data-sourcepos=\"9:1-21:0\">\n<li data-sourcepos=\"9:1-11:60\"><strong>Laaja tehoalue:<\/strong>\n<ul data-sourcepos=\"10:5-11:60\">\n<li data-sourcepos=\"10:5-10:183\">Tehokas torakoita (Blattella germanica), muurahaisia (Monomorium pharaonis), k\u00e4rp\u00e4si\u00e4 (Musca domestica), hyttysi\u00e4 (Aedes aegypti) ja muita lent\u00e4vi\u00e4 ja ry\u00f6mivi\u00e4 hy\u00f6nteisi\u00e4 vastaan.<\/li>\n<li data-sourcepos=\"11:5-11:60\">Sopii my\u00f6s koiperhosten, punkkien, hopeakalojen ja t\u00e4iden torjuntaan.<\/li>\n<\/ul>\n<\/li>\n<li data-sourcepos=\"12:1-14:85\"><strong>Pitk\u00e4aikainen suoja:<\/strong>\n<ul data-sourcepos=\"13:5-14:85\">\n<li data-sourcepos=\"13:5-13:71\">Kosketus- ja pitk\u00e4aikainen vaikutus varmistavat, ett\u00e4 hy\u00f6nteiset eiv\u00e4t palaa aivan heti.<\/li>\n<li data-sourcepos=\"14:5-14:85\">Jatkuvaa suojaa varten toista toimenpide 2\u20133 viikon kuluttua tai jokaisen siivouksen j\u00e4lkeen.<\/li>\n<\/ul>\n<\/li>\n<li data-sourcepos=\"15:1-17:139\"><strong>Helppo k\u00e4ytt\u00f6:<\/strong>\n<ul data-sourcepos=\"16:5-17:139\">\n<li data-sourcepos=\"16:5-16:44\">K\u00e4ytt\u00f6valmis liuos, ei vaadi sekoittamista.<\/li>\n<li data-sourcepos=\"17:5-17:139\">Levit\u00e4 huokoisille pinnoille 10 ml\/m\u00b2 (10 suihkausta) tai huokoisille pinnoille 20 ml\/m\u00b2. Betonipinnoille voidaan k\u00e4ytt\u00e4\u00e4 10\u201340 ml\/m\u00b2. <\/li>\n<\/ul>\n<\/li>\n<li data-sourcepos=\"18:1-21:0\"><strong>Turvallinen ja k\u00e4tev\u00e4:<\/strong>\n<ul data-sourcepos=\"19:5-21:0\">\n<li data-sourcepos=\"19:5-19:51\">Valonkest\u00e4v\u00e4 koostumus takaa tuotteen vakauden.<\/li>\n<li data-sourcepos=\"20:5-21:0\">Miellytt\u00e4v\u00e4 tuoksu eik\u00e4 j\u00e4t\u00e4 tahroja pinnoille.<\/li>\n<\/ul>\n<\/li>\n<\/ul>\n<p data-sourcepos=\"22:1-22:18\"><strong>K\u00e4ytt\u00f6ohje:<\/strong><\/p>\n<ol data-sourcepos=\"24:1-27:0\">\n<li data-sourcepos=\"24:1-24:48\">Ravista pulloa hyvin ennen k\u00e4ytt\u00f6\u00e4.<\/li>\n<li data-sourcepos=\"25:1-25:71\">Suihkuta tuotetta tasaisesti hy\u00f6nteisten kulkureiteille ja pesim\u00e4paikoille.<\/li>\n<li data-sourcepos=\"26:1-27:0\">K\u00e4sittele uudelleen tarvittaessa, erityisesti siivouksen j\u00e4lkeen.<\/li>\n<\/ol>\n<p data-sourcepos=\"28:1-28:26\"><strong>Ihanteellinen k\u00e4ytt\u00f6:<\/strong><\/p>\n<ul data-sourcepos=\"30:1-34:0\">\n<li data-sourcepos=\"30:1-30:9\">Kodeissa<\/li>\n<li data-sourcepos=\"31:1-31:12\">Toimistoissa<\/li>\n<li data-sourcepos=\"32:1-32:10\">Varastoissa<\/li>\n<li data-sourcepos=\"33:1-34:0\">Muissa sis\u00e4tiloissa, joissa on hy\u00f6nteisongelmia.<\/li>\n<\/ul>\n<p data-sourcepos=\"35:1-35:11\"><strong>Huomio:<\/strong><\/p>\n<ul data-sourcepos=\"37:1-40:0\">\n<li data-sourcepos=\"37:1-37:55\">S\u00e4ilyt\u00e4 lasten ja lemmikkiel\u00e4inten ulottumattomissa.<\/li>\n<li data-sourcepos=\"38:1-38:42\">V\u00e4lt\u00e4 tuotteen joutumista silmiin ja iholle.<\/li>\n<\/ul>\n<p data-sourcepos=\"41:1-41:63\"><strong>Lis\u00e4\u00e4 ostoskoriisi jo t\u00e4n\u00e4\u00e4n ja nauti hy\u00f6nteisvapaasta ymp\u00e4rist\u00f6st\u00e4!<\/strong><\/p>\n","protected":false},"excerpt":{"rendered":"<p>P\u00e4\u00e4se eroonteisist\u00e4 hy\u00f6nteisist\u00e4 nopeasti ja tehokkaasti eroon kosketus- ja pitk\u00e4vaikutteisella torjunta-aineellamme! T\u00e4m\u00e4 500 ml:n pullo on suunniteltu torjumaan laajaa valikoimaa ry\u00f6mivi\u00e4 ja lent\u00e4vi\u00e4 hy\u00f6nteisi\u00e4, taaten puhtauden ja rauhan kotonasi tai toimistossasi. P\u00e4\u00e4ominaisuudet: Laaja tehoalue: Tehokas torakoita (Blattella germanica), muurahaisia (Monomorium pharaonis), k\u00e4rp\u00e4si\u00e4 (Musca domestica), hyttysi\u00e4 (Aedes aegypti) ja muita lent\u00e4vi\u00e4 ja ry\u00f6mivi\u00e4 hy\u00f6nteisi\u00e4 vastaan. Sopii [&hellip;]<\/p>\n","protected":false},"featured_media":47708,"template":"","meta":{"_acf_changed":false,"_seopress_robots_primary_cat":"none","_seopress_titles_title":"","_seopress_titles_desc":"","_seopress_robots_index":"","_gspb_post_css":""},"product_brand":[],"product_cat":[2392,2356,2360],"product_tag":[],"class_list":{"0":"post-47711","1":"product","2":"type-product","3":"status-publish","4":"has-post-thumbnail","6":"product_cat-kaikki-luokat","7":"product_cat-puutarhan-ja-kasvien-suojelu","8":"product_cat-kasvintuholaisten-torjunta","10":"first","11":"instock","12":"featured","13":"taxable","14":"shipping-taxable","15":"purchasable","16":"product-type-simple"},"ct_brands":[],"acf":[],"_links":{"self":[{"href":"https:\/\/agrozone.ee\/fi\/wp-json\/wp\/v2\/product\/47711","targetHints":{"allow":["GET"]}}],"collection":[{"href":"https:\/\/agrozone.ee\/fi\/wp-json\/wp\/v2\/product"}],"about":[{"href":"https:\/\/agrozone.ee\/fi\/wp-json\/wp\/v2\/types\/product"}],"wp:featuredmedia":[{"embeddable":true,"href":"https:\/\/agrozone.ee\/fi\/wp-json\/wp\/v2\/media\/47708"}],"wp:attachment":[{"href":"https:\/\/agrozone.ee\/fi\/wp-json\/wp\/v2\/media?parent=47711"}],"wp:term":[{"taxonomy":"product_brand","embeddable":true,"href":"https:\/\/agrozone.ee\/fi\/wp-json\/wp\/v2\/product_brand?post=47711"},{"taxonomy":"product_cat","embeddable":true,"href":"https:\/\/agrozone.ee\/fi\/wp-json\/wp\/v2\/product_cat?post=47711"},{"taxonomy":"product_tag","embeddable":true,"href":"https:\/\/agrozone.ee\/fi\/wp-json\/wp\/v2\/product_tag?post=47711"}],"curies":[{"name":"wp","href":"https:\/\/api.w.org\/{rel}","templated":true}]}}