{"id":47729,"date":"2024-06-09T16:13:46","date_gmt":"2024-06-09T14:13:46","guid":{"rendered":"https:\/\/agrozone.ee\/toode\/hautausmaayrtti-80-g\/"},"modified":"2024-06-09T16:13:46","modified_gmt":"2024-06-09T14:13:46","slug":"hautausmaayrtti-80-g","status":"publish","type":"product","link":"https:\/\/agrozone.ee\/fi\/tuote\/hautausmaayrtti-80-g\/","title":{"rendered":"Hautausmaayrtti 80 g"},"content":{"rendered":"<p><strong>Hautausmaayrtti 80 g<\/strong><\/p>\n<p>Koristeellinen, kapealehtinen ja tummanvihre\u00e4 kasvillisuudella varustettu nurmilajike, joka on jalostettu ja kasvatettu Virossa.<\/p>\n<p>Koska se on vaatimaton kasvuolosuhteiden suhteen, se sopii hyvin hautausmaalle ja suurten puiden alle puolivarjoiseen ymp\u00e4rist\u00f6\u00f6n.<\/p>\n<h4>K\u00e4ytt\u00f6ohjeet<\/h4>\n<p>Kylv\u00f6normi: 80 g = n. 3 m\u00b2<\/p>\n","protected":false},"excerpt":{"rendered":"<ul>\n<li>Koristeellinen, kapealehtinen ja tummanvihre\u00e4 kasvillisuudella varustettu nurmilajike, joka on jalostettu ja kasvatettu Virossa.<\/li>\n<li>Koska se on vaatimaton kasvuolosuhteiden suhteen, se sopii hyvin hautausmaalle ja suurten puiden alle puolivarjoiseen ymp\u00e4rist\u00f6\u00f6n.<\/li>\n<\/ul>\n","protected":false},"featured_media":45639,"template":"","meta":{"_acf_changed":false,"_seopress_robots_primary_cat":"","_seopress_titles_title":"","_seopress_titles_desc":"Hautausmaanurmi 80 g - Koristeellinen, kapealehtinen ja tummanvihre\u00e4 kasvillisuudella varustettu nurmilajike, joka on jalostettu ja kasvatettu Virossa. Vaatimaton. ","_seopress_robots_index":"","_gspb_post_css":""},"product_brand":[],"product_cat":[2392,2445,2399],"product_tag":[],"class_list":{"0":"post-47729","1":"product","2":"type-product","3":"status-publish","4":"has-post-thumbnail","6":"product_cat-kaikki-luokat","7":"product_cat-nurmikonsiemenet","8":"product_cat-siemenet","10":"first","11":"instock","12":"featured","13":"taxable","14":"shipping-taxable","15":"purchasable","16":"product-type-simple"},"ct_brands":[],"acf":[],"_links":{"self":[{"href":"https:\/\/agrozone.ee\/fi\/wp-json\/wp\/v2\/product\/47729","targetHints":{"allow":["GET"]}}],"collection":[{"href":"https:\/\/agrozone.ee\/fi\/wp-json\/wp\/v2\/product"}],"about":[{"href":"https:\/\/agrozone.ee\/fi\/wp-json\/wp\/v2\/types\/product"}],"wp:featuredmedia":[{"embeddable":true,"href":"https:\/\/agrozone.ee\/fi\/wp-json\/wp\/v2\/media\/45639"}],"wp:attachment":[{"href":"https:\/\/agrozone.ee\/fi\/wp-json\/wp\/v2\/media?parent=47729"}],"wp:term":[{"taxonomy":"product_brand","embeddable":true,"href":"https:\/\/agrozone.ee\/fi\/wp-json\/wp\/v2\/product_brand?post=47729"},{"taxonomy":"product_cat","embeddable":true,"href":"https:\/\/agrozone.ee\/fi\/wp-json\/wp\/v2\/product_cat?post=47729"},{"taxonomy":"product_tag","embeddable":true,"href":"https:\/\/agrozone.ee\/fi\/wp-json\/wp\/v2\/product_tag?post=47729"}],"curies":[{"name":"wp","href":"https:\/\/api.w.org\/{rel}","templated":true}]}}