{"id":47784,"date":"2025-03-12T14:28:43","date_gmt":"2025-03-12T12:28:43","guid":{"rendered":"https:\/\/agrozone.ee\/?post_type=product&p=47784"},"modified":"2025-12-18T12:17:48","modified_gmt":"2025-12-18T10:17:48","slug":"hiirentorjunta-asema-ilmainen-jyrsijantorjuntatahna","status":"publish","type":"product","link":"https:\/\/agrozone.ee\/fi\/tuote\/hiirentorjunta-asema-ilmainen-jyrsijantorjuntatahna\/","title":{"rendered":"Hiirentorjunta-asema + ILMAINEN jyrsij\u00e4ntorjuntatahna"},"content":{"rendered":"<p data-sourcepos=\"1:1-1:178\">Rotantorjunta-asema on suunniteltu pienten jyrsij\u00f6iden pyydyst\u00e4miseen. Se on kest\u00e4v\u00e4 rakenne, joka soveltuu erinomaisesti omakotitalojen, maatilojen, kellareiden, varastojen ja aittarakennusten turvaamiseen. <\/p>\n<p data-sourcepos=\"3:1-3:160\">Pieni rotantorjunta-asema on lukittava, mik\u00e4 est\u00e4\u00e4 ei-toivottuja henkil\u00f6it\u00e4 ja lemmikkej\u00e4 p\u00e4\u00e4sem\u00e4st\u00e4 k\u00e4siksi asennetussa valmisteessa k\u00e4ytettyihin myrkyllisiin aineisiin.<\/p>\n<p data-sourcepos=\"5:1-5:234\">Ainutlaatuisesti muotoiltujen aukkojen ansiosta, joita jyrsij\u00e4t eiv\u00e4t pid\u00e4 uhkana, asema on eritt\u00e4in tehokas rotantorjuntak\u00e4sittelyiss\u00e4. Vuosien kokemukseen perustuva parannettu asema mahdollistaa erityyppisten sy\u00f6ttien k\u00e4yt\u00f6n: tahnaa, rakeita tai kuutioita. <\/p>\n<p data-sourcepos=\"7:1-7:198\">Ratkaisu on kehitetty perustuen tietoon jyrsij\u00f6iden k\u00e4ytt\u00e4ytymisest\u00e4 ja kokemuksiin ammattilaismarkkinoilla palveluiden tarjoamisesta &#8211; elintarviketuotantolaitosten ja teollisuusyritysten turvaamisesta.<\/p>\n<p data-sourcepos=\"9:1-9:75\">Pienten mittojensa ansiosta se mahtuu my\u00f6s kuormalavan tai matalan hyllyn alle.<\/p>\n<p data-sourcepos=\"11:1-11:8\">Edut:<\/p>\n<ul data-sourcepos=\"13:1-18:0\">\n<li data-sourcepos=\"13:1-13:7\">Tehokas<\/li>\n<li data-sourcepos=\"14:1-14:17\">S\u00e4\u00e4nkest\u00e4v\u00e4<\/li>\n<li data-sourcepos=\"15:1-15:50\">Valmistettu kest\u00e4v\u00e4st\u00e4, joustavasta muovista<\/li>\n<li data-sourcepos=\"16:1-16:35\">Suojattu tahattomalta avautumiselta<\/li>\n<li data-sourcepos=\"17:1-18:0\">Helppo k\u00e4ytt\u00e4\u00e4<\/li>\n<\/ul>\n<p data-sourcepos=\"19:1-20:10\">Mitat: 110 x 80 x 40 mm Paino: 60 g<\/p>\n","protected":false},"excerpt":{"rendered":"<p>Rotantorjunta-asema on suunniteltu pienten jyrsij\u00f6iden pyydyst\u00e4miseen. Se on kest\u00e4v\u00e4 rakenne, joka soveltuu erinomaisesti omakotitalojen, maatilojen, kellareiden, varastojen ja aittarakennusten turvaamiseen. Pieni rotantorjunta-asema on lukittava, mik\u00e4 est\u00e4\u00e4 ei-toivottuja henkil\u00f6it\u00e4 ja lemmikkej\u00e4 p\u00e4\u00e4sem\u00e4st\u00e4 k\u00e4siksi asennetussa valmisteessa k\u00e4ytettyihin myrkyllisiin aineisiin. Ainutlaatuisesti muotoiltujen aukkojen ansiosta, joita jyrsij\u00e4t eiv\u00e4t pid\u00e4 uhkana, asema on eritt\u00e4in tehokas rotantorjuntak\u00e4sittelyiss\u00e4. Vuosien kokemukseen perustuva parannettu [&hellip;]<\/p>\n","protected":false},"featured_media":47791,"template":"","meta":{"_acf_changed":false,"_seopress_robots_primary_cat":"none","_seopress_titles_title":"","_seopress_titles_desc":"","_seopress_robots_index":"","_gspb_post_css":""},"product_brand":[],"product_cat":[2357,2392,2356],"product_tag":[],"class_list":{"0":"post-47784","1":"product","2":"type-product","3":"status-publish","4":"has-post-thumbnail","6":"product_cat-jyrsijoiden-torjunta","7":"product_cat-kaikki-luokat","8":"product_cat-puutarhan-ja-kasvien-suojelu","10":"first","11":"instock","12":"taxable","13":"shipping-taxable","14":"purchasable","15":"product-type-simple"},"ct_brands":[],"acf":[],"_links":{"self":[{"href":"https:\/\/agrozone.ee\/fi\/wp-json\/wp\/v2\/product\/47784","targetHints":{"allow":["GET"]}}],"collection":[{"href":"https:\/\/agrozone.ee\/fi\/wp-json\/wp\/v2\/product"}],"about":[{"href":"https:\/\/agrozone.ee\/fi\/wp-json\/wp\/v2\/types\/product"}],"wp:featuredmedia":[{"embeddable":true,"href":"https:\/\/agrozone.ee\/fi\/wp-json\/wp\/v2\/media\/47791"}],"wp:attachment":[{"href":"https:\/\/agrozone.ee\/fi\/wp-json\/wp\/v2\/media?parent=47784"}],"wp:term":[{"taxonomy":"product_brand","embeddable":true,"href":"https:\/\/agrozone.ee\/fi\/wp-json\/wp\/v2\/product_brand?post=47784"},{"taxonomy":"product_cat","embeddable":true,"href":"https:\/\/agrozone.ee\/fi\/wp-json\/wp\/v2\/product_cat?post=47784"},{"taxonomy":"product_tag","embeddable":true,"href":"https:\/\/agrozone.ee\/fi\/wp-json\/wp\/v2\/product_tag?post=47784"}],"curies":[{"name":"wp","href":"https:\/\/api.w.org\/{rel}","templated":true}]}}