{"id":47785,"date":"2025-03-12T14:13:54","date_gmt":"2025-03-12T12:13:54","guid":{"rendered":"https:\/\/agrozone.ee\/?post_type=product&#038;p=47785"},"modified":"2025-03-17T13:10:21","modified_gmt":"2025-03-17T11:10:21","slug":"karpasnaru-400-m","status":"publish","type":"product","link":"https:\/\/agrozone.ee\/fi\/tuote\/karpasnaru-400-m\/","title":{"rendered":"K\u00e4rp\u00e4snaru 400 m"},"content":{"rendered":"<p data-sourcepos=\"1:1-1:78\">K\u00e4rp\u00e4snaru on tarkoitettu erilaisten k\u00e4rp\u00e4sten pyydyst\u00e4miseen suljetuissa tiloissa, kuten:<\/p>\n<ul data-sourcepos=\"3:1-8:0\">\n<li data-sourcepos=\"3:1-3:17\">talousrakennukset,<\/li>\n<li data-sourcepos=\"4:1-4:9\">tallit,<\/li>\n<li data-sourcepos=\"5:1-5:9\">navetat,<\/li>\n<li data-sourcepos=\"6:1-6:10\">paviljongit,<\/li>\n<li data-sourcepos=\"7:1-8:0\">terassit.<\/li>\n<\/ul>\n<p data-sourcepos=\"9:1-9:8\">Edut:<\/p>\n<ul data-sourcepos=\"11:1-15:0\">\n<li data-sourcepos=\"11:1-11:50\">Naru on eritt\u00e4in tehokas hy\u00f6nteisten pyydyst\u00e4misess\u00e4.<\/li>\n<li data-sourcepos=\"12:1-12:67\">T\u00e4m\u00e4 johtaa niiden m\u00e4\u00e4r\u00e4n jyrkk\u00e4\u00e4n v\u00e4henemiseen lyhyess\u00e4 ajassa.<\/li>\n<li data-sourcepos=\"13:1-13:55\">Tahmea pinta kest\u00e4\u00e4 jopa 50 \u00b0C:n l\u00e4mp\u00f6tilaa.<\/li>\n<li data-sourcepos=\"14:1-15:0\">Tuote ei sis\u00e4ll\u00e4 haitallisia aineita.<\/li>\n<\/ul>\n<p data-sourcepos=\"16:1-16:14\">K\u00e4ytt\u00f6ohje:<\/p>\n<ul data-sourcepos=\"18:1-20:0\">\n<li data-sourcepos=\"18:1-18:402\">On suositeltavaa suorittaa ensin tarkastus suojattavassa tilassa ja m\u00e4\u00e4ritt\u00e4\u00e4 sitten narun pysyv\u00e4t kiinnityskohdat. Pysyvien kiinnityskohtien m\u00e4\u00e4ritt\u00e4minen on suositeltavaa, koska kun koko tahmea pinta on peitetty pyydystetyill\u00e4 hy\u00f6nteisill\u00e4, on tarpeen rullata auki ja asentaa uusi pituus tuotetta. Kiinnityskohtien lukum\u00e4\u00e4r\u00e4\u00e4 ei ole tarkasti m\u00e4\u00e4ritelty, ja se on m\u00e4\u00e4ritett\u00e4v\u00e4 tuholaisten m\u00e4\u00e4r\u00e4n mukaan.  <\/li>\n<li data-sourcepos=\"19:1-20:0\">Suuren hy\u00f6nteism\u00e4\u00e4r\u00e4n sattuessa naru voidaan asettaa h\u00e4m\u00e4h\u00e4kinverkon muotoon. Kiinnityskohdat on suositeltavaa sijoittaa tilojen yl\u00e4osiin, lasten ulottumattomiin. <\/li>\n<\/ul>\n<p data-sourcepos=\"21:1-21:11\">HUOMIO!<\/p>\n<ul data-sourcepos=\"23:1-24:0\">\n<li data-sourcepos=\"23:1-24:0\">Jos talousrakennuksissa on lintujen pesim\u00e4paikkoja, kuten p\u00e4\u00e4skysi\u00e4, on suositeltavaa asentaa naru eritt\u00e4in varovasti, turvallisen et\u00e4isyyden p\u00e4\u00e4h\u00e4n pesist\u00e4, sill\u00e4 tahmea pinta voi olla vaarallinen linnuille.<\/li>\n<\/ul>\n<p data-sourcepos=\"25:1-25:48\">Mitat: leveys 5 mm, paksuus 0,4 mm, pituus 400 m<\/p>\n","protected":false},"excerpt":{"rendered":"<p>K\u00e4rp\u00e4snaru on tarkoitettu erilaisten k\u00e4rp\u00e4sten pyydyst\u00e4miseen suljetuissa tiloissa, kuten: talousrakennukset, tallit, navetat, paviljongit, terassit. Edut: Naru on eritt\u00e4in tehokas hy\u00f6nteisten pyydyst\u00e4misess\u00e4. T\u00e4m\u00e4 johtaa niiden m\u00e4\u00e4r\u00e4n jyrkk\u00e4\u00e4n v\u00e4henemiseen lyhyess\u00e4 ajassa. Tahmea pinta kest\u00e4\u00e4 jopa 50 \u00b0C:n l\u00e4mp\u00f6tilaa. Tuote ei sis\u00e4ll\u00e4 haitallisia aineita. K\u00e4ytt\u00f6ohje: On suositeltavaa suorittaa ensin tarkastus suojattavassa tilassa ja m\u00e4\u00e4ritt\u00e4\u00e4 sitten narun pysyv\u00e4t kiinnityskohdat. [&hellip;]<\/p>\n","protected":false},"featured_media":47735,"template":"","meta":{"_acf_changed":false,"_seopress_robots_primary_cat":"none","_seopress_titles_title":"","_seopress_titles_desc":"","_seopress_robots_index":"","_gspb_post_css":""},"product_brand":[],"product_cat":[2358,2392,2356,2360],"product_tag":[],"class_list":{"0":"post-47785","1":"product","2":"type-product","3":"status-publish","4":"has-post-thumbnail","6":"product_cat-hyonteisten-ja-hyttysten-torjunta","7":"product_cat-kaikki-luokat","8":"product_cat-puutarhan-ja-kasvien-suojelu","9":"product_cat-kasvintuholaisten-torjunta","11":"first","12":"instock","13":"taxable","14":"shipping-taxable","15":"purchasable","16":"product-type-simple"},"ct_brands":[],"acf":[],"_links":{"self":[{"href":"https:\/\/agrozone.ee\/fi\/wp-json\/wp\/v2\/product\/47785","targetHints":{"allow":["GET"]}}],"collection":[{"href":"https:\/\/agrozone.ee\/fi\/wp-json\/wp\/v2\/product"}],"about":[{"href":"https:\/\/agrozone.ee\/fi\/wp-json\/wp\/v2\/types\/product"}],"wp:featuredmedia":[{"embeddable":true,"href":"https:\/\/agrozone.ee\/fi\/wp-json\/wp\/v2\/media\/47735"}],"wp:attachment":[{"href":"https:\/\/agrozone.ee\/fi\/wp-json\/wp\/v2\/media?parent=47785"}],"wp:term":[{"taxonomy":"product_brand","embeddable":true,"href":"https:\/\/agrozone.ee\/fi\/wp-json\/wp\/v2\/product_brand?post=47785"},{"taxonomy":"product_cat","embeddable":true,"href":"https:\/\/agrozone.ee\/fi\/wp-json\/wp\/v2\/product_cat?post=47785"},{"taxonomy":"product_tag","embeddable":true,"href":"https:\/\/agrozone.ee\/fi\/wp-json\/wp\/v2\/product_tag?post=47785"}],"curies":[{"name":"wp","href":"https:\/\/api.w.org\/{rel}","templated":true}]}}