{"id":4786,"date":"2024-06-09T16:07:33","date_gmt":"2024-06-09T13:07:33","guid":{"rendered":"https:\/\/agrozone.ee\/?post_type=product&#038;p=4786"},"modified":"2026-02-18T12:22:59","modified_gmt":"2026-02-18T10:22:59","slug":"tomat-knockout-h","status":"publish","type":"product","link":"https:\/\/agrozone.ee\/fi\/tuote\/tomat-knockout-h\/","title":{"rendered":"Tomat KNOCKOUT H"},"content":{"rendered":"<ul>\n<li>TOMAT KNOCKOUT H on keskmise pikkusega h\u00fcbriidsort (indeterminantne) toodab erakordselt suuri tomateid.<\/li>\n<li>Viljad on punast v\u00e4rvi ja kaaluvad 900-1 400 g.<\/li>\n<li>Taim saavutab k\u00f5rguse 1,7-2 m.<\/li>\n<li>See sort meeldib neile, kes hindavad maitsvaid, magusa maitsega, kergelt t\u00e4rkliserikkaid ja peaaegu t\u00e4ielikult seemneteta vilju.<\/li>\n<li>Tomatid sobivad salatite ja konservide valmistamiseks.<\/li>\n<\/ul>\n<h3>Kasutusjuhend<\/h3>\n<ul>\n<li>Seemned k\u00fclvatakse m\u00e4rtsis.<\/li>\n<li>Et seemned idaneksid kiiresti ja \u00fchtlaselt, katke istikud klaasi v\u00f5i kilega.<\/li>\n<li>Seemnete k\u00fclvamisel tuleb tagada, et substraadi temperatuur oleks v\u00e4hemalt +21-26 \u00b0C, toatemperatuur ei tohiks olla madalam kui +23 \u00b0C.<\/li>\n<li>Kui taimedel on tekkinud 2-4 p\u00e4rislehte, tuleks need \u00fckshaaval \u00fcmber istutada.<\/li>\n<li>Taimi v\u00f5ib istutada kasvuhoonesse p\u00e4rast viimast k\u00fclmakuud.<\/li>\n<li>Piisab 10 seemnest, et katta 5-7 m\u00b2 suurune ala.<\/li>\n<li>Soodsates kasvutingimustes on saagikus 30-50 kg.<\/li>\n<\/ul>\n<p><strong>Saak:<\/strong> VI-VIII<br \/>\n<strong>Kasvukoht:<\/strong> Terrassil, R\u00f5dul, Kasvuhoones, P\u00f5llul<br \/>\n<strong>Sordi varasus:<\/strong> M\u00f5\u00f5dukalt hiline<br \/>\n<strong>K\u00fclviaeg kasvuhoones:<\/strong> III-IV<br \/>\n<strong>Tootja:<\/strong> Lucia Elite<br \/>\n<strong>Kaugused, cm:<\/strong> 60&#215;40 cm<br \/>\n<strong>Seemnete arv pakendis:<\/strong> 10 tk.<\/p>\n","protected":false},"excerpt":{"rendered":"<ul>\n<li>TOMAT KNOCKOUT H on keskmise pikkusega h\u00fcbriidsort (indeterminantne) toodab erakordselt suuri tomateid.<\/li>\n<li>Viljad on punast v\u00e4rvi ja kaaluvad 900-1 400 g.<\/li>\n<li>Taim saavutab k\u00f5rguse 1,7-2 m.<\/li>\n<li>See sort meeldib neile, kes hindavad maitsvaid, magusa maitsega, kergelt t\u00e4rkliserikkaid ja peaaegu t\u00e4ielikult seemneteta vilju.<\/li>\n<\/ul>\n","protected":false},"featured_media":4843,"template":"","meta":{"_acf_changed":false,"_seopress_robots_primary_cat":"none","_seopress_titles_title":"","_seopress_titles_desc":"TOMAT KNOCKOUT on keskmise pikkusega h\u00fcbriidsort (indeterminantne) toodab erakordselt suuri tomateid.Viljad on punast v\u00e4rvi ja kaaluvad 900-1 400 g.","_seopress_robots_index":"","_seopress_analysis_target_kw":"Tomat KNOCKOUT H","_gspb_post_css":""},"product_brand":[],"product_cat":[15,88,87,344],"product_tag":[],"class_list":{"0":"post-4786","1":"product","2":"type-product","3":"status-publish","4":"has-post-thumbnail","6":"product_cat-koik-kategooriad","7":"product_cat-koogiviljaseemned","8":"product_cat-seemned","9":"product_cat-tomat","11":"first","12":"instock","13":"taxable","14":"shipping-taxable","15":"purchasable","16":"product-type-simple"},"ct_brands":[],"acf":[],"_links":{"self":[{"href":"https:\/\/agrozone.ee\/fi\/wp-json\/wp\/v2\/product\/4786","targetHints":{"allow":["GET"]}}],"collection":[{"href":"https:\/\/agrozone.ee\/fi\/wp-json\/wp\/v2\/product"}],"about":[{"href":"https:\/\/agrozone.ee\/fi\/wp-json\/wp\/v2\/types\/product"}],"wp:featuredmedia":[{"embeddable":true,"href":"https:\/\/agrozone.ee\/fi\/wp-json\/wp\/v2\/media\/4843"}],"wp:attachment":[{"href":"https:\/\/agrozone.ee\/fi\/wp-json\/wp\/v2\/media?parent=4786"}],"wp:term":[{"taxonomy":"product_brand","embeddable":true,"href":"https:\/\/agrozone.ee\/fi\/wp-json\/wp\/v2\/product_brand?post=4786"},{"taxonomy":"product_cat","embeddable":true,"href":"https:\/\/agrozone.ee\/fi\/wp-json\/wp\/v2\/product_cat?post=4786"},{"taxonomy":"product_tag","embeddable":true,"href":"https:\/\/agrozone.ee\/fi\/wp-json\/wp\/v2\/product_tag?post=4786"}],"curies":[{"name":"wp","href":"https:\/\/api.w.org\/{rel}","templated":true}]}}