{"id":47865,"date":"2024-06-09T16:13:26","date_gmt":"2024-06-09T13:13:26","guid":{"rendered":"https:\/\/agrozone.ee\/toode\/kissanruoho-140-g\/"},"modified":"2025-12-09T08:08:11","modified_gmt":"2025-12-09T06:08:11","slug":"kissanruoho-140-g","status":"publish","type":"product","link":"https:\/\/agrozone.ee\/fi\/tuote\/kissanruoho-140-g\/","title":{"rendered":"Kissanruoho 140 g"},"content":{"rendered":"<p><strong>Kissanruoho 140 g<\/strong><\/p>\n<ul>\n<li>Auttaa poistamaan karvapalloja.<\/li>\n<li>Edist\u00e4\u00e4 hyv\u00e4\u00e4 ruoansulatusta.<\/li>\n<li>Pehmeiden versojen sy\u00f6minen auttaa kissoja poistamaan karvapalloja ja edist\u00e4\u00e4 niiden hyv\u00e4\u00e4 ruoansulatusta.<\/li>\n<li>Lis\u00e4ksi se v\u00e4hent\u00e4\u00e4 myrkyllisten huonekasvien pureskelun riski\u00e4 sis\u00e4kissoilla tai kemiallisesti k\u00e4siteltyjen kasvien pureskelun riski\u00e4 ulkokissoilla.<\/li>\n<li>Luomuohra.<\/li>\n<\/ul>\n<h4>K\u00e4ytt\u00f6ohjeet<\/h4>\n<ul>\n<li>Kylv\u00e4 siemenet tasaisena kerroksena ruukkuun ikkunalaudalla, parvekkeella tai terassilla.<\/li>\n<li>Peit\u00e4 siemenet ohuella multakerroksella ja kastele ruukkua niin, ett\u00e4 multa on sopivan kosteaa.<\/li>\n<li>Peit\u00e4 sitten ruukku muovikelmulla ja aseta se l\u00e4mpim\u00e4\u00e4n ja h\u00e4m\u00e4r\u00e4\u00e4n paikkaan.<\/li>\n<li>Siemenien it\u00e4misen j\u00e4lkeen siirr\u00e4 ruukku valoon ja anna niiden kasvaa noin 7 cm:n korkeuteen, jolloin ruoho on valmis kissojen sy\u00f6t\u00e4v\u00e4ksi.<\/li>\n<li>Siemeni\u00e4 voi liottaa vedess\u00e4 12 tuntia ennen ruukkuun kylv\u00e4mist\u00e4, jotta kasvi it\u00e4\u00e4 nopeammin.<\/li>\n<\/ul>\n","protected":false},"excerpt":{"rendered":"<ul>\n<li>Auttaa poistamaan karvapalloja.<\/li>\n<li>Edist\u00e4\u00e4 hyv\u00e4\u00e4 ruoansulatusta.<\/li>\n<li>Pehmeiden versojen sy\u00f6minen auttaa kissoja poistamaan karvapalloja ja edist\u00e4\u00e4 niiden hyv\u00e4\u00e4 ruoansulatusta.<\/li>\n<li>Lis\u00e4ksi se v\u00e4hent\u00e4\u00e4 myrkyllisten huonekasvien pureskelun riski\u00e4 sis\u00e4kissoilla tai kemiallisesti k\u00e4siteltyjen kasvien pureskelun riski\u00e4 ulkokissoilla.<\/li>\n<li>Luomuohra.<\/li>\n<\/ul>\n","protected":false},"featured_media":45632,"template":"","meta":{"_acf_changed":false,"_seopress_robots_primary_cat":"none","_seopress_titles_title":"","_seopress_titles_desc":"Kissanruoho 140g - Auttaa poistamaan karvapalloja. Pehmeiden versojen sy\u00f6minen auttaa kissoja poistamaan karvapalloja ja edist\u00e4\u00e4 niiden hyv\u00e4\u00e4 ruoansulatusta. ","_seopress_robots_index":"","_gspb_post_css":""},"product_brand":[2906],"product_cat":[2430,2392,2423,2445,2399],"product_tag":[],"class_list":{"0":"post-47865","1":"product","2":"type-product","3":"status-publish","4":"has-post-thumbnail","6":"product_brand-baltic-agro","7":"product_cat-muut","8":"product_cat-kaikki-luokat","9":"product_cat-kukkien-siemenet","10":"product_cat-nurmikonsiemenet","11":"product_cat-siemenet","13":"first","14":"instock","15":"featured","16":"taxable","17":"shipping-taxable","18":"purchasable","19":"product-type-simple"},"ct_brands":[{"id":2906,"name":"Baltic Agro","slug":"baltic-agro"}],"acf":[],"_links":{"self":[{"href":"https:\/\/agrozone.ee\/fi\/wp-json\/wp\/v2\/product\/47865","targetHints":{"allow":["GET"]}}],"collection":[{"href":"https:\/\/agrozone.ee\/fi\/wp-json\/wp\/v2\/product"}],"about":[{"href":"https:\/\/agrozone.ee\/fi\/wp-json\/wp\/v2\/types\/product"}],"wp:featuredmedia":[{"embeddable":true,"href":"https:\/\/agrozone.ee\/fi\/wp-json\/wp\/v2\/media\/45632"}],"wp:attachment":[{"href":"https:\/\/agrozone.ee\/fi\/wp-json\/wp\/v2\/media?parent=47865"}],"wp:term":[{"taxonomy":"product_brand","embeddable":true,"href":"https:\/\/agrozone.ee\/fi\/wp-json\/wp\/v2\/product_brand?post=47865"},{"taxonomy":"product_cat","embeddable":true,"href":"https:\/\/agrozone.ee\/fi\/wp-json\/wp\/v2\/product_cat?post=47865"},{"taxonomy":"product_tag","embeddable":true,"href":"https:\/\/agrozone.ee\/fi\/wp-json\/wp\/v2\/product_tag?post=47865"}],"curies":[{"name":"wp","href":"https:\/\/api.w.org\/{rel}","templated":true}]}}