{"id":47866,"date":"2024-06-09T16:02:58","date_gmt":"2024-06-09T13:02:58","guid":{"rendered":"https:\/\/agrozone.ee\/toode\/valkoapila-rivendel-300g\/"},"modified":"2025-05-13T11:01:24","modified_gmt":"2025-05-13T09:01:24","slug":"valkoapila-rivendel-300g","status":"publish","type":"product","link":"https:\/\/agrozone.ee\/fi\/tuote\/valkoapila-rivendel-300g\/","title":{"rendered":"Valkoapila RIVENDEL"},"content":{"rendered":"<p><strong>Valkoapila RIVENDEL<\/strong><\/p>\n<ul>\n<li>Pienilehtinen valkoapilalajike &#8216;Rivendel&#8217; on pakkasenkest\u00e4v\u00e4, kulutusta kest\u00e4v\u00e4, valoisa ja lannoittaa nurmikkoa sitomalla ilmasta typpe\u00e4.<\/li>\n<\/ul>\n<h3>K\u00e4ytt\u00f6ohjeet<\/h3>\n<ul>\n<li>Paras kylv\u00f6aika on varhain kev\u00e4\u00e4ll\u00e4, my\u00f6h\u00e4\u00e4n kes\u00e4ll\u00e4 tai varhain syksyll\u00e4.<\/li>\n<li>300 g = 300 m\u00b2.<\/li>\n<\/ul>\n<div class=\"vc_row wpb_row vc_row-fluid\">\n<div class=\"wpb_column vc_column_container vc_col-sm-12\">\n<div class=\"vc_column-inner\">\n<div class=\"wpb_wrapper\">\n<div class=\"wpb_text_column wpb_content_element\">\n<div class=\"wpb_wrapper\">\n<p><strong>V\u00e4likasvien viljelyll\u00e4 on erilaisia tavoitteita. <\/strong><\/p>\n<ul>\n<li><strong>V\u00e4likasvit parantavat maaper\u00e4n hedelm\u00e4llisyytt\u00e4, v\u00e4hent\u00e4v\u00e4t ravinteiden huuhtoutumista, est\u00e4v\u00e4t rikkaruohojen kasvua, parantavat maaper\u00e4n rakennetta ja v\u00e4hent\u00e4v\u00e4t maaper\u00e4ss\u00e4 levi\u00e4vi\u00e4 tauteja. <\/strong><\/li>\n<li><strong>Viherlannoitteena viljeltyn\u00e4 v\u00e4likasvit lis\u00e4\u00e4v\u00e4t maaper\u00e4\u00e4n ravinteita. <\/strong><\/li>\n<li><strong>Mahdollisuus on my\u00f6s yhdistetty k\u00e4ytt\u00f6 \u2013 kateviljelykasveina kasvatetut kasvit muokataan viherlannoitteeksi maahan. <\/strong><\/li>\n<li><strong>V\u00e4likasvit auttavat yll\u00e4pit\u00e4m\u00e4\u00e4n maaper\u00e4n terveytt\u00e4 ja v\u00e4hent\u00e4m\u00e4\u00e4n tuholaisten levi\u00e4mist\u00e4 ilman kemiallista torjuntaa.<\/strong><\/li>\n<\/ul>\n<\/div>\n<\/div>\n<div class=\"vc_empty_space\"><\/div>\n<\/div>\n<\/div>\n<\/div>\n<\/div>\n<div class=\"vc_row wpb_row vc_row-fluid\">\n<div class=\"wpb_column vc_column_container vc_col-sm-6\">\n<div class=\"vc_column-inner\">\n<div class=\"wpb_wrapper\">\n<div class=\"wpb_text_column wpb_content_element\">\n<div class=\"wpb_wrapper\">\n<div class=\"wpb_text_column wpb_content_element\">\n<div class=\"wpb_wrapper\">\n<h2>Miten viljell\u00e4 v\u00e4likasveja<\/h2>\n<ul>\n<li>Kun p\u00e4\u00e4viljelykasvi \u2013 mansikka, kaali, peruna tai mik\u00e4 tahansa kasvi, jota p\u00e4\u00e4asiassa viljelit \u2013 on tuottanut sadon ja nostettu maasta, kylv\u00e4 v\u00e4likasvi.<\/li>\n<li>Kylv\u00f6n tulee olla tihe\u00e4, jotta muodostuisi suuri biomassa.<\/li>\n<li>Parempa it\u00e4vyyden takaamiseksi kylv\u00f6 voidaan peitt\u00e4\u00e4 katekankaalla.<\/li>\n<li>V\u00e4likasvi j\u00e4tet\u00e4\u00e4n talveksi penkkiin, sit\u00e4 ei tarvitse nostaa pois.<\/li>\n<li>K\u00e4\u00e4nn\u00e4 v\u00e4likasvi maahan ennen seuraavan p\u00e4\u00e4viljelykasvin kylv\u00f6\u00e4 tai peit\u00e4 se kompostilla tai mullalla.<\/li>\n<li>N\u00e4in v\u00e4likasvista muodostuu luonnollinen viherlannoite.<\/li>\n<li>Talvehtiva v\u00e4likasvi kaivetaan maahan, joka alkaisi kasvaa uudelleen kev\u00e4\u00e4ll\u00e4.<\/li>\n<\/ul>\n<\/div>\n<\/div>\n<\/div>\n<\/div>\n<\/div>\n<\/div>\n<\/div>\n<\/div>\n","protected":false},"excerpt":{"rendered":"<ul>\n<li>Pienilehtinen valkoapilalajike &#8216;Rivendel&#8217; on pakkasenkest\u00e4v\u00e4, kulutusta kest\u00e4v\u00e4, valoisa ja lannoittaa nurmikkoa sitomalla ilmasta typpe\u00e4.<\/li>\n<\/ul>\n","protected":false},"featured_media":42327,"template":"","meta":{"_acf_changed":false,"_seopress_robots_primary_cat":"none","_seopress_titles_title":"","_seopress_titles_desc":"Valkoapila - pienilehtinen valkoapilalajike &#039;Rivendel&#039; on pakkasenkest\u00e4v\u00e4, kulutusta kest\u00e4v\u00e4, valoisa ja lannoittaa nurmikkoa sitomalla ilmasta typpe\u00e4.","_seopress_robots_index":"","_gspb_post_css":""},"product_brand":[],"product_cat":[2444,2392,2445,2399],"product_tag":[],"class_list":{"0":"post-47866","1":"product","2":"type-product","3":"status-publish","4":"has-post-thumbnail","6":"product_cat-hunajakasvit-ja-valiviljelykasvit","7":"product_cat-kaikki-luokat","8":"product_cat-nurmikonsiemenet","9":"product_cat-siemenet","11":"first","12":"instock","13":"taxable","14":"shipping-taxable","15":"purchasable","16":"product-type-variable"},"ct_brands":[],"acf":[],"_links":{"self":[{"href":"https:\/\/agrozone.ee\/fi\/wp-json\/wp\/v2\/product\/47866","targetHints":{"allow":["GET"]}}],"collection":[{"href":"https:\/\/agrozone.ee\/fi\/wp-json\/wp\/v2\/product"}],"about":[{"href":"https:\/\/agrozone.ee\/fi\/wp-json\/wp\/v2\/types\/product"}],"wp:featuredmedia":[{"embeddable":true,"href":"https:\/\/agrozone.ee\/fi\/wp-json\/wp\/v2\/media\/42327"}],"wp:attachment":[{"href":"https:\/\/agrozone.ee\/fi\/wp-json\/wp\/v2\/media?parent=47866"}],"wp:term":[{"taxonomy":"product_brand","embeddable":true,"href":"https:\/\/agrozone.ee\/fi\/wp-json\/wp\/v2\/product_brand?post=47866"},{"taxonomy":"product_cat","embeddable":true,"href":"https:\/\/agrozone.ee\/fi\/wp-json\/wp\/v2\/product_cat?post=47866"},{"taxonomy":"product_tag","embeddable":true,"href":"https:\/\/agrozone.ee\/fi\/wp-json\/wp\/v2\/product_tag?post=47866"}],"curies":[{"name":"wp","href":"https:\/\/api.w.org\/{rel}","templated":true}]}}