{"id":47868,"date":"2024-06-09T16:02:59","date_gmt":"2024-06-09T13:02:59","guid":{"rendered":"https:\/\/agrozone.ee\/toode\/varjonurmikko-park-20kg\/"},"modified":"2024-06-09T16:02:59","modified_gmt":"2024-06-09T14:02:59","slug":"varjonurmikko-park-20kg","status":"publish","type":"product","link":"https:\/\/agrozone.ee\/fi\/tuote\/varjonurmikko-park-20kg\/","title":{"rendered":"Varjonurmikko Park 20kg"},"content":{"rendered":"<p><strong>Varjonurmikko 20kg<\/strong><\/p>\n<ul>\n<li>Varjonurmen siemenseos koostuu kapealehtisist\u00e4 lajeista ja antaa sinulle parhaan tiheyden omaavan varjoa siet\u00e4v\u00e4n nurmikon.<\/li>\n<li>Varjonurmikko kasvaa erityisen hyvin varjoisilla alueilla kotipuutarhoissa ja puistoissa.<\/li>\n<li>Seos on talven- ja kulutuksenkest\u00e4v\u00e4.<\/li>\n<\/ul>\n<h3>K\u00e4ytt\u00f6ohjeet<\/h3>\n<ul>\n<li>Paras kylv\u00f6aika on varhain kev\u00e4\u00e4ll\u00e4, my\u00f6h\u00e4\u00e4n kes\u00e4ll\u00e4 tai varhain syksyll\u00e4.<\/li>\n<li>1 kg = 50 m\u00b2.<\/li>\n<\/ul>\n<p><strong>K\u00c4YTT\u00d6. <\/strong><\/p>\n<ul>\n<li><strong>Nurmikon kylv\u00e4misess\u00e4:<\/strong><\/li>\n<li>Jaa siemenet kahteen yht\u00e4 suureen osaan.<\/li>\n<li>K\u00e4yt\u00e4 ristikk\u00e4iskylv\u00f6\u00e4, kylv\u00e4 siemenet tasaisesti maan pinnalle.<\/li>\n<li>Ennen kylv\u00f6\u00e4 harjaa nurmikko voimakkaasti l\u00e4pi.<\/li>\n<li>Kylv\u00f6n j\u00e4lkeen tiivist\u00e4 pinta kevyesti.<\/li>\n<li>Kastele it\u00e4misen aikana (noin 3 viikon ajan), jotta orastava nurmikko ei kuivu.<\/li>\n<li><strong>Huolto:<\/strong><\/li>\n<li>Leikkaa ensimm\u00e4isen kerran, kun nurmikko on 8-10 cm korkea.<\/li>\n<li>Leikkaa sitten kerran viikossa (keskim\u00e4\u00e4r\u00e4inen korkeus 3,5 cm).<\/li>\n<li>Lannoita kasvavaa nurmikkoa.<\/li>\n<\/ul>\n","protected":false},"excerpt":{"rendered":"<ul>\n<li>Varjonurmen siemenseos koostuu kapealehtisist\u00e4 lajeista ja antaa sinulle parhaan tiheyden omaavan varjoa siet\u00e4v\u00e4n nurmikon.<\/li>\n<li>Varjonurmikko kasvaa erityisen hyvin varjoisilla alueilla kotipuutarhoissa ja puistoissa.<\/li>\n<li>Seos on talven- ja kulutuksenkest\u00e4v\u00e4.<\/li>\n<\/ul>\n","protected":false},"featured_media":46049,"template":"","meta":{"_acf_changed":false,"_seopress_robots_primary_cat":"none","_seopress_titles_title":"","_seopress_titles_desc":"Varjonurmen siemenseos antaa sinulle parhaan tiheyden omaavan varjoa siet\u00e4v\u00e4n nurmikon. Kasvaa erityisen hyvin varjoisilla alueilla kotipuutarhoissa ja puistoissa. ","_seopress_robots_index":"","_gspb_post_css":""},"product_brand":[],"product_cat":[2392,2445,2399],"product_tag":[],"class_list":{"0":"post-47868","1":"product","2":"type-product","3":"status-publish","4":"has-post-thumbnail","6":"product_cat-kaikki-luokat","7":"product_cat-nurmikonsiemenet","8":"product_cat-siemenet","9":"product_shipping_class-ei-mahdu-automaattiin","11":"first","12":"instock","13":"sale","14":"taxable","15":"shipping-taxable","16":"purchasable","17":"product-type-simple"},"ct_brands":[],"acf":[],"_links":{"self":[{"href":"https:\/\/agrozone.ee\/fi\/wp-json\/wp\/v2\/product\/47868","targetHints":{"allow":["GET"]}}],"collection":[{"href":"https:\/\/agrozone.ee\/fi\/wp-json\/wp\/v2\/product"}],"about":[{"href":"https:\/\/agrozone.ee\/fi\/wp-json\/wp\/v2\/types\/product"}],"wp:featuredmedia":[{"embeddable":true,"href":"https:\/\/agrozone.ee\/fi\/wp-json\/wp\/v2\/media\/46049"}],"wp:attachment":[{"href":"https:\/\/agrozone.ee\/fi\/wp-json\/wp\/v2\/media?parent=47868"}],"wp:term":[{"taxonomy":"product_brand","embeddable":true,"href":"https:\/\/agrozone.ee\/fi\/wp-json\/wp\/v2\/product_brand?post=47868"},{"taxonomy":"product_cat","embeddable":true,"href":"https:\/\/agrozone.ee\/fi\/wp-json\/wp\/v2\/product_cat?post=47868"},{"taxonomy":"product_tag","embeddable":true,"href":"https:\/\/agrozone.ee\/fi\/wp-json\/wp\/v2\/product_tag?post=47868"}],"curies":[{"name":"wp","href":"https:\/\/api.w.org\/{rel}","templated":true}]}}