{"id":47871,"date":"2024-06-09T16:02:38","date_gmt":"2024-06-09T14:02:38","guid":{"rendered":"https:\/\/agrozone.ee\/toode\/varjonurmikko-1kg\/"},"modified":"2024-06-09T16:02:38","modified_gmt":"2024-06-09T14:02:38","slug":"varjonurmikko-1kg","status":"publish","type":"product","link":"https:\/\/agrozone.ee\/fi\/tuote\/varjonurmikko-1kg\/","title":{"rendered":"Varjonurmikko 1kg"},"content":{"rendered":"<p>Varjonurmen siemenseos koostuu kapealehtisist\u00e4 lajeista ja antaa sinulle parhaan tiheyden omaavan varjoa siet\u00e4v\u00e4n nurmikon. Varjonurmikko kasvaa erityisen hyvin varjoisilla alueilla kotipuutarhoissa ja puistoissa. Seos on talven- ja kulutuksenkest\u00e4v\u00e4.<\/p>\n<p>&nbsp;<\/p>\n<h3>K\u00e4ytt\u00f6ohjeet<\/h3>\n<p>Paras kylv\u00f6aika on varhain kev\u00e4\u00e4ll\u00e4, my\u00f6h\u00e4\u00e4n kes\u00e4ll\u00e4 tai varhain syksyll\u00e4. 1 kg = 50 m\u00b2. K\u00c4YTT\u00d6. Nurmikon kylv\u00e4misess\u00e4: Jaa siemenet kahteen yht\u00e4 suureen osaan. K\u00e4yt\u00e4 ristikk\u00e4iskylv\u00f6\u00e4, kylv\u00e4 siemenet tasaisesti maan pinnalle. Ennen kylv\u00f6\u00e4 harjaa nurmikko voimakkaasti l\u00e4pi. Kylv\u00f6n j\u00e4lkeen tiivist\u00e4 pinta kevyesti. Kastele it\u00e4misen aikana (noin 3 viikon ajan), jotta orastava nurmikko ei kuivu. HOITO: Leikkaa ensimm\u00e4isen kerran, kun nurmikko on 8-10 cm korkea. Leikkaa sitten kerran viikossa (keskim\u00e4\u00e4r\u00e4inen korkeus 3,5 cm). Lannoita kasvavaa nurmikkoa.<\/p>\n","protected":false},"excerpt":{"rendered":"<p>Varjonurmen siemenseos koostuu kapealehtisist\u00e4 lajeista ja antaa sinulle parhaan tiheyden omaavan varjoa siet\u00e4v\u00e4n nurmikon. Varjonurmikko kasvaa erityisen hyvin varjoisilla alueilla kotipuutarhoissa ja puistoissa. Seos on talven- ja kulutuksenkest\u00e4v\u00e4.<\/p>\n<p>&nbsp;<\/p>\n","protected":false},"featured_media":45202,"template":"","meta":{"_acf_changed":false,"_seopress_robots_primary_cat":"","_seopress_titles_title":"","_seopress_titles_desc":"","_seopress_robots_index":"","_gspb_post_css":""},"product_brand":[],"product_cat":[2392,2445,2399],"product_tag":[],"class_list":{"0":"post-47871","1":"product","2":"type-product","3":"status-publish","4":"has-post-thumbnail","6":"product_cat-kaikki-luokat","7":"product_cat-nurmikonsiemenet","8":"product_cat-siemenet","10":"first","11":"instock","12":"taxable","13":"shipping-taxable","14":"purchasable","15":"product-type-simple"},"ct_brands":[],"acf":[],"_links":{"self":[{"href":"https:\/\/agrozone.ee\/fi\/wp-json\/wp\/v2\/product\/47871","targetHints":{"allow":["GET"]}}],"collection":[{"href":"https:\/\/agrozone.ee\/fi\/wp-json\/wp\/v2\/product"}],"about":[{"href":"https:\/\/agrozone.ee\/fi\/wp-json\/wp\/v2\/types\/product"}],"wp:featuredmedia":[{"embeddable":true,"href":"https:\/\/agrozone.ee\/fi\/wp-json\/wp\/v2\/media\/45202"}],"wp:attachment":[{"href":"https:\/\/agrozone.ee\/fi\/wp-json\/wp\/v2\/media?parent=47871"}],"wp:term":[{"taxonomy":"product_brand","embeddable":true,"href":"https:\/\/agrozone.ee\/fi\/wp-json\/wp\/v2\/product_brand?post=47871"},{"taxonomy":"product_cat","embeddable":true,"href":"https:\/\/agrozone.ee\/fi\/wp-json\/wp\/v2\/product_cat?post=47871"},{"taxonomy":"product_tag","embeddable":true,"href":"https:\/\/agrozone.ee\/fi\/wp-json\/wp\/v2\/product_tag?post=47871"}],"curies":[{"name":"wp","href":"https:\/\/api.w.org\/{rel}","templated":true}]}}