{"id":47872,"date":"2024-06-09T16:02:38","date_gmt":"2024-06-09T14:02:38","guid":{"rendered":"https:\/\/agrozone.ee\/toode\/urheilunurmen-siemen-10kg\/"},"modified":"2024-06-09T16:02:38","modified_gmt":"2024-06-09T14:02:38","slug":"urheilunurmen-siemen-10kg","status":"publish","type":"product","link":"https:\/\/agrozone.ee\/fi\/tuote\/urheilunurmen-siemen-10kg\/","title":{"rendered":"Urheilunurmen siemen 10kg"},"content":{"rendered":"<p>Siemenseos &#8220;Urheilunurmi&#8221; koostuu kulutusta kest\u00e4vist\u00e4 ja kapealehtisist\u00e4 lajeista ja antaa sinulle parhaan kest\u00e4vyyden omaavan nurmikon.<\/p>\n<p>&nbsp;<\/p>\n<h3>K\u00e4ytt\u00f6ohjeet<\/h3>\n<p>Seos kasvaa hyvin sek\u00e4 auringossa ett\u00e4 varjossa. Sivuversojen kasvu takaa nopean palautumisen kulutusvaurioista. 10 kg = 300 m\u00b2.  <\/p>\n","protected":false},"excerpt":{"rendered":"<p>Siemenseos &#8220;Urheilunurmi&#8221; koostuu kulutusta kest\u00e4vist\u00e4 ja kapealehtisist\u00e4 lajeista ja antaa sinulle parhaan kest\u00e4vyyden omaavan nurmikon.<\/p>\n","protected":false},"featured_media":45203,"template":"","meta":{"_acf_changed":false,"_seopress_robots_primary_cat":"","_seopress_titles_title":"","_seopress_titles_desc":"","_seopress_robots_index":"","_gspb_post_css":""},"product_brand":[],"product_cat":[2392,2445,2399],"product_tag":[],"class_list":{"0":"post-47872","1":"product","2":"type-product","3":"status-publish","4":"has-post-thumbnail","6":"product_cat-kaikki-luokat","7":"product_cat-nurmikonsiemenet","8":"product_cat-siemenet","10":"first","11":"instock","12":"taxable","13":"shipping-taxable","14":"purchasable","15":"product-type-simple"},"ct_brands":[],"acf":[],"_links":{"self":[{"href":"https:\/\/agrozone.ee\/fi\/wp-json\/wp\/v2\/product\/47872","targetHints":{"allow":["GET"]}}],"collection":[{"href":"https:\/\/agrozone.ee\/fi\/wp-json\/wp\/v2\/product"}],"about":[{"href":"https:\/\/agrozone.ee\/fi\/wp-json\/wp\/v2\/types\/product"}],"wp:featuredmedia":[{"embeddable":true,"href":"https:\/\/agrozone.ee\/fi\/wp-json\/wp\/v2\/media\/45203"}],"wp:attachment":[{"href":"https:\/\/agrozone.ee\/fi\/wp-json\/wp\/v2\/media?parent=47872"}],"wp:term":[{"taxonomy":"product_brand","embeddable":true,"href":"https:\/\/agrozone.ee\/fi\/wp-json\/wp\/v2\/product_brand?post=47872"},{"taxonomy":"product_cat","embeddable":true,"href":"https:\/\/agrozone.ee\/fi\/wp-json\/wp\/v2\/product_cat?post=47872"},{"taxonomy":"product_tag","embeddable":true,"href":"https:\/\/agrozone.ee\/fi\/wp-json\/wp\/v2\/product_tag?post=47872"}],"curies":[{"name":"wp","href":"https:\/\/api.w.org\/{rel}","templated":true}]}}