{"id":47874,"date":"2024-06-09T15:58:35","date_gmt":"2024-06-09T12:58:35","guid":{"rendered":"https:\/\/agrozone.ee\/toode\/kotipuutarhanurmi-1kg\/"},"modified":"2024-06-09T15:58:35","modified_gmt":"2024-06-09T13:58:35","slug":"kotipuutarhanurmi-1kg","status":"publish","type":"product","link":"https:\/\/agrozone.ee\/fi\/tuote\/kotipuutarhanurmi-1kg\/","title":{"rendered":"Kotipuutarhanurmi 1kg"},"content":{"rendered":"<p><strong>Kotipuutarhanurmi 1kg<\/strong><\/p>\n<ul>\n<li>Kotipuutarhan nurmi koostuu hienolehtisist\u00e4 lajeista, joista tulee tihe\u00e4 ja matalakasvuinen nurmikko.<\/li>\n<li>Seos kasvaa sek\u00e4 auringossa ett\u00e4 varjossa.<\/li>\n<li>On kest\u00e4v\u00e4 ja palautuu hyvin vaurioista.<\/li>\n<li>Sopii hyvin kotipuutarhoihin, leikkikentille ja viheralueille.<\/li>\n<\/ul>\n<h3>K\u00e4ytt\u00f6ohjeet<\/h3>\n<ul>\n<li>Paras kylv\u00f6aika on varhain kev\u00e4\u00e4ll\u00e4, my\u00f6h\u00e4\u00e4n kes\u00e4ll\u00e4 tai varhain syksyll\u00e4.<\/li>\n<li>1 kg = 50 m\u00b2.<\/li>\n<li><strong>Nurmikon kylv\u00e4misess\u00e4:<\/strong> jaa siemenet kahteen yht\u00e4 suureen osaan.<\/li>\n<li>K\u00e4yt\u00e4 ristikk\u00e4iskylv\u00f6\u00e4, kylv\u00e4 siemenet tasaisesti maan pinnalle.<\/li>\n<li>Ennen kylv\u00f6\u00e4 harjaa nurmikko voimakkaasti l\u00e4pi.<\/li>\n<li>Kylv\u00f6n j\u00e4lkeen tiivist\u00e4 pinta kevyesti.<\/li>\n<li>Kastele it\u00e4misen aikana (noin 3 viikon ajan), jotta orastava nurmikko ei kuivu.<\/li>\n<li><strong>HOITO<\/strong>: Leikkaa ensimm\u00e4isen kerran, kun nurmikko on 8-10 cm korkea.<\/li>\n<li>Leikkaa sitten kerran viikossa (keskim\u00e4\u00e4r\u00e4inen korkeus 3,5 cm).<\/li>\n<li>T\u00e4yt\u00e4 nurmikossa olevat tyhj\u00e4t kohdat mullalla ja kylv\u00e4 p\u00e4\u00e4lle uutta nurmensiemeni\u00e4.<\/li>\n<li>Syksyll\u00e4, elo-syyskuussa k\u00e4yt\u00e4 talvenkest\u00e4vyyden parantamiseksi nurmikon syyslannoitetta 4 kg\/100 m\u00b2.<\/li>\n<\/ul>\n","protected":false},"excerpt":{"rendered":"<ul>\n<li>Kotipuutarhan nurmi koostuu hienolehtisist\u00e4 lajeista, joista tulee tihe\u00e4 ja matalakasvuinen nurmikko.<\/li>\n<li>Seos kasvaa sek\u00e4 auringossa ett\u00e4 varjossa.<\/li>\n<li>On kest\u00e4v\u00e4 ja palautuu hyvin vaurioista.<\/li>\n<li>Sopii hyvin kotipuutarhoihin, leikkikentille ja viheralueille.<\/li>\n<\/ul>\n","protected":false},"featured_media":45179,"template":"","meta":{"_acf_changed":false,"_seopress_robots_primary_cat":"","_seopress_titles_title":"","_seopress_titles_desc":"Kotipuutarhan nurmi koostuu hienolehtisist\u00e4 lajeista, joista tulee tihe\u00e4 ja matalakasvuinen nurmikko. Seos kasvaa sek\u00e4 auringossa ett\u00e4 varjossa. ","_seopress_robots_index":"","_gspb_post_css":""},"product_brand":[],"product_cat":[2392,2445,2399],"product_tag":[],"class_list":{"0":"post-47874","1":"product","2":"type-product","3":"status-publish","4":"has-post-thumbnail","6":"product_cat-kaikki-luokat","7":"product_cat-nurmikonsiemenet","8":"product_cat-siemenet","10":"first","11":"instock","12":"featured","13":"taxable","14":"shipping-taxable","15":"purchasable","16":"product-type-simple"},"ct_brands":[],"acf":[],"_links":{"self":[{"href":"https:\/\/agrozone.ee\/fi\/wp-json\/wp\/v2\/product\/47874","targetHints":{"allow":["GET"]}}],"collection":[{"href":"https:\/\/agrozone.ee\/fi\/wp-json\/wp\/v2\/product"}],"about":[{"href":"https:\/\/agrozone.ee\/fi\/wp-json\/wp\/v2\/types\/product"}],"wp:featuredmedia":[{"embeddable":true,"href":"https:\/\/agrozone.ee\/fi\/wp-json\/wp\/v2\/media\/45179"}],"wp:attachment":[{"href":"https:\/\/agrozone.ee\/fi\/wp-json\/wp\/v2\/media?parent=47874"}],"wp:term":[{"taxonomy":"product_brand","embeddable":true,"href":"https:\/\/agrozone.ee\/fi\/wp-json\/wp\/v2\/product_brand?post=47874"},{"taxonomy":"product_cat","embeddable":true,"href":"https:\/\/agrozone.ee\/fi\/wp-json\/wp\/v2\/product_cat?post=47874"},{"taxonomy":"product_tag","embeddable":true,"href":"https:\/\/agrozone.ee\/fi\/wp-json\/wp\/v2\/product_tag?post=47874"}],"curies":[{"name":"wp","href":"https:\/\/api.w.org\/{rel}","templated":true}]}}