{"id":4789,"date":"2024-06-09T16:07:34","date_gmt":"2024-06-09T13:07:34","guid":{"rendered":"https:\/\/agrozone.ee\/?post_type=product&#038;p=4789"},"modified":"2026-02-26T17:37:15","modified_gmt":"2026-02-26T15:37:15","slug":"minikasvuhoone-2tk-roheline","status":"publish","type":"product","link":"https:\/\/agrozone.ee\/fi\/tuote\/minikasvuhoone-2tk-roheline\/","title":{"rendered":"MINIKASVUHOONE 2TK ROHELINE"},"content":{"rendered":"<ul>\n<li>Laua kasvuhoone<\/li>\n<li>Plastikust k\u00fclvikast, ei lase vett l\u00e4bi.<\/li>\n<li>L\u00e4bipaistev kaas.<\/li>\n<li><strong>M\u00f5\u00f5dud:<\/strong> 47x16cm<\/li>\n<li><strong>Materjal:<\/strong> Plastist<\/li>\n<li><strong>V\u00e4rv:<\/strong> Roheline<\/li>\n<li><strong>Tootja:<\/strong> Agronom<\/li>\n<\/ul>\n","protected":false},"excerpt":{"rendered":"<ul>\n<li>Laua kasvuhoone<\/li>\n<li>Plastikust k\u00fclvikast, ei lase vett l\u00e4bi.<\/li>\n<li>L\u00e4bipaistev kaas.<\/li>\n<li><strong>M\u00f5\u00f5dud:<\/strong> 47x16cm<\/li>\n<\/ul>\n","protected":false},"featured_media":4846,"template":"","meta":{"_acf_changed":false,"_seopress_robots_primary_cat":"","_seopress_titles_title":"","_seopress_titles_desc":"Laua kasvuhoone. Plastikust k\u00fclvikast, ei lase vett l\u00e4bi. L\u00e4bipaistev kaas. M\u00f5\u00f5dud: 47x16cm.\u00a0Materjal: Plastist. V\u00e4rv: Roheline","_seopress_robots_index":"","_gspb_post_css":""},"product_brand":[],"product_cat":[15,87,1198],"product_tag":[],"class_list":{"0":"post-4789","1":"product","2":"type-product","3":"status-publish","4":"has-post-thumbnail","6":"product_cat-koik-kategooriad","7":"product_cat-seemned","8":"product_cat-tarvikud","10":"first","11":"instock","12":"sale","13":"featured","14":"taxable","15":"shipping-taxable","16":"purchasable","17":"product-type-simple"},"ct_brands":[],"acf":[],"_links":{"self":[{"href":"https:\/\/agrozone.ee\/fi\/wp-json\/wp\/v2\/product\/4789","targetHints":{"allow":["GET"]}}],"collection":[{"href":"https:\/\/agrozone.ee\/fi\/wp-json\/wp\/v2\/product"}],"about":[{"href":"https:\/\/agrozone.ee\/fi\/wp-json\/wp\/v2\/types\/product"}],"wp:featuredmedia":[{"embeddable":true,"href":"https:\/\/agrozone.ee\/fi\/wp-json\/wp\/v2\/media\/4846"}],"wp:attachment":[{"href":"https:\/\/agrozone.ee\/fi\/wp-json\/wp\/v2\/media?parent=4789"}],"wp:term":[{"taxonomy":"product_brand","embeddable":true,"href":"https:\/\/agrozone.ee\/fi\/wp-json\/wp\/v2\/product_brand?post=4789"},{"taxonomy":"product_cat","embeddable":true,"href":"https:\/\/agrozone.ee\/fi\/wp-json\/wp\/v2\/product_cat?post=4789"},{"taxonomy":"product_tag","embeddable":true,"href":"https:\/\/agrozone.ee\/fi\/wp-json\/wp\/v2\/product_tag?post=4789"}],"curies":[{"name":"wp","href":"https:\/\/api.w.org\/{rel}","templated":true}]}}