{"id":4790,"date":"2024-06-09T16:07:34","date_gmt":"2024-06-09T13:07:34","guid":{"rendered":"https:\/\/agrozone.ee\/?post_type=product&#038;p=4790"},"modified":"2025-04-09T15:44:13","modified_gmt":"2025-04-09T13:44:13","slug":"plastikust-pott-9cm","status":"publish","type":"product","link":"https:\/\/agrozone.ee\/fi\/tuote\/plastikust-pott-9cm\/","title":{"rendered":"PLASTIKUST POTT 9CM"},"content":{"rendered":"<p>Plastikust pott 9 cm &#8211; k\u00fclvamiseks.<\/p>\n<ul>\n<li>Maht: 0,3 l.<\/li>\n<li>L\u00e4bim\u00f5\u00f5t: 9 cm.<\/li>\n<li>Materjal: plastist.<\/li>\n<li>V\u00e4rv: Pruun.<\/li>\n<li>Tootja: SOPARCO.<\/li>\n<\/ul>\n","protected":false},"excerpt":{"rendered":"<p>Plastikust pott 9 cm &#8211; k\u00fclvamiseks<\/p>\n<ul>\n<li>Maht: 0,3 l<\/li>\n<li>L\u00e4bim\u00f5\u00f5t: 9 cm<\/li>\n<li>Materjal: plastist<\/li>\n<li>V\u00e4rv: Pruun<\/li>\n<\/ul>\n","protected":false},"featured_media":4851,"template":"","meta":{"_acf_changed":false,"_seopress_robots_primary_cat":"","_seopress_titles_title":"","_seopress_titles_desc":"Plastikust pott 9 cm - k\u00fclvamiseks. Maht: 0,3 l. L\u00e4bim\u00f5\u00f5t: 9 cm. Materjal: plastist.V\u00e4rv: Pruun.","_seopress_robots_index":"","_gspb_post_css":""},"product_brand":[],"product_cat":[15,87,1198],"product_tag":[],"class_list":{"0":"post-4790","1":"product","2":"type-product","3":"status-publish","4":"has-post-thumbnail","6":"product_cat-koik-kategooriad","7":"product_cat-seemned","8":"product_cat-tarvikud","10":"first","11":"instock","12":"taxable","13":"shipping-taxable","14":"purchasable","15":"product-type-simple"},"ct_brands":[],"acf":[],"_links":{"self":[{"href":"https:\/\/agrozone.ee\/fi\/wp-json\/wp\/v2\/product\/4790","targetHints":{"allow":["GET"]}}],"collection":[{"href":"https:\/\/agrozone.ee\/fi\/wp-json\/wp\/v2\/product"}],"about":[{"href":"https:\/\/agrozone.ee\/fi\/wp-json\/wp\/v2\/types\/product"}],"wp:featuredmedia":[{"embeddable":true,"href":"https:\/\/agrozone.ee\/fi\/wp-json\/wp\/v2\/media\/4851"}],"wp:attachment":[{"href":"https:\/\/agrozone.ee\/fi\/wp-json\/wp\/v2\/media?parent=4790"}],"wp:term":[{"taxonomy":"product_brand","embeddable":true,"href":"https:\/\/agrozone.ee\/fi\/wp-json\/wp\/v2\/product_brand?post=4790"},{"taxonomy":"product_cat","embeddable":true,"href":"https:\/\/agrozone.ee\/fi\/wp-json\/wp\/v2\/product_cat?post=4790"},{"taxonomy":"product_tag","embeddable":true,"href":"https:\/\/agrozone.ee\/fi\/wp-json\/wp\/v2\/product_tag?post=4790"}],"curies":[{"name":"wp","href":"https:\/\/api.w.org\/{rel}","templated":true}]}}