{"id":47914,"date":"2024-06-09T15:50:13","date_gmt":"2024-06-09T12:50:13","guid":{"rendered":"https:\/\/agrozone.ee\/toode\/kiinnityspiikit-kattosarjalle-20-kpl\/"},"modified":"2025-12-09T09:40:55","modified_gmt":"2025-12-09T07:40:55","slug":"kiinnityspiikit-kattosarjalle-20-kpl","status":"publish","type":"product","link":"https:\/\/agrozone.ee\/fi\/tuote\/kiinnityspiikit-kattosarjalle-20-kpl\/","title":{"rendered":"Kiinnityspiikit kattosarjalle 20 kpl"},"content":{"rendered":"<p>Vahvat muoviset kiinnityspiikit kattosarjalle tai kevyille peitteille, verkoille (lintuverkoille).<\/p>\n<p>Pituus 125 mm, piikkip\u00e4\u00e4: 33 \u00d7 27 mm (py\u00f6ristetyt kulmat).<\/p>\n<h3>K\u00e4ytt\u00f6ohjeet<\/h3>\n<p>Paina piikki l\u00e4bi katteen\/verkon ja paina voimakkaasti maahan.<\/p>\n","protected":false},"excerpt":{"rendered":"<p>Vahvat muoviset kiinnityspiikit kattosarjalle tai kevyille peitteille, verkoille (lintuverkoille).<\/p>\n","protected":false},"featured_media":45165,"template":"","meta":{"_acf_changed":false,"_seopress_robots_primary_cat":"none","_seopress_titles_title":"","_seopress_titles_desc":"","_seopress_robots_index":"","_gspb_post_css":""},"product_brand":[],"product_cat":[2392,2448,2451],"product_tag":[],"class_list":{"0":"post-47914","1":"product","2":"type-product","3":"status-publish","4":"has-post-thumbnail","6":"product_cat-kaikki-luokat","7":"product_cat-kasvinsuojelukankaat-ja-maanpeitekankaat","8":"product_cat-peitekankaiden-lisatarvikkeet","10":"first","11":"instock","12":"taxable","13":"shipping-taxable","14":"purchasable","15":"product-type-simple"},"ct_brands":[],"acf":[],"_links":{"self":[{"href":"https:\/\/agrozone.ee\/fi\/wp-json\/wp\/v2\/product\/47914","targetHints":{"allow":["GET"]}}],"collection":[{"href":"https:\/\/agrozone.ee\/fi\/wp-json\/wp\/v2\/product"}],"about":[{"href":"https:\/\/agrozone.ee\/fi\/wp-json\/wp\/v2\/types\/product"}],"wp:featuredmedia":[{"embeddable":true,"href":"https:\/\/agrozone.ee\/fi\/wp-json\/wp\/v2\/media\/45165"}],"wp:attachment":[{"href":"https:\/\/agrozone.ee\/fi\/wp-json\/wp\/v2\/media?parent=47914"}],"wp:term":[{"taxonomy":"product_brand","embeddable":true,"href":"https:\/\/agrozone.ee\/fi\/wp-json\/wp\/v2\/product_brand?post=47914"},{"taxonomy":"product_cat","embeddable":true,"href":"https:\/\/agrozone.ee\/fi\/wp-json\/wp\/v2\/product_cat?post=47914"},{"taxonomy":"product_tag","embeddable":true,"href":"https:\/\/agrozone.ee\/fi\/wp-json\/wp\/v2\/product_tag?post=47914"}],"curies":[{"name":"wp","href":"https:\/\/api.w.org\/{rel}","templated":true}]}}