{"id":47916,"date":"2024-06-09T16:12:20","date_gmt":"2024-06-09T14:12:20","guid":{"rendered":"https:\/\/agrozone.ee\/toode\/kaksikerroksinen-muovitunneli\/"},"modified":"2024-06-09T16:12:20","modified_gmt":"2024-06-09T14:12:20","slug":"kaksikerroksinen-muovitunneli","status":"publish","type":"product","link":"https:\/\/agrozone.ee\/fi\/tuote\/kaksikerroksinen-muovitunneli\/","title":{"rendered":"Kaksikerroksinen muovitunneli"},"content":{"rendered":"<p><strong>Kaksikerroksinen muovitunneli 0,9 x 2,5 m (tavallinen ja rei&#8217;itetty)<\/strong><\/p>\n<div class=\"flex-1 overflow-hidden\">\n<div class=\"react-scroll-to-bottom--css-gvcky-79elbk h-full\">\n<div class=\"react-scroll-to-bottom--css-gvcky-1n7m0yu\">\n<div class=\"flex flex-col text-sm pb-9\">\n<div class=\"w-full text-token-text-primary\" dir=\"auto\" data-testid=\"conversation-turn-3\">\n<div class=\"px-4 py-2 justify-center text-base md:gap-6 m-auto\">\n<div class=\"flex flex-1 text-base mx-auto gap-3 juice:gap-4 juice:md:gap-6 md:px-5 lg:px-1 xl:px-5 md:max-w-3xl lg:max-w-[40rem] xl:max-w-[48rem] group final-completion\">\n<div class=\"relative flex w-full flex-col agent-turn\">\n<div class=\"flex-col gap-1 md:gap-3\">\n<div class=\"flex flex-grow flex-col max-w-full\">\n<div class=\"min-h-[20px] text-message flex flex-col items-start gap-3 whitespace-pre-wrap break-words [.text-message+&amp;]:mt-5 overflow-x-auto\" dir=\"auto\" data-message-author-role=\"assistant\" data-message-id=\"49c1f7c4-9098-417e-8528-9f80e426c132\">\n<div class=\"markdown prose w-full break-words dark:prose-invert dark\">\n<ul>\n<li>Muovitunneli on k\u00e4yt\u00e4nn\u00f6llinen ja tehokas v\u00e4line kasvien viljelyyn, varustettuna kahdella muovikalvolla, joista toinen on tavallinen ja toinen rei&#8217;itetty.<\/li>\n<li>Sen mitat ovat 0,9 metri\u00e4 leve\u00e4 ja 2,5 metri\u00e4 pitk\u00e4.<\/li>\n<li>T\u00e4m\u00e4 pieni rakenne tarjoaa monia etuja kasvien kasvatuksessa.<\/li>\n<li>Ensinn\u00e4kin muovitunneli nopeuttaa kasvien kasvua luomalla optimaaliset olosuhteet niiden kehitykselle.<\/li>\n<li>L\u00e4mp\u00f6tilaa ja kosteutta on helppo hallita ja s\u00e4\u00e4t\u00e4\u00e4, mik\u00e4 takaa kasveille sopivan ymp\u00e4rist\u00f6n niiden kasvulle ja hedelmien kypsymiselle.<\/li>\n<li>Kasvien kehityksen nopeuttamisen lis\u00e4ksi muovitunneli tarjoaa my\u00f6s suojan \u00e4\u00e4rimm\u00e4isi\u00e4 s\u00e4\u00e4olosuhteita vastaan.<\/li>\n<li>Tuulelta, sateelta, rakeilta tai \u00e4killisilt\u00e4 l\u00e4mp\u00f6tilan muutoksilta suojattuna kasveilla on parempi mahdollisuus kasvaa ja tuottaa satoa.<\/li>\n<li>Rei&#8217;itetty kalvo lis\u00e4\u00e4 viel\u00e4 yhden edun, mahdollistaen ilmankierron, joka on t\u00e4rke\u00e4\u00e4 kasvien terveydelle.<\/li>\n<li>Se est\u00e4\u00e4 kosteuden kertymisen ja antaa kasveille mahdollisuuden hengitt\u00e4\u00e4, mik\u00e4 v\u00e4hent\u00e4\u00e4 sairauksien ja homeen muodostumista.<\/li>\n<li>Kalvo on valmistettu PE-materiaalista, mik\u00e4 takaa kasvien paremman it\u00e4misen ja kasvun.<\/li>\n<li>Joustavat kaaret mahdollistavat tunnelin leveyden s\u00e4\u00e4t\u00e4misen, vakiolaisuus 90 cm.<\/li>\n<li>Tunneli on valmistettu korkealaatuisesta materiaalista, joka kest\u00e4\u00e4 s\u00e4\u00e4olosuhteita ja UV-s\u00e4teily\u00e4.<\/li>\n<li>Uudelleenk\u00e4ytett\u00e4v\u00e4.<\/li>\n<\/ul>\n<p>Yhteenvetona muovitunneli on monipuolinen ja hy\u00f6dyllinen ty\u00f6kalu kasvien kasvatuksessa, tarjoten optimaaliset olosuhteet niiden kehitykselle ja suojan s\u00e4\u00e4olosuhteita vastaan.<\/p>\n<\/div>\n<\/div>\n<\/div>\n<\/div>\n<\/div>\n<\/div>\n<\/div>\n<\/div>\n<\/div>\n<\/div>\n<\/div>\n<\/div>\n<div class=\"w-full pt-2 md:pt-0 dark:border-white\/20 md:border-transparent md:dark:border-transparent md:w-[calc(100%-.5rem)]\">\n<form class=\"stretch mx-2 flex flex-row gap-3 last:mb-2 md:mx-4 md:last:mb-6 lg:mx-auto lg:max-w-2xl xl:max-w-3xl\">\n<div class=\"relative flex h-full flex-1 flex-col\">\n<div class=\"flex w-full items-center\"><\/div>\n<\/div>\n<\/form>\n<\/div>\n<h3>K\u00e4ytt\u00f6ohjeet<\/h3>\n<ul>\n<li>Asenna tunneli pakkauksessa olevien ohjeiden mukaisesti.<\/li>\n<li>Valmistele kasvatuspenkki ja kuohkeuta multa.<\/li>\n<li>Irrota kaaret toisistaan.<\/li>\n<li>Paina kaaret maahan noin 10 cm syvyyteen.<\/li>\n<li>Kaarien v\u00e4linen et\u00e4isyys voisi olla 60 cm.<\/li>\n<li>Kiinnit\u00e4 naru jokaiseen kaareen piirustuksen mukaisesti rakenteen j\u00e4ykkyyden vahvistamiseksi.<\/li>\n<li>Kiinnit\u00e4 narun molemmat p\u00e4\u00e4t maahan muovipiikeill\u00e4.<\/li>\n<li>Aseta muovikalvo paikoilleen asennetun rakenteen p\u00e4\u00e4lle.<\/li>\n<li>Kiinnit\u00e4 kalvo molemmin puolin tukikaaria muovipiikeill\u00e4.<\/li>\n<li>K\u00e4\u00e4nn\u00e4 muovitunnelin molemmat p\u00e4\u00e4t kokoon ja kiinnit\u00e4 ne maahan metallisilla kiinnityspiikeill\u00e4.<\/li>\n<li>Aseta rei&#8217;itt\u00e4m\u00e4t\u00f6n kalvo varhaiskev\u00e4\u00e4n kylv\u00f6j\u00e4 varten, jotta muovitunneliin j\u00e4\u00e4 riitt\u00e4v\u00e4sti l\u00e4mp\u00f6\u00e4 ja kosteutta.<\/li>\n<li>Y\u00f6llisten pakkasten menty\u00e4 ohi vaihda kalvo rei&#8217;itettyyn, jotta p\u00e4iv\u00e4n liiallinen auringon l\u00e4mp\u00f6 ei l\u00e4mmit\u00e4 muovitunnelia liian kuumaksi ja siten vahingoita kasveja.<\/li>\n<li>Kasvien hoitamiseksi, kuten kastelu, lannoitus tai kitkeminen, avaa kalvon toinen sivu ja taita se kehyksen yl\u00e4osan yli.<\/li>\n<\/ul>\n","protected":false},"excerpt":{"rendered":"<p><strong>Kaksikerroksinen muovitunneli 0,9 x 2,5 m (tavallinen ja rei&#8217;itetty)<\/strong><\/p>\n<ul>\n<li>Muovitunneli on k\u00e4yt\u00e4nn\u00f6llinen ja tehokas v\u00e4line kasvien viljelyyn, varustettuna kahdella muovikalvolla, joista toinen on tavallinen ja toinen rei&#8217;itetty.<\/li>\n<li>Sen mitat ovat 0,9 metri\u00e4 leve\u00e4 ja 2,5 metri\u00e4 pitk\u00e4.<\/li>\n<li>T\u00e4m\u00e4 pieni rakenne tarjoaa monia etuja kasvien kasvatuksessa.<\/li>\n<li>Ensinn\u00e4kin muovitunneli nopeuttaa kasvien kasvua luomalla optimaaliset olosuhteet niiden kehitykselle.<\/li>\n<li>L\u00e4mp\u00f6tilaa ja kosteutta on helppo hallita ja s\u00e4\u00e4t\u00e4\u00e4, mik\u00e4 takaa kasveille sopivan ymp\u00e4rist\u00f6n niiden kasvulle ja hedelmien kypsymiselle.<\/li>\n<li>Rei&#8217;itetty kalvo lis\u00e4\u00e4 viel\u00e4 yhden edun, mahdollistaen ilmankierron, joka on t\u00e4rke\u00e4\u00e4 kasvien terveydelle.<\/li>\n<li>Se est\u00e4\u00e4 kosteuden kertymisen ja antaa kasveille mahdollisuuden hengitt\u00e4\u00e4, mik\u00e4 v\u00e4hent\u00e4\u00e4 sairauksien ja homeen muodostumista.<\/li>\n<\/ul>\n","protected":false},"featured_media":45590,"template":"","meta":{"_acf_changed":false,"_seopress_robots_primary_cat":"","_seopress_titles_title":"","_seopress_titles_desc":"Muovitunneli kahdella kalvolla - Muovitunneli nopeuttaa kasvien kasvua pit\u00e4en yll\u00e4 l\u00e4mp\u00f6tilaa ja kosteutta sek\u00e4 suojaa \u00e4killisilt\u00e4 s\u00e4\u00e4olosuhteilta.","_seopress_robots_index":"","_gspb_post_css":""},"product_brand":[],"product_cat":[2392,2450,2448],"product_tag":[],"class_list":{"0":"post-47916","1":"product","2":"type-product","3":"status-publish","4":"has-post-thumbnail","6":"product_cat-kaikki-luokat","7":"product_cat-kasvihuonekalvot","8":"product_cat-kasvinsuojelukankaat-ja-maanpeitekankaat","10":"first","11":"instock","12":"taxable","13":"shipping-taxable","14":"purchasable","15":"product-type-simple"},"ct_brands":[],"acf":[],"_links":{"self":[{"href":"https:\/\/agrozone.ee\/fi\/wp-json\/wp\/v2\/product\/47916","targetHints":{"allow":["GET"]}}],"collection":[{"href":"https:\/\/agrozone.ee\/fi\/wp-json\/wp\/v2\/product"}],"about":[{"href":"https:\/\/agrozone.ee\/fi\/wp-json\/wp\/v2\/types\/product"}],"wp:featuredmedia":[{"embeddable":true,"href":"https:\/\/agrozone.ee\/fi\/wp-json\/wp\/v2\/media\/45590"}],"wp:attachment":[{"href":"https:\/\/agrozone.ee\/fi\/wp-json\/wp\/v2\/media?parent=47916"}],"wp:term":[{"taxonomy":"product_brand","embeddable":true,"href":"https:\/\/agrozone.ee\/fi\/wp-json\/wp\/v2\/product_brand?post=47916"},{"taxonomy":"product_cat","embeddable":true,"href":"https:\/\/agrozone.ee\/fi\/wp-json\/wp\/v2\/product_cat?post=47916"},{"taxonomy":"product_tag","embeddable":true,"href":"https:\/\/agrozone.ee\/fi\/wp-json\/wp\/v2\/product_tag?post=47916"}],"curies":[{"name":"wp","href":"https:\/\/api.w.org\/{rel}","templated":true}]}}