{"id":47918,"date":"2024-06-09T15:50:13","date_gmt":"2024-06-09T12:50:13","guid":{"rendered":"https:\/\/agrozone.ee\/toode\/kevytsora-2-l\/"},"modified":"2025-12-09T09:41:14","modified_gmt":"2025-12-09T07:41:14","slug":"kevytsora-2-l","status":"publish","type":"product","link":"https:\/\/agrozone.ee\/fi\/tuote\/kevytsora-2-l\/","title":{"rendered":"Kevytsora 2 l"},"content":{"rendered":"<p>Kevytsora on poltetusta savesta valmistettu luonnonmateriaali, joka sopii hyvin kukkaruukun pohjan t\u00e4ytteeksi, jotta juuristo saa tarvitsemansa hapen. Kevytsora on my\u00f6s koristeellinen pintamateriaali, joka tasapainottaa mullan kosteutta ja pit\u00e4\u00e4 mullan pinnan puhtaana. Est\u00e4\u00e4 hy\u00f6nteisten levi\u00e4mist\u00e4, ei sis\u00e4ll\u00e4 haitallisia yhdisteit\u00e4, ei homehdu eik\u00e4 lahoa.  <\/p>\n<p>&nbsp;<\/p>\n<h3>K\u00e4ytt\u00f6ohjeet<\/h3>\n<p>Aseta tyhj\u00e4n ruukun, parveke- tai kukkalaatikon pohjalle 2\u20133 cm paksu kerros kevytsoraa ja t\u00e4yt\u00e4 istutusmullalla. Sora- ja multakerroksen sekoittumisen est\u00e4miseksi niiden v\u00e4liin voidaan asettaa pala suodatinkangasta. <\/p>\n","protected":false},"excerpt":{"rendered":"<p>Kevytsora on poltetusta savesta valmistettu luonnonmateriaali, joka sopii hyvin kukkaruukun pohjan t\u00e4ytteeksi, jotta juuristo saa tarvitsemansa hapen. Kevytsora on my\u00f6s koristeellinen pintamateriaali, joka tasapainottaa mullan kosteutta ja pit\u00e4\u00e4 mullan pinnan puhtaana. Est\u00e4\u00e4 hy\u00f6nteisten levi\u00e4mist\u00e4, ei sis\u00e4ll\u00e4 haitallisia yhdisteit\u00e4, ei homehdu eik\u00e4 lahoa.  <\/p>\n","protected":false},"featured_media":44924,"template":"","meta":{"_acf_changed":false,"_seopress_robots_primary_cat":"none","_seopress_titles_title":"","_seopress_titles_desc":"","_seopress_robots_index":"","_gspb_post_css":""},"product_brand":[],"product_cat":[2392,2372,2363],"product_tag":[],"class_list":{"0":"post-47918","1":"product","2":"type-product","3":"status-publish","4":"has-post-thumbnail","6":"product_cat-kaikki-luokat","7":"product_cat-maaperanparannusaineet","8":"product_cat-puutarhatarvikkeet","10":"first","11":"instock","12":"taxable","13":"shipping-taxable","14":"purchasable","15":"product-type-simple"},"ct_brands":[],"acf":[],"_links":{"self":[{"href":"https:\/\/agrozone.ee\/fi\/wp-json\/wp\/v2\/product\/47918","targetHints":{"allow":["GET"]}}],"collection":[{"href":"https:\/\/agrozone.ee\/fi\/wp-json\/wp\/v2\/product"}],"about":[{"href":"https:\/\/agrozone.ee\/fi\/wp-json\/wp\/v2\/types\/product"}],"wp:featuredmedia":[{"embeddable":true,"href":"https:\/\/agrozone.ee\/fi\/wp-json\/wp\/v2\/media\/44924"}],"wp:attachment":[{"href":"https:\/\/agrozone.ee\/fi\/wp-json\/wp\/v2\/media?parent=47918"}],"wp:term":[{"taxonomy":"product_brand","embeddable":true,"href":"https:\/\/agrozone.ee\/fi\/wp-json\/wp\/v2\/product_brand?post=47918"},{"taxonomy":"product_cat","embeddable":true,"href":"https:\/\/agrozone.ee\/fi\/wp-json\/wp\/v2\/product_cat?post=47918"},{"taxonomy":"product_tag","embeddable":true,"href":"https:\/\/agrozone.ee\/fi\/wp-json\/wp\/v2\/product_tag?post=47918"}],"curies":[{"name":"wp","href":"https:\/\/api.w.org\/{rel}","templated":true}]}}