{"id":47919,"date":"2024-06-09T15:50:13","date_gmt":"2024-06-09T12:50:13","guid":{"rendered":"https:\/\/agrozone.ee\/toode\/kasvilaput-5x15-cm-4-varia-16-kpl\/"},"modified":"2025-12-09T09:41:00","modified_gmt":"2025-12-09T07:41:00","slug":"kasvilaput-5x15-cm-4-varia-16-kpl","status":"publish","type":"product","link":"https:\/\/agrozone.ee\/fi\/tuote\/kasvilaput-5x15-cm-4-varia-16-kpl\/","title":{"rendered":"Kasvilaput 5\u00d715 cm, 4 v\u00e4ri\u00e4, 16 kpl."},"content":{"rendered":"<p>Laput 5\u00d715 cm, 4 v\u00e4ri\u00e4, 16 kpl.<\/p>\n<p>&nbsp;<\/p>\n<h3>K\u00e4ytt\u00f6ohjeet<\/h3>\n<p>Muoviset laput puiden ja pensaiden merkitsemiseen.<\/p>\n","protected":false},"excerpt":{"rendered":"<p>Laput 5\u00d715 cm, 4 v\u00e4ri\u00e4, 16 kpl.<\/p>\n","protected":false},"featured_media":44925,"template":"","meta":{"_acf_changed":false,"_seopress_robots_primary_cat":"","_seopress_titles_title":"","_seopress_titles_desc":"","_seopress_robots_index":"","_gspb_post_css":""},"product_brand":[],"product_cat":[2392,2375,2363],"product_tag":[],"class_list":{"0":"post-47919","1":"product","2":"type-product","3":"status-publish","4":"has-post-thumbnail","6":"product_cat-kaikki-luokat","7":"product_cat-kasvitunnisteet","8":"product_cat-puutarhatarvikkeet","10":"first","11":"instock","12":"taxable","13":"shipping-taxable","14":"purchasable","15":"product-type-simple"},"ct_brands":[],"acf":[],"_links":{"self":[{"href":"https:\/\/agrozone.ee\/fi\/wp-json\/wp\/v2\/product\/47919","targetHints":{"allow":["GET"]}}],"collection":[{"href":"https:\/\/agrozone.ee\/fi\/wp-json\/wp\/v2\/product"}],"about":[{"href":"https:\/\/agrozone.ee\/fi\/wp-json\/wp\/v2\/types\/product"}],"wp:featuredmedia":[{"embeddable":true,"href":"https:\/\/agrozone.ee\/fi\/wp-json\/wp\/v2\/media\/44925"}],"wp:attachment":[{"href":"https:\/\/agrozone.ee\/fi\/wp-json\/wp\/v2\/media?parent=47919"}],"wp:term":[{"taxonomy":"product_brand","embeddable":true,"href":"https:\/\/agrozone.ee\/fi\/wp-json\/wp\/v2\/product_brand?post=47919"},{"taxonomy":"product_cat","embeddable":true,"href":"https:\/\/agrozone.ee\/fi\/wp-json\/wp\/v2\/product_cat?post=47919"},{"taxonomy":"product_tag","embeddable":true,"href":"https:\/\/agrozone.ee\/fi\/wp-json\/wp\/v2\/product_tag?post=47919"}],"curies":[{"name":"wp","href":"https:\/\/api.w.org\/{rel}","templated":true}]}}