{"id":4792,"date":"2024-06-09T16:07:34","date_gmt":"2024-06-09T13:07:34","guid":{"rendered":"https:\/\/agrozone.ee\/?post_type=product&#038;p=4792"},"modified":"2026-04-09T20:10:08","modified_gmt":"2026-04-09T18:10:08","slug":"harilik-kalevikepp","status":"publish","type":"product","link":"https:\/\/agrozone.ee\/fi\/tuote\/harilik-kalevikepp\/","title":{"rendered":"Harilik kalevikepp"},"content":{"rendered":"<p><strong>Gaura lindheimeri<\/strong><\/p>\n<ul>\n<li>Mitmeaastane, 80 cm pikkune \u00f5isik, peenarde ja keeruliste \u00f5itega.<\/li>\n<li>\u00d5itseb kogu suve.<\/li>\n<li>Taimed on p\u00f5\u00f5sakujulised ja kompaktsed.<\/li>\n<li>Kasvatatakse \u00fcksikult v\u00f5i r\u00fchmas.<\/li>\n<li>Kasvab h\u00e4sti koos teiste lilledega.<\/li>\n<li>Sobib potis kasvatamiseks.<\/li>\n<li>Kasvab k\u00f5ige paremini p\u00e4ikesepaistelises, kuivas ja h\u00e4sti kuivendatud mullas.<\/li>\n<li>Talvel katta, kuna k\u00fclmade temperatuuride korral v\u00f5ivad nad k\u00fclmetada.<\/li>\n<\/ul>\n<h3>Kasutusjuhend<\/h3>\n<ul>\n<li><strong>Kogus pakendis:<\/strong> 0,5g<\/li>\n<li><strong>P\u00e4ikeseline koht:<\/strong> Jah<\/li>\n<li><strong>Mitmeaastane:<\/strong> Jah<\/li>\n<li><strong>Kasvukoht:<\/strong> P\u00f5ld<\/li>\n<li><strong>K\u00fclviaeg mulda:<\/strong> IV-VII, 0 cm<\/li>\n<li><strong>K\u00fclviaeg seemikutele:<\/strong> II-III, 0 cm<\/li>\n<li><strong>Taimede k\u00f5rgus:<\/strong> 80 cm<\/li>\n<li><strong>Tootja:<\/strong> \u017dalia stotel\u0117<\/li>\n<li><strong>\u00d5itsemisperiood:<\/strong> VII-IX, 80 cm<\/li>\n<li><strong>Kaugused, cm:<\/strong> V-VIII, 40 X 40 cm<\/li>\n<\/ul>\n","protected":false},"excerpt":{"rendered":"<p><strong>Gaura lindheimeri<\/strong><\/p>\n<ul>\n<li>Mitmeaastane, 80 cm pikkune \u00f5isik, peenarde ja keeruliste \u00f5itega.<\/li>\n<li>\u00d5itseb kogu suve.<\/li>\n<li>Taimed on p\u00f5\u00f5sakujulised ja kompaktsed.<\/li>\n<li>Kasvatatakse \u00fcksikult v\u00f5i r\u00fchmas.<\/li>\n<li>Kasvab h\u00e4sti koos teiste lilledega.<\/li>\n<li>Sobib potis kasvatamiseks.<\/li>\n<\/ul>\n","protected":false},"featured_media":4860,"template":"","meta":{"_acf_changed":false,"_seopress_robots_primary_cat":"none","_seopress_titles_title":"","_seopress_titles_desc":"Gaura lindheimeri - Mitmeaastane, 80 cm pikkune \u00f5isik, peenarde ja keeruliste \u00f5itega. \u00d5itseb kogu suve. Taimed on p\u00f5\u00f5sakujulised ja kompaktsed.","_seopress_robots_index":"","_gspb_post_css":""},"product_brand":[],"product_cat":[15,100,1206,87],"product_tag":[],"class_list":{"0":"post-4792","1":"product","2":"type-product","3":"status-publish","4":"has-post-thumbnail","6":"product_cat-koik-kategooriad","7":"product_cat-lilleseemned","8":"product_cat-mitmeaastased","9":"product_cat-seemned","11":"first","12":"instock","13":"taxable","14":"shipping-taxable","15":"purchasable","16":"product-type-simple"},"ct_brands":[],"acf":[],"_links":{"self":[{"href":"https:\/\/agrozone.ee\/fi\/wp-json\/wp\/v2\/product\/4792","targetHints":{"allow":["GET"]}}],"collection":[{"href":"https:\/\/agrozone.ee\/fi\/wp-json\/wp\/v2\/product"}],"about":[{"href":"https:\/\/agrozone.ee\/fi\/wp-json\/wp\/v2\/types\/product"}],"wp:featuredmedia":[{"embeddable":true,"href":"https:\/\/agrozone.ee\/fi\/wp-json\/wp\/v2\/media\/4860"}],"wp:attachment":[{"href":"https:\/\/agrozone.ee\/fi\/wp-json\/wp\/v2\/media?parent=4792"}],"wp:term":[{"taxonomy":"product_brand","embeddable":true,"href":"https:\/\/agrozone.ee\/fi\/wp-json\/wp\/v2\/product_brand?post=4792"},{"taxonomy":"product_cat","embeddable":true,"href":"https:\/\/agrozone.ee\/fi\/wp-json\/wp\/v2\/product_cat?post=4792"},{"taxonomy":"product_tag","embeddable":true,"href":"https:\/\/agrozone.ee\/fi\/wp-json\/wp\/v2\/product_tag?post=4792"}],"curies":[{"name":"wp","href":"https:\/\/api.w.org\/{rel}","templated":true}]}}