{"id":47920,"date":"2024-06-09T15:50:13","date_gmt":"2024-06-09T12:50:13","guid":{"rendered":"https:\/\/agrozone.ee\/toode\/tekstiilikate-16-x-10-m\/"},"modified":"2025-12-09T09:41:03","modified_gmt":"2025-12-09T07:41:03","slug":"tekstiilikate-16-x-10-m","status":"publish","type":"product","link":"https:\/\/agrozone.ee\/fi\/tuote\/tekstiilikate-16-x-10-m\/","title":{"rendered":"Tekstiilikate 1,6 x 10 m"},"content":{"rendered":"<p>Tekstiilikate on erityisesti kehitetty kevyt maanpeitemateriaali, jota k\u00e4ytet\u00e4\u00e4n puutarhanhoidossa ja maisemoinnissa. Mustakuituinen polypropeenimateriaali kest\u00e4\u00e4 hyvin ultraviolettis\u00e4teily\u00e4 ja maaper\u00e4ss\u00e4 olevia yhdisteit\u00e4. Kangas est\u00e4\u00e4 rikkakasvien kasvua ja nopeuttaa nuorten kasvien juurtumista, koska se pit\u00e4\u00e4 maaper\u00e4n kosteana ja l\u00e4mpim\u00e4n\u00e4. Tekstiilikatetta voidaan k\u00e4ytt\u00e4\u00e4 my\u00f6s erilaisten maakerrosten erottamiseen, esimerkiksi salaojituksen ja kasvualustan v\u00e4liss\u00e4 kukkapenkiss\u00e4. Tekstiilikatteella peitetyll\u00e4 istutusalueella maaper\u00e4 pysyy kuohkeampana kuin kuitukankaalla tai suodatinkankaalla peitetyss\u00e4 penkiss\u00e4. Tekstiilikatteen karhea pinta est\u00e4\u00e4 etanoiden ja limakotiloiden toimintaa kasvien v\u00e4liss\u00e4. K\u00e4ytt\u00f6paikasta riippuen kest\u00e4\u00e4 5\u20136 vuotta.      <\/p>\n<p>&nbsp;<\/p>\n<h3>K\u00e4ytt\u00f6ohjeet<\/h3>\n<p>Kangas levitet\u00e4\u00e4n valmistellulle maaper\u00e4lle ja istutusaukot leikataan ter\u00e4v\u00e4ll\u00e4 veitsell\u00e4, reunat kiinnitet\u00e4\u00e4n joko mullalla tai erikoiskiinnityshaarukoilla. Maisemoinnissa kasvien ymp\u00e4rys voidaan peitt\u00e4\u00e4 kuorikatteella tai koristekiviaineksella. <\/p>\n","protected":false},"excerpt":{"rendered":"<p>Tekstiilikate on erityisesti kehitetty kevyt maanpeitemateriaali, jota k\u00e4ytet\u00e4\u00e4n puutarhanhoidossa ja maisemoinnissa. Mustakuituinen polypropeenimateriaali kest\u00e4\u00e4 hyvin ultraviolettis\u00e4teily\u00e4 ja maaper\u00e4ss\u00e4 olevia yhdisteit\u00e4. Kangas est\u00e4\u00e4 rikkakasvien kasvua ja nopeuttaa nuorten kasvien juurtumista, koska se pit\u00e4\u00e4 maaper\u00e4n kosteana ja l\u00e4mpim\u00e4n\u00e4. Tekstiilikatetta voidaan k\u00e4ytt\u00e4\u00e4 my\u00f6s erilaisten maakerrosten erottamiseen, esimerkiksi salaojituksen ja kasvualustan v\u00e4liss\u00e4 kukkapenkiss\u00e4. Tekstiilikatteella peitetyll\u00e4 istutusalueella maaper\u00e4 pysyy kuohkeampana kuin kuitukankaalla tai suodatinkankaalla peitetyss\u00e4 penkiss\u00e4. Tekstiilikatteen karhea pinta est\u00e4\u00e4 etanoiden ja limakotiloiden toimintaa kasvien v\u00e4liss\u00e4. K\u00e4ytt\u00f6paikasta riippuen kest\u00e4\u00e4 5\u20136 vuotta.      <\/p>\n","protected":false},"featured_media":44926,"template":"","meta":{"_acf_changed":false,"_seopress_robots_primary_cat":"none","_seopress_titles_title":"","_seopress_titles_desc":"","_seopress_robots_index":"","_gspb_post_css":""},"product_brand":[2630],"product_cat":[2459,2392,2448],"product_tag":[],"class_list":{"0":"post-47920","1":"product","2":"type-product","3":"status-publish","4":"has-post-thumbnail","6":"product_brand-marma-polskie-folie-sp-z-o-o","7":"product_cat-harsomultsi","8":"product_cat-kaikki-luokat","9":"product_cat-kasvinsuojelukankaat-ja-maanpeitekankaat","11":"first","12":"instock","13":"taxable","14":"shipping-taxable","15":"purchasable","16":"product-type-simple"},"ct_brands":[{"id":2630,"name":"MARMA Polskie Folie Sp. z o.o","slug":"marma-polskie-folie-sp-z-o-o"}],"acf":[],"_links":{"self":[{"href":"https:\/\/agrozone.ee\/fi\/wp-json\/wp\/v2\/product\/47920","targetHints":{"allow":["GET"]}}],"collection":[{"href":"https:\/\/agrozone.ee\/fi\/wp-json\/wp\/v2\/product"}],"about":[{"href":"https:\/\/agrozone.ee\/fi\/wp-json\/wp\/v2\/types\/product"}],"wp:featuredmedia":[{"embeddable":true,"href":"https:\/\/agrozone.ee\/fi\/wp-json\/wp\/v2\/media\/44926"}],"wp:attachment":[{"href":"https:\/\/agrozone.ee\/fi\/wp-json\/wp\/v2\/media?parent=47920"}],"wp:term":[{"taxonomy":"product_brand","embeddable":true,"href":"https:\/\/agrozone.ee\/fi\/wp-json\/wp\/v2\/product_brand?post=47920"},{"taxonomy":"product_cat","embeddable":true,"href":"https:\/\/agrozone.ee\/fi\/wp-json\/wp\/v2\/product_cat?post=47920"},{"taxonomy":"product_tag","embeddable":true,"href":"https:\/\/agrozone.ee\/fi\/wp-json\/wp\/v2\/product_tag?post=47920"}],"curies":[{"name":"wp","href":"https:\/\/api.w.org\/{rel}","templated":true}]}}