{"id":47922,"date":"2024-06-09T15:50:13","date_gmt":"2024-06-09T12:50:13","guid":{"rendered":"https:\/\/agrozone.ee\/toode\/varjostuskangas-15x3-m-45-m%c2%b2-42\/"},"modified":"2025-12-09T09:40:49","modified_gmt":"2025-12-09T07:40:49","slug":"varjostuskangas-15x3-m-45-m%c2%b2-42","status":"publish","type":"product","link":"https:\/\/agrozone.ee\/fi\/tuote\/varjostuskangas-15x3-m-45-m%c2%b2-42\/","title":{"rendered":"Varjostuskangas 1,5\u00d73 m, 4,5 m\u00b2, 42 %"},"content":{"rendered":"<p>Varjostus- ja tuulensuojakangasta k\u00e4ytet\u00e4\u00e4n ikivihreiden kasvien (esimerkiksi puksipuiden, valesypressien, tuijien, alppiruusujen, kanadalaisten kuusien &#8216;Conica&#8217;, kivikkokasvien ikivihreiden kasvien jne.) suojaamiseen varhaiskev\u00e4\u00e4n auringonpolttamilta ja havupuiden istutuksen j\u00e4lkeiseen varjostukseen.<\/p>\n<p>&nbsp;<\/p>\n<h3>K\u00e4ytt\u00f6ohjeet<\/h3>\n<p>Varjostus auttaa v\u00e4hent\u00e4m\u00e4\u00e4n veden haihtumista ikivihreist\u00e4 lehdist\u00e4 ja neulasista, se suojaa kasveja varhaiskev\u00e4\u00e4n kirkkaalta auringolta ja herkempi\u00e4 kasveja my\u00f6s voimakkaalta j\u00e4iselt\u00e4 tuulelta. Istutuksen j\u00e4lkeinen varjostus auttaa kasvia juurtumaan paremmin ja v\u00e4hent\u00e4\u00e4 neulasten kuivumisen riski\u00e4. Varjostuskangas on ultraviolettis\u00e4teily\u00e4 kest\u00e4v\u00e4 ja sen varjostusaste on 60 %. K\u00e4ytt\u00f6ik\u00e4 8\u201310 vuotta. Vahva neulottu materiaali kest\u00e4\u00e4 my\u00f6s voimakkaampia myrskytuulia.    <\/p>\n","protected":false},"excerpt":{"rendered":"<p>Varjostus- ja tuulensuojakangasta k\u00e4ytet\u00e4\u00e4n ikivihreiden kasvien (esimerkiksi puksipuiden, valesypressien, tuijien, alppiruusujen, kanadalaisten kuusien &#8216;Conica&#8217;, kivikkokasvien ikivihreiden kasvien jne.) suojaamiseen varhaiskev\u00e4\u00e4n auringonpolttamilta ja havupuiden istutuksen j\u00e4lkeiseen varjostukseen.<\/p>\n","protected":false},"featured_media":44928,"template":"","meta":{"_acf_changed":false,"_seopress_robots_primary_cat":"none","_seopress_titles_title":"","_seopress_titles_desc":"","_seopress_robots_index":"","_gspb_post_css":""},"product_brand":[2630],"product_cat":[2392,2448,2437],"product_tag":[],"class_list":{"0":"post-47922","1":"product","2":"type-product","3":"status-publish","4":"has-post-thumbnail","6":"product_brand-marma-polskie-folie-sp-z-o-o","7":"product_cat-kaikki-luokat","8":"product_cat-kasvinsuojelukankaat-ja-maanpeitekankaat","9":"product_cat-varjostuskangas","11":"first","12":"instock","13":"taxable","14":"shipping-taxable","15":"purchasable","16":"product-type-simple"},"ct_brands":[{"id":2630,"name":"MARMA Polskie Folie Sp. z o.o","slug":"marma-polskie-folie-sp-z-o-o"}],"acf":[],"_links":{"self":[{"href":"https:\/\/agrozone.ee\/fi\/wp-json\/wp\/v2\/product\/47922","targetHints":{"allow":["GET"]}}],"collection":[{"href":"https:\/\/agrozone.ee\/fi\/wp-json\/wp\/v2\/product"}],"about":[{"href":"https:\/\/agrozone.ee\/fi\/wp-json\/wp\/v2\/types\/product"}],"wp:featuredmedia":[{"embeddable":true,"href":"https:\/\/agrozone.ee\/fi\/wp-json\/wp\/v2\/media\/44928"}],"wp:attachment":[{"href":"https:\/\/agrozone.ee\/fi\/wp-json\/wp\/v2\/media?parent=47922"}],"wp:term":[{"taxonomy":"product_brand","embeddable":true,"href":"https:\/\/agrozone.ee\/fi\/wp-json\/wp\/v2\/product_brand?post=47922"},{"taxonomy":"product_cat","embeddable":true,"href":"https:\/\/agrozone.ee\/fi\/wp-json\/wp\/v2\/product_cat?post=47922"},{"taxonomy":"product_tag","embeddable":true,"href":"https:\/\/agrozone.ee\/fi\/wp-json\/wp\/v2\/product_tag?post=47922"}],"curies":[{"name":"wp","href":"https:\/\/api.w.org\/{rel}","templated":true}]}}