{"id":4793,"date":"2024-06-09T16:07:34","date_gmt":"2024-06-09T13:07:34","guid":{"rendered":"https:\/\/agrozone.ee\/?post_type=product&#038;p=4793"},"modified":"2026-04-06T15:48:36","modified_gmt":"2026-04-06T13:48:36","slug":"madal-peiulill-lemon-drop","status":"publish","type":"product","link":"https:\/\/agrozone.ee\/fi\/tuote\/madal-peiulill-lemon-drop\/","title":{"rendered":"Madal Peiulill LEMON DROP"},"content":{"rendered":"<p>Tagetes patula L.<\/p>\n<ul>\n<li>\u00dcheaastane 30 cm lill.<\/li>\n<li>\u00d5ied on 5-6 cm l\u00e4bim\u00f5\u00f5duga.<\/li>\n<li>Kasvavad ja \u00f5itsevad nii p\u00e4ikesepaistelises kui ka varjulises kohas.<\/li>\n<li>V\u00f5ib kasvatada lilleaedades koos teiste mitmeaastaste ja \u00fcheaastaste lilledega, kasvatatakse sageli kalmistutel, r\u00f5dudel.<\/li>\n<li>Peiulilled sobivad ka toidu maitsestamiseks, salatite kaunistamiseks.<\/li>\n<li>Peiulilli kasvatatakse p\u00e4rast sibulataimi v\u00f5i nende vahel, et t\u00f5rjuda mullast kahjureid ja haigusi.<\/li>\n<\/ul>\n<h3>Kasutusjuhend<\/h3>\n<ul>\n<li>Kogus pakendis: 1 g<\/li>\n<li>K\u00fclviaeg mullas: V-VI<\/li>\n<li>Istutuskaugus: 15 x 15 cm<\/li>\n<li>\u00d5itsemise aeg, k\u00f5rgus: VII-X, 30 cm<\/li>\n<li>V\u00e4rvus: Kollane<\/li>\n<li>Tootja: \u017dalia stotel\u0117<\/li>\n<\/ul>\n","protected":false},"excerpt":{"rendered":"<p>Tagetes patula L.<\/p>\n<ul>\n<li>\u00dcheaastane 30 cm lill.<\/li>\n<li>\u00d5ied on 5-6 cm l\u00e4bim\u00f5\u00f5duga.<\/li>\n<li>Kasvavad ja \u00f5itsevad nii p\u00e4ikesepaistelises kui ka varjulises kohas.<\/li>\n<li>V\u00f5ib kasvatada lilleaedades koos teiste mitmeaastaste ja \u00fcheaastaste lilledega, kasvatatakse sageli kalmistutel, r\u00f5dudel.<\/li>\n<li>Peiulilled sobivad ka toidu maitsestamiseks, salatite kaunistamiseks.<\/li>\n<li>Peiulilli kasvatatakse p\u00e4rast sibulataimi v\u00f5i nende vahel, et t\u00f5rjuda mullast kahjureid ja haigusi.<\/li>\n<\/ul>\n","protected":false},"featured_media":4861,"template":"","meta":{"_acf_changed":false,"_seopress_robots_primary_cat":"","_seopress_titles_title":"","_seopress_titles_desc":"Tagetes patula L. - \u00dcheaastane 30 cm lill. \u00d5ied on 5-6 cm l\u00e4bim\u00f5\u00f5duga. Kasvavad ja \u00f5itsevad nii p\u00e4ikesepaistelises kui ka varjulises kohas.","_seopress_robots_index":"","_gspb_post_css":""},"product_brand":[],"product_cat":[15,100,466,87],"product_tag":[],"class_list":{"0":"post-4793","1":"product","2":"type-product","3":"status-publish","4":"has-post-thumbnail","6":"product_cat-koik-kategooriad","7":"product_cat-lilleseemned","8":"product_cat-peiulill","9":"product_cat-seemned","11":"first","12":"instock","13":"taxable","14":"shipping-taxable","15":"purchasable","16":"product-type-simple"},"ct_brands":[],"acf":[],"_links":{"self":[{"href":"https:\/\/agrozone.ee\/fi\/wp-json\/wp\/v2\/product\/4793","targetHints":{"allow":["GET"]}}],"collection":[{"href":"https:\/\/agrozone.ee\/fi\/wp-json\/wp\/v2\/product"}],"about":[{"href":"https:\/\/agrozone.ee\/fi\/wp-json\/wp\/v2\/types\/product"}],"wp:featuredmedia":[{"embeddable":true,"href":"https:\/\/agrozone.ee\/fi\/wp-json\/wp\/v2\/media\/4861"}],"wp:attachment":[{"href":"https:\/\/agrozone.ee\/fi\/wp-json\/wp\/v2\/media?parent=4793"}],"wp:term":[{"taxonomy":"product_brand","embeddable":true,"href":"https:\/\/agrozone.ee\/fi\/wp-json\/wp\/v2\/product_brand?post=4793"},{"taxonomy":"product_cat","embeddable":true,"href":"https:\/\/agrozone.ee\/fi\/wp-json\/wp\/v2\/product_cat?post=4793"},{"taxonomy":"product_tag","embeddable":true,"href":"https:\/\/agrozone.ee\/fi\/wp-json\/wp\/v2\/product_tag?post=4793"}],"curies":[{"name":"wp","href":"https:\/\/api.w.org\/{rel}","templated":true}]}}