{"id":47936,"date":"2025-03-24T10:31:08","date_gmt":"2025-03-24T08:31:08","guid":{"rendered":"https:\/\/agrozone.ee\/toode\/vihrea-penkkimatto-105x100-m\/"},"modified":"2025-03-24T10:31:08","modified_gmt":"2025-03-24T08:31:08","slug":"vihrea-penkkimatto-105x100-m","status":"publish","type":"product","link":"https:\/\/agrozone.ee\/fi\/tuote\/vihrea-penkkimatto-105x100-m\/","title":{"rendered":"Vihre\u00e4 penkkimatto 1,05\u00d7100 m"},"content":{"rendered":"<p>Hienomatot ovat polypropeenista valmistettua pintamateriaalia kotipuutarhojen ja maisemoinnin p\u00e4\u00e4llyst\u00e4miseen. Se on vett\u00e4 ja ilmaa l\u00e4p\u00e4isev\u00e4, vahva ja kest\u00e4\u00e4 tallomista.  Hieno multa est\u00e4\u00e4 rikkaruohojen kehittymisen, pit\u00e4\u00e4 maan kosteana ja v\u00e4hent\u00e4\u00e4 eroosiota. Se kest\u00e4\u00e4 ultraviolettis\u00e4teily\u00e4. Hieno multa soveltuu k\u00e4ytett\u00e4v\u00e4ksi mansikka- ja muissa istutuksissa, monivuotisissa kukkapenkeiss\u00e4, puiden ja pensaiden alla rikkaruohojen kasvun est\u00e4miseksi, tienrakennuksessa maakerrosten erottamiseksi toisistaan, taimitarhoissa kasviastioiden alla jne.  <\/p>\n<h3>K\u00e4ytt\u00f6ohjeet<\/h3>\n<p>Hienojakoinen multa levitet\u00e4\u00e4n valmistellulle maalle, reunat kiinnitet\u00e4\u00e4n ja istutus- tai kylv\u00f6aukot leikataan X:n muotoisiksi ter\u00e4v\u00e4ll\u00e4 veitsell\u00e4. Kun istutetaan koristekasveja, reunus voidaan peitt\u00e4\u00e4 hakkeella, kuorella tai vastaavalla mullatulla materiaalilla. Kest\u00e4\u00e4 jopa 10 vuotta.  <\/p>\n","protected":false},"excerpt":{"rendered":"<p>Hienomatot ovat polypropeenista valmistettua pintamateriaalia kotipuutarhojen ja maisemoinnin p\u00e4\u00e4llyst\u00e4miseen. Se on vett\u00e4 ja ilmaa l\u00e4p\u00e4isev\u00e4, vahva ja kest\u00e4\u00e4 tallomista. Hieno multa est\u00e4\u00e4 rikkaruohojen kehittymisen, pit\u00e4\u00e4 maan kosteana ja v\u00e4hent\u00e4\u00e4 eroosiota. Se kest\u00e4\u00e4 ultraviolettis\u00e4teily\u00e4. Hieno multa soveltuu k\u00e4ytett\u00e4v\u00e4ksi mansikka- ja muissa istutuksissa, monivuotisissa kukkapenkeiss\u00e4, puiden ja pensaiden alla rikkaruohojen kasvun est\u00e4miseksi, tienrakennuksessa maakerrosten erottamiseksi toisistaan, taimitarhoissa [&hellip;]<\/p>\n","protected":false},"featured_media":47928,"template":"","meta":{"_acf_changed":false,"_seopress_robots_primary_cat":"","_seopress_titles_title":"","_seopress_titles_desc":"","_seopress_robots_index":"","_gspb_post_css":""},"product_brand":[],"product_cat":[2392,2448,2456],"product_tag":[],"class_list":{"0":"post-47936","1":"product","2":"type-product","3":"status-publish","4":"has-post-thumbnail","6":"product_cat-kaikki-luokat","7":"product_cat-kasvinsuojelukankaat-ja-maanpeitekankaat","8":"product_cat-maanpeitekangas","10":"first","11":"instock","12":"taxable","13":"shipping-taxable","14":"purchasable","15":"product-type-simple"},"ct_brands":[],"acf":[],"_links":{"self":[{"href":"https:\/\/agrozone.ee\/fi\/wp-json\/wp\/v2\/product\/47936","targetHints":{"allow":["GET"]}}],"collection":[{"href":"https:\/\/agrozone.ee\/fi\/wp-json\/wp\/v2\/product"}],"about":[{"href":"https:\/\/agrozone.ee\/fi\/wp-json\/wp\/v2\/types\/product"}],"wp:featuredmedia":[{"embeddable":true,"href":"https:\/\/agrozone.ee\/fi\/wp-json\/wp\/v2\/media\/47928"}],"wp:attachment":[{"href":"https:\/\/agrozone.ee\/fi\/wp-json\/wp\/v2\/media?parent=47936"}],"wp:term":[{"taxonomy":"product_brand","embeddable":true,"href":"https:\/\/agrozone.ee\/fi\/wp-json\/wp\/v2\/product_brand?post=47936"},{"taxonomy":"product_cat","embeddable":true,"href":"https:\/\/agrozone.ee\/fi\/wp-json\/wp\/v2\/product_cat?post=47936"},{"taxonomy":"product_tag","embeddable":true,"href":"https:\/\/agrozone.ee\/fi\/wp-json\/wp\/v2\/product_tag?post=47936"}],"curies":[{"name":"wp","href":"https:\/\/api.w.org\/{rel}","templated":true}]}}