{"id":4794,"date":"2024-06-09T16:07:34","date_gmt":"2024-06-09T13:07:34","guid":{"rendered":"https:\/\/agrozone.ee\/?post_type=product&#038;p=4794"},"modified":"2025-07-09T11:39:22","modified_gmt":"2025-07-09T09:39:22","slug":"kosmos-early-summer","status":"publish","type":"product","link":"https:\/\/agrozone.ee\/fi\/tuote\/kosmos-early-summer\/","title":{"rendered":"Kosmos EARLY SUMMER"},"content":{"rendered":"<p>Cosmos bipinnatus Cav.<\/p>\n<ul>\n<li>\u00dcheaastane, \u00fcks k\u00f5rgematest lilledest.<\/li>\n<li>Sobib taluaedade haljastamiseks.<\/li>\n<li>Tagaplaani taim.<\/li>\n<li>Kasvab h\u00e4sti viljakas, niiskes ja tuulte eest kaitstud mullas.<\/li>\n<li>K\u00fclmakartlik.<\/li>\n<\/ul>\n<h3>Kasutusjuhend<\/h3>\n<p><strong>Kogus pakendis:<\/strong> 1 g<br \/>\n<strong>\u00d5itsemise aeg, k\u00f5rgus:<\/strong> VI-X, 75 cm<br \/>\n<strong>P\u00e4ikeseline koht:<\/strong> Jah<br \/>\n<strong>K\u00fclviaeg mulda:<\/strong> V 1 \u0441m<br \/>\n<strong>K\u00fclviaeg:<\/strong> IV, 1 \u0441m<br \/>\n<strong>Tootja:<\/strong> Agronom<br \/>\n<strong><span style=\"font-size: 16px; font-style: normal;\">Kaugused, cm:<\/span><\/strong>\u00a0V, 30-30 cm<\/p>\n","protected":false},"excerpt":{"rendered":"<p>Cosmos bipinnatus Cav.<\/p>\n<ul>\n<li>\u00dcheaastane, \u00fcks k\u00f5rgematest lilledest.<\/li>\n<li>Sobib taluaedade haljastamiseks.<\/li>\n<li>Tagaplaani taim.<\/li>\n<li>Kasvab h\u00e4sti viljakas, niiskes ja tuulte eest kaitstud mullas.<\/li>\n<li>K\u00fclmakartlik.<\/li>\n<\/ul>\n","protected":false},"featured_media":4862,"template":"","meta":{"_acf_changed":false,"_seopress_robots_primary_cat":"","_seopress_titles_title":"","_seopress_titles_desc":"Cosmos bipinnatus Cav. \u00dcheaastane, \u00fcks k\u00f5rgematest lilledest. Sobib taluaedade haljastamiseks Kasvab h\u00e4sti viljakas, niiskes ja tuulte eest kaitstud mullas.","_seopress_robots_index":"","_gspb_post_css":""},"product_brand":[],"product_cat":[15,100,1212,87],"product_tag":[],"class_list":{"0":"post-4794","1":"product","2":"type-product","3":"status-publish","4":"has-post-thumbnail","6":"product_cat-koik-kategooriad","7":"product_cat-lilleseemned","8":"product_cat-mitmesugused","9":"product_cat-seemned","11":"first","12":"instock","13":"sale","14":"taxable","15":"shipping-taxable","16":"purchasable","17":"product-type-simple"},"ct_brands":[],"acf":[],"_links":{"self":[{"href":"https:\/\/agrozone.ee\/fi\/wp-json\/wp\/v2\/product\/4794","targetHints":{"allow":["GET"]}}],"collection":[{"href":"https:\/\/agrozone.ee\/fi\/wp-json\/wp\/v2\/product"}],"about":[{"href":"https:\/\/agrozone.ee\/fi\/wp-json\/wp\/v2\/types\/product"}],"wp:featuredmedia":[{"embeddable":true,"href":"https:\/\/agrozone.ee\/fi\/wp-json\/wp\/v2\/media\/4862"}],"wp:attachment":[{"href":"https:\/\/agrozone.ee\/fi\/wp-json\/wp\/v2\/media?parent=4794"}],"wp:term":[{"taxonomy":"product_brand","embeddable":true,"href":"https:\/\/agrozone.ee\/fi\/wp-json\/wp\/v2\/product_brand?post=4794"},{"taxonomy":"product_cat","embeddable":true,"href":"https:\/\/agrozone.ee\/fi\/wp-json\/wp\/v2\/product_cat?post=4794"},{"taxonomy":"product_tag","embeddable":true,"href":"https:\/\/agrozone.ee\/fi\/wp-json\/wp\/v2\/product_tag?post=4794"}],"curies":[{"name":"wp","href":"https:\/\/api.w.org\/{rel}","templated":true}]}}