{"id":4795,"date":"2024-06-09T16:07:34","date_gmt":"2024-06-09T13:07:34","guid":{"rendered":"https:\/\/agrozone.ee\/?post_type=product&#038;p=4795"},"modified":"2025-04-09T15:44:17","modified_gmt":"2025-04-09T13:44:17","slug":"petuunia-balcony","status":"publish","type":"product","link":"https:\/\/agrozone.ee\/fi\/tuote\/petuunia-balcony\/","title":{"rendered":"Petuunia BALCONY"},"content":{"rendered":"<p>Petunia nana compacta<\/p>\n<ul>\n<li>\u00dcheaastased lilled.<\/li>\n<li>Selle r\u00fchma petuuniaid iseloomustavad rikkalikult \u00f5itsevad, eluj\u00f5ulised \u00f5ied.<\/li>\n<li>Neid kasvatatakse lilleaedades ja r\u00f5dudel.<\/li>\n<li>Seemned on v\u00e4ga v\u00e4ikesed, idanevad 17-20 p\u00e4eva jooksul temperatuuril +18 kuni +20 oC.<\/li>\n<li>Mitte katta mullaga.<\/li>\n<\/ul>\n<h3>Kasutusjuhend<\/h3>\n<ul>\n<li><strong>Kogus pakendis:<\/strong> 0,1 g<\/li>\n<li><strong>\u00d5itsemise aeg, k\u00f5rgus:<\/strong> VI-IX, 50 cm<\/li>\n<li><strong>K\u00fclviaeg mulda:<\/strong> III-IV, 0 cm<\/li>\n<li><strong>Tootja:<\/strong> Agronom<\/li>\n<\/ul>\n","protected":false},"excerpt":{"rendered":"<p>Petunia nana compacta<\/p>\n<ul>\n<li>\u00dcheaastased lilled.<\/li>\n<li>Selle r\u00fchma petuuniaid iseloomustavad rikkalikult \u00f5itsevad, eluj\u00f5ulised \u00f5ied.<\/li>\n<li>Neid kasvatatakse lilleaedades ja r\u00f5dudel.<\/li>\n<li>Seemned on v\u00e4ga v\u00e4ikesed, idanevad 17-20 p\u00e4eva jooksul temperatuuril +18 kuni +20 oC.<\/li>\n<li>Mitte katta mullaga.<\/li>\n<\/ul>\n","protected":false},"featured_media":4863,"template":"","meta":{"_acf_changed":false,"_seopress_robots_primary_cat":"","_seopress_titles_title":"","_seopress_titles_desc":"Petunia nana compacta- \u00dcheaastased lilled.Selle r\u00fchma petuuniaid iseloomustavad rikkalikult \u00f5itsevad, eluj\u00f5ulised \u00f5ied.Kasvatatakse lilleaedades ja r\u00f5dudel.","_seopress_robots_index":"","_gspb_post_css":""},"product_brand":[],"product_cat":[15,100,1217,87],"product_tag":[],"class_list":{"0":"post-4795","1":"product","2":"type-product","3":"status-publish","4":"has-post-thumbnail","6":"product_cat-koik-kategooriad","7":"product_cat-lilleseemned","8":"product_cat-petuunia","9":"product_cat-seemned","11":"first","12":"instock","13":"taxable","14":"shipping-taxable","15":"purchasable","16":"product-type-simple"},"ct_brands":[],"acf":[],"_links":{"self":[{"href":"https:\/\/agrozone.ee\/fi\/wp-json\/wp\/v2\/product\/4795","targetHints":{"allow":["GET"]}}],"collection":[{"href":"https:\/\/agrozone.ee\/fi\/wp-json\/wp\/v2\/product"}],"about":[{"href":"https:\/\/agrozone.ee\/fi\/wp-json\/wp\/v2\/types\/product"}],"wp:featuredmedia":[{"embeddable":true,"href":"https:\/\/agrozone.ee\/fi\/wp-json\/wp\/v2\/media\/4863"}],"wp:attachment":[{"href":"https:\/\/agrozone.ee\/fi\/wp-json\/wp\/v2\/media?parent=4795"}],"wp:term":[{"taxonomy":"product_brand","embeddable":true,"href":"https:\/\/agrozone.ee\/fi\/wp-json\/wp\/v2\/product_brand?post=4795"},{"taxonomy":"product_cat","embeddable":true,"href":"https:\/\/agrozone.ee\/fi\/wp-json\/wp\/v2\/product_cat?post=4795"},{"taxonomy":"product_tag","embeddable":true,"href":"https:\/\/agrozone.ee\/fi\/wp-json\/wp\/v2\/product_tag?post=4795"}],"curies":[{"name":"wp","href":"https:\/\/api.w.org\/{rel}","templated":true}]}}