{"id":47950,"date":"2024-06-09T16:01:54","date_gmt":"2024-06-09T13:01:54","guid":{"rendered":"https:\/\/agrozone.ee\/toode\/kotipuutarhanurmi-10kg\/"},"modified":"2024-06-09T16:01:54","modified_gmt":"2024-06-09T14:01:54","slug":"kotipuutarhanurmi-10kg","status":"publish","type":"product","link":"https:\/\/agrozone.ee\/fi\/tuote\/kotipuutarhanurmi-10kg\/","title":{"rendered":"Kotipuutarhanurmi 10kg"},"content":{"rendered":"<p>Kotipuutarhan nurmi koostuu hienolehtisist\u00e4 lajeista, joista tulee tihe\u00e4 ja matalakasvuinen nurmikko. Seos kasvaa sek\u00e4 auringossa ett\u00e4 varjossa.  On kest\u00e4v\u00e4 ja palautuu hyvin vaurioista. Sopii hyvin kotipuutarhoihin, leikkikentille ja viheralueille.<\/p>\n<p>&nbsp;<\/p>\n<h3>K\u00e4ytt\u00f6ohjeet<\/h3>\n<p>Paras kylv\u00f6aika on varhain kev\u00e4\u00e4ll\u00e4, my\u00f6h\u00e4\u00e4n kes\u00e4ll\u00e4 tai varhain syksyll\u00e4. Nurmikon kylv\u00e4misess\u00e4: jaa siemenet kahteen yht\u00e4 suureen osaan. K\u00e4yt\u00e4 ristikk\u00e4iskylv\u00f6\u00e4, kylv\u00e4 siemenet tasaisesti maan pinnalle. Ennen kylv\u00f6\u00e4 harjaa nurmikko voimakkaasti l\u00e4pi. Kylv\u00f6n j\u00e4lkeen tiivist\u00e4 pinta kevyesti. Kastele it\u00e4misen aikana (noin 3 viikon ajan), jotta orastava nurmikko ei kuivu. HOITO: Leikkaa ensimm\u00e4isen kerran, kun nurmikko on 8-10 cm korkea. Leikkaa sitten kerran viikossa (keskim\u00e4\u00e4r\u00e4inen korkeus 3,5 cm). T\u00e4yt\u00e4 nurmikossa olevat tyhj\u00e4t kohdat mullalla ja kylv\u00e4 p\u00e4\u00e4lle uutta nurmensiemeni\u00e4. 10 kg = 500 m\u00b2.<\/p>\n","protected":false},"excerpt":{"rendered":"<p>Kotipuutarhan nurmi koostuu hienolehtisist\u00e4 lajeista, joista tulee tihe\u00e4 ja matalakasvuinen nurmikko. Seos kasvaa sek\u00e4 auringossa ett\u00e4 varjossa.  On kest\u00e4v\u00e4 ja palautuu hyvin vaurioista. Sopii hyvin kotipuutarhoihin, leikkikentille ja viheralueille.<\/p>\n","protected":false},"featured_media":57438,"template":"","meta":{"_acf_changed":false,"_seopress_robots_primary_cat":"","_seopress_titles_title":"","_seopress_titles_desc":"","_seopress_robots_index":"","_gspb_post_css":""},"product_brand":[],"product_cat":[2392,2445,2399],"product_tag":[],"class_list":{"0":"post-47950","1":"product","2":"type-product","3":"status-publish","4":"has-post-thumbnail","6":"product_cat-kaikki-luokat","7":"product_cat-nurmikonsiemenet","8":"product_cat-siemenet","10":"first","11":"instock","12":"sale","13":"taxable","14":"shipping-taxable","15":"purchasable","16":"product-type-simple"},"ct_brands":[],"acf":[],"_links":{"self":[{"href":"https:\/\/agrozone.ee\/fi\/wp-json\/wp\/v2\/product\/47950","targetHints":{"allow":["GET"]}}],"collection":[{"href":"https:\/\/agrozone.ee\/fi\/wp-json\/wp\/v2\/product"}],"about":[{"href":"https:\/\/agrozone.ee\/fi\/wp-json\/wp\/v2\/types\/product"}],"wp:featuredmedia":[{"embeddable":true,"href":"https:\/\/agrozone.ee\/fi\/wp-json\/wp\/v2\/media\/57438"}],"wp:attachment":[{"href":"https:\/\/agrozone.ee\/fi\/wp-json\/wp\/v2\/media?parent=47950"}],"wp:term":[{"taxonomy":"product_brand","embeddable":true,"href":"https:\/\/agrozone.ee\/fi\/wp-json\/wp\/v2\/product_brand?post=47950"},{"taxonomy":"product_cat","embeddable":true,"href":"https:\/\/agrozone.ee\/fi\/wp-json\/wp\/v2\/product_cat?post=47950"},{"taxonomy":"product_tag","embeddable":true,"href":"https:\/\/agrozone.ee\/fi\/wp-json\/wp\/v2\/product_tag?post=47950"}],"curies":[{"name":"wp","href":"https:\/\/api.w.org\/{rel}","templated":true}]}}