{"id":47951,"date":"2024-06-09T16:02:15","date_gmt":"2024-06-09T14:02:15","guid":{"rendered":"https:\/\/agrozone.ee\/toode\/nurmikonsiemen-sportmaster-10kg\/"},"modified":"2024-06-09T16:02:15","modified_gmt":"2024-06-09T14:02:15","slug":"nurmikonsiemen-sportmaster-10kg","status":"publish","type":"product","link":"https:\/\/agrozone.ee\/fi\/tuote\/nurmikonsiemen-sportmaster-10kg\/","title":{"rendered":"Nurmikonsiemen Sportmaster 10kg"},"content":{"rendered":"<p><strong>Nurmikonsiemen Sportmaster 10kg<\/strong><\/p>\n<ul>\n<li>Murmikonsiemen Sportmaster (Masterline, DLF) on korkealaatuinen seos, joka koostuu kulutusta kest\u00e4vist\u00e4 ja kapealehtisist\u00e4 lajikkeista ja antaa sinulle parhaan kest\u00e4vyyden omaavan nurmikon.<\/li>\n<li>Eritt\u00e4in kulutusta kest\u00e4v\u00e4 nurmikonsiemenseos, joka soveltuu intensiiviseen k\u00e4ytt\u00f6\u00f6n jalkapallo- ja urheilukentill\u00e4.<\/li>\n<li>Palautuu eritt\u00e4in nopeasti.<\/li>\n<li>Vaatii enemm\u00e4n hoitoa, s\u00e4\u00e4nn\u00f6llist\u00e4 lannoitusta ja kastelua tarvitaan.<\/li>\n<li>Seos sis\u00e4lt\u00e4\u00e4 50 % erilaisia niittynurmikkalajikkeita, 25 % erilaisia punaluppiolajikkeita ja 25 % erilaisia laidunraihein\u00e4lajikkeita.<\/li>\n<\/ul>\n<p>&nbsp;<\/p>\n<h3>K\u00e4ytt\u00f6ohjeet<\/h3>\n<ul>\n<li>Seos kasvaa hyvin sek\u00e4 auringossa ett\u00e4 varjossa.<\/li>\n<li>Sivuversojen kasvu takaa nopean palautumisen tallausvaurioista.<\/li>\n<\/ul>\n","protected":false},"excerpt":{"rendered":"<ul>\n<li>Murmikonsiemen Sportmaster (Masterline, DLF) on korkealaatuinen seos, joka koostuu kulutusta kest\u00e4vist\u00e4 ja kapealehtisist\u00e4 lajikkeista ja antaa sinulle parhaan kest\u00e4vyyden omaavan nurmikon.<\/li>\n<li>Eritt\u00e4in kulutusta kest\u00e4v\u00e4 nurmikonsiemenseos, joka soveltuu intensiiviseen k\u00e4ytt\u00f6\u00f6n jalkapallo- ja urheilukentill\u00e4.<\/li>\n<li>Palautuu eritt\u00e4in nopeasti.<\/li>\n<li>Vaatii enemm\u00e4n hoitoa, s\u00e4\u00e4nn\u00f6llist\u00e4 lannoitusta ja kastelua tarvitaan.<\/li>\n<\/ul>\n","protected":false},"featured_media":45193,"template":"","meta":{"_acf_changed":false,"_seopress_robots_primary_cat":"","_seopress_titles_title":"","_seopress_titles_desc":"Murmikonsiemen Sportmaster (Masterline, DLF) on korkealaatuinen seos, joka koostuu kulutusta kest\u00e4vist\u00e4 ja kapealehtisist\u00e4 lajikkeista.","_seopress_robots_index":"","_gspb_post_css":""},"product_brand":[],"product_cat":[2392,2445,2399],"product_tag":[],"class_list":{"0":"post-47951","1":"product","2":"type-product","3":"status-publish","4":"has-post-thumbnail","6":"product_cat-kaikki-luokat","7":"product_cat-nurmikonsiemenet","8":"product_cat-siemenet","10":"first","11":"instock","12":"taxable","13":"shipping-taxable","14":"purchasable","15":"product-type-simple"},"ct_brands":[],"acf":[],"_links":{"self":[{"href":"https:\/\/agrozone.ee\/fi\/wp-json\/wp\/v2\/product\/47951","targetHints":{"allow":["GET"]}}],"collection":[{"href":"https:\/\/agrozone.ee\/fi\/wp-json\/wp\/v2\/product"}],"about":[{"href":"https:\/\/agrozone.ee\/fi\/wp-json\/wp\/v2\/types\/product"}],"wp:featuredmedia":[{"embeddable":true,"href":"https:\/\/agrozone.ee\/fi\/wp-json\/wp\/v2\/media\/45193"}],"wp:attachment":[{"href":"https:\/\/agrozone.ee\/fi\/wp-json\/wp\/v2\/media?parent=47951"}],"wp:term":[{"taxonomy":"product_brand","embeddable":true,"href":"https:\/\/agrozone.ee\/fi\/wp-json\/wp\/v2\/product_brand?post=47951"},{"taxonomy":"product_cat","embeddable":true,"href":"https:\/\/agrozone.ee\/fi\/wp-json\/wp\/v2\/product_cat?post=47951"},{"taxonomy":"product_tag","embeddable":true,"href":"https:\/\/agrozone.ee\/fi\/wp-json\/wp\/v2\/product_tag?post=47951"}],"curies":[{"name":"wp","href":"https:\/\/api.w.org\/{rel}","templated":true}]}}