{"id":47955,"date":"2024-06-09T16:02:14","date_gmt":"2024-06-09T14:02:14","guid":{"rendered":"https:\/\/agrozone.ee\/toode\/nurmikonsiemen-robustica-1kg\/"},"modified":"2024-06-09T16:02:14","modified_gmt":"2024-06-09T14:02:14","slug":"nurmikonsiemen-robustica-1kg","status":"publish","type":"product","link":"https:\/\/agrozone.ee\/fi\/tuote\/nurmikonsiemen-robustica-1kg\/","title":{"rendered":"Nurmikonsiemen Robustica 1kg"},"content":{"rendered":"<p>Nurmikonsiemenseos \u2018Robustica\u2019 tavallista kotipuutarhanurmikkoa varten.<\/p>\n<p>&nbsp;<\/p>\n<h3>K\u00e4ytt\u00f6ohjeet<\/h3>\n<p>L\u00c4HET\u00c4. Jaa siemenet kahteen yht\u00e4 suureen osaan. K\u00e4yt\u00e4 ristikk\u00e4iskylv\u00f6\u00e4, kylv\u00e4 siemenet tasaisesti maan pinnalle. Ennen kylv\u00f6\u00e4 harjaa nurmikko voimakkaasti l\u00e4pi. Kylv\u00f6n j\u00e4lkeen tiivist\u00e4 pinta kevyesti. Kastele it\u00e4misen aikana (noin 3 viikon ajan), jotta orastava nurmikko ei kuivu. HOITO. Leikkaa ensimm\u00e4isen kerran, kun nurmikko on 8-10 cm korkea. Leikkaa sitten kerran viikossa (keskim\u00e4\u00e4r\u00e4inen korkeus 3,5 cm). Lannoita kasvavaa nurmikkoa kev\u00e4\u00e4ll\u00e4 4 kg\/100 m\u00b2 nurmikon kev\u00e4tlannoitteella. Nurmikossa kasvavasta sammaleesta auttaa p\u00e4\u00e4sem\u00e4\u00e4n eroon nurmikon lannoite sammaleenpoistajalla.  T\u00e4yt\u00e4 nurmikossa olevat tyhj\u00e4t kohdat mullalla ja kylv\u00e4 p\u00e4\u00e4lle uutta nurmensiemeni\u00e4. Kes\u00e4ll\u00e4 lannoita 1 kerran pitk\u00e4vaikutteisella nurmikon kestolannoitteella 4 kg\/100 m\u00b2. Syksyll\u00e4, elo-syyskuussa k\u00e4yt\u00e4 talvenkest\u00e4vyyden parantamiseksi nurmikon syyslannoitetta 4 kg\/100 m\u00b2. 1 kg riitt\u00e4\u00e4 30-50 m\u00b2:lle.<\/p>\n","protected":false},"excerpt":{"rendered":"<p>Nurmikonsiemenseos \u2018Robustica\u2019 tavallista kotipuutarhanurmikkoa varten.<\/p>\n","protected":false},"featured_media":45188,"template":"","meta":{"_acf_changed":false,"_seopress_robots_primary_cat":"","_seopress_titles_title":"","_seopress_titles_desc":"","_seopress_robots_index":"","_gspb_post_css":""},"product_brand":[],"product_cat":[2392,2445,2399],"product_tag":[],"class_list":{"0":"post-47955","1":"product","2":"type-product","3":"status-publish","4":"has-post-thumbnail","6":"product_cat-kaikki-luokat","7":"product_cat-nurmikonsiemenet","8":"product_cat-siemenet","10":"first","11":"instock","12":"taxable","13":"shipping-taxable","14":"purchasable","15":"product-type-simple"},"ct_brands":[],"acf":[],"_links":{"self":[{"href":"https:\/\/agrozone.ee\/fi\/wp-json\/wp\/v2\/product\/47955","targetHints":{"allow":["GET"]}}],"collection":[{"href":"https:\/\/agrozone.ee\/fi\/wp-json\/wp\/v2\/product"}],"about":[{"href":"https:\/\/agrozone.ee\/fi\/wp-json\/wp\/v2\/types\/product"}],"wp:featuredmedia":[{"embeddable":true,"href":"https:\/\/agrozone.ee\/fi\/wp-json\/wp\/v2\/media\/45188"}],"wp:attachment":[{"href":"https:\/\/agrozone.ee\/fi\/wp-json\/wp\/v2\/media?parent=47955"}],"wp:term":[{"taxonomy":"product_brand","embeddable":true,"href":"https:\/\/agrozone.ee\/fi\/wp-json\/wp\/v2\/product_brand?post=47955"},{"taxonomy":"product_cat","embeddable":true,"href":"https:\/\/agrozone.ee\/fi\/wp-json\/wp\/v2\/product_cat?post=47955"},{"taxonomy":"product_tag","embeddable":true,"href":"https:\/\/agrozone.ee\/fi\/wp-json\/wp\/v2\/product_tag?post=47955"}],"curies":[{"name":"wp","href":"https:\/\/api.w.org\/{rel}","templated":true}]}}