{"id":47956,"date":"2024-06-09T16:02:14","date_gmt":"2024-06-09T13:02:14","guid":{"rendered":"https:\/\/agrozone.ee\/toode\/nurmikonsiemen-robustica-20kg\/"},"modified":"2024-06-09T16:02:14","modified_gmt":"2024-06-09T14:02:14","slug":"nurmikonsiemen-robustica-20kg","status":"publish","type":"product","link":"https:\/\/agrozone.ee\/fi\/tuote\/nurmikonsiemen-robustica-20kg\/","title":{"rendered":"Nurmikonsiemen Robustica 20kg"},"content":{"rendered":"<p><strong>Nurmikonsiemen Robustica 20kg<\/strong><\/p>\n<ul>\n<li>Murmikonsiemen \u2018Robustica\u2019 on nurmikonsiemenseos tavallista kotipuutarhanurmikkoa varten.<\/li>\n<li>Seos kasvaa sek\u00e4 auringossa ett\u00e4 varjossa.<\/li>\n<li>On kest\u00e4v\u00e4 ja palautuu hyvin vaurioista.<\/li>\n<li>Sopii hyvin kotipuutarhoihin, leikkikentille ja viheralueille.<\/li>\n<\/ul>\n<h3>K\u00e4ytt\u00f6ohjeet<\/h3>\n<ul>\n<li>Tavallista nurmikkoa kylvett\u00e4ess\u00e4 jaa siemenet kahteen yht\u00e4 suureen osaan.<\/li>\n<li>Ennen kylv\u00f6\u00e4 harjaa nurmikko voimakkaasti l\u00e4pi.<\/li>\n<li>K\u00e4yt\u00e4 ristikk\u00e4iskylv\u00f6\u00e4, kylv\u00e4 siemenet tasaisesti maan pinnalle.<\/li>\n<li>Kylv\u00f6n j\u00e4lkeen tiivist\u00e4 pinta kevyesti.<\/li>\n<li>Kastele it\u00e4misen aikana (noin 3 viikon ajan), jotta orastava nurmikko ei kuivu.<\/li>\n<li>Nurmikolla olevien aukkojen paikkaamiseksi t\u00e4yt\u00e4 tyhj\u00e4t kohdat mullalla ja kylv\u00e4 p\u00e4\u00e4lle uutta nurmikonsiement\u00e4.<\/li>\n<li>1 kg riitt\u00e4\u00e4 30-50 m\u00b2:lle.<\/li>\n<\/ul>\n","protected":false},"excerpt":{"rendered":"<ul>\n<li>Murmikonsiemen \u2018Robustica\u2019 on nurmikonsiemenseos tavallista kotipuutarhanurmikkoa varten.<\/li>\n<li>Seos kasvaa sek\u00e4 auringossa ett\u00e4 varjossa.<\/li>\n<li>On kest\u00e4v\u00e4 ja palautuu hyvin vaurioista.<\/li>\n<li>Sopii hyvin kotipuutarhoihin, leikkikentille ja viheralueille.<\/li>\n<\/ul>\n","protected":false},"featured_media":45176,"template":"","meta":{"_acf_changed":false,"_seopress_robots_primary_cat":"","_seopress_titles_title":"","_seopress_titles_desc":"Murmikonsiemen \u2018Robustica\u2019 on nurmikonsiemenseos tavallista kotipuutarhanurmikkoa varten. Tavallista nurmikkoa kylvett\u00e4ess\u00e4 jaa siemenet kahteen yht\u00e4 suureen osaan. ","_seopress_robots_index":"","_gspb_post_css":""},"product_brand":[],"product_cat":[2392,2445,2399],"product_tag":[],"class_list":{"0":"post-47956","1":"product","2":"type-product","3":"status-publish","4":"has-post-thumbnail","6":"product_cat-kaikki-luokat","7":"product_cat-nurmikonsiemenet","8":"product_cat-siemenet","9":"product_shipping_class-ei-mahdu-automaattiin","11":"first","12":"instock","13":"taxable","14":"shipping-taxable","15":"purchasable","16":"product-type-simple"},"ct_brands":[],"acf":[],"_links":{"self":[{"href":"https:\/\/agrozone.ee\/fi\/wp-json\/wp\/v2\/product\/47956","targetHints":{"allow":["GET"]}}],"collection":[{"href":"https:\/\/agrozone.ee\/fi\/wp-json\/wp\/v2\/product"}],"about":[{"href":"https:\/\/agrozone.ee\/fi\/wp-json\/wp\/v2\/types\/product"}],"wp:featuredmedia":[{"embeddable":true,"href":"https:\/\/agrozone.ee\/fi\/wp-json\/wp\/v2\/media\/45176"}],"wp:attachment":[{"href":"https:\/\/agrozone.ee\/fi\/wp-json\/wp\/v2\/media?parent=47956"}],"wp:term":[{"taxonomy":"product_brand","embeddable":true,"href":"https:\/\/agrozone.ee\/fi\/wp-json\/wp\/v2\/product_brand?post=47956"},{"taxonomy":"product_cat","embeddable":true,"href":"https:\/\/agrozone.ee\/fi\/wp-json\/wp\/v2\/product_cat?post=47956"},{"taxonomy":"product_tag","embeddable":true,"href":"https:\/\/agrozone.ee\/fi\/wp-json\/wp\/v2\/product_tag?post=47956"}],"curies":[{"name":"wp","href":"https:\/\/api.w.org\/{rel}","templated":true}]}}