{"id":47957,"date":"2024-06-09T16:02:14","date_gmt":"2024-06-09T13:02:14","guid":{"rendered":"https:\/\/agrozone.ee\/toode\/matalakasvuinen-nurmikko-mini-20kg\/"},"modified":"2024-06-09T16:02:14","modified_gmt":"2024-06-09T14:02:14","slug":"matalakasvuinen-nurmikko-mini-20kg","status":"publish","type":"product","link":"https:\/\/agrozone.ee\/fi\/tuote\/matalakasvuinen-nurmikko-mini-20kg\/","title":{"rendered":"Matalakasvuinen nurmikko Mini 20kg"},"content":{"rendered":"<p><strong>Matalakasvuinen nurmikko Mini 20kg<\/strong><\/p>\n<ul>\n<li>Mini-nurmikonsiemenseos sis\u00e4lt\u00e4\u00e4 hitaasti kasvavia matalia kasveja.<\/li>\n<li>T\u00e4m\u00e4 nurmikko vaatii 30 % v\u00e4hemm\u00e4n leikkaamista, ja nurmikon omistajalle j\u00e4\u00e4 enemm\u00e4n vapaa-aikaa.<\/li>\n<li>Tuloksena on tumma, tihe\u00e4 ja hienolehtinen nurmikko.<\/li>\n<\/ul>\n<p>Koostumus:<\/p>\n<ul>\n<li>Punaluppio &#8211; Festuca Rubra (Casanova) &#8211; 20%<\/li>\n<li>Niittynurmikka &#8211; Poa Pratensis (Geisha) &#8211; 10%<\/li>\n<li>Hietaluppio &#8211; Festuca Trachyphyllaa (Ridu) &#8211; 20%<\/li>\n<li>Punaluppio &#8211; Festuca Rubra (Maxima 1) &#8211; 30%<\/li>\n<li>Laidunraihein\u00e4 &#8211; Lolium Perenne (Double) &#8211; 20%<\/li>\n<\/ul>\n<h3>K\u00e4ytt\u00f6ohjeet<\/h3>\n<ul>\n<li>Jaa siemenet kahteen yht\u00e4 suureen osaan. K\u00e4yt\u00e4 ristikk\u00e4iskylv\u00f6\u00e4, kylv\u00e4 siemenet tasaisesti maan pinnalle.<\/li>\n<li>Ennen kylv\u00f6\u00e4 harjaa nurmikko voimakkaasti l\u00e4pi.<\/li>\n<li>Kylv\u00f6n j\u00e4lkeen tiivist\u00e4 pinta kevyesti.<\/li>\n<li>Kastele it\u00e4misen aikana (noin 3 viikon ajan), jotta orastava nurmikko ei kuivu.<\/li>\n<\/ul>\n","protected":false},"excerpt":{"rendered":"<ul>\n<li>Mini-nurmikonsiemenseos sis\u00e4lt\u00e4\u00e4 hitaasti kasvavia matalia kasveja.<\/li>\n<li>T\u00e4m\u00e4 nurmikko vaatii 30 % v\u00e4hemm\u00e4n leikkaamista, ja nurmikon omistajalle j\u00e4\u00e4 enemm\u00e4n vapaa-aikaa.<\/li>\n<li>Tuloksena on tumma, tihe\u00e4 ja hienolehtinen nurmikko.<\/li>\n<\/ul>\n","protected":false},"featured_media":45176,"template":"","meta":{"_acf_changed":false,"_seopress_robots_primary_cat":"","_seopress_titles_title":"","_seopress_titles_desc":"Matalakasvuinen nurmikko Mini 20kg - Mini-nurmikonsiemenseos sis\u00e4lt\u00e4\u00e4 hitaasti kasvavia matalia kasveja. Tuloksena on tumma, tihe\u00e4 ja hienolehtinen nurmikko. ","_seopress_robots_index":"","_gspb_post_css":""},"product_brand":[],"product_cat":[2392,2445,2399],"product_tag":[],"class_list":{"0":"post-47957","1":"product","2":"type-product","3":"status-publish","4":"has-post-thumbnail","6":"product_cat-kaikki-luokat","7":"product_cat-nurmikonsiemenet","8":"product_cat-siemenet","9":"product_shipping_class-ei-mahdu-automaattiin","11":"first","12":"instock","13":"taxable","14":"shipping-taxable","15":"purchasable","16":"product-type-simple"},"ct_brands":[],"acf":[],"_links":{"self":[{"href":"https:\/\/agrozone.ee\/fi\/wp-json\/wp\/v2\/product\/47957","targetHints":{"allow":["GET"]}}],"collection":[{"href":"https:\/\/agrozone.ee\/fi\/wp-json\/wp\/v2\/product"}],"about":[{"href":"https:\/\/agrozone.ee\/fi\/wp-json\/wp\/v2\/types\/product"}],"wp:featuredmedia":[{"embeddable":true,"href":"https:\/\/agrozone.ee\/fi\/wp-json\/wp\/v2\/media\/45176"}],"wp:attachment":[{"href":"https:\/\/agrozone.ee\/fi\/wp-json\/wp\/v2\/media?parent=47957"}],"wp:term":[{"taxonomy":"product_brand","embeddable":true,"href":"https:\/\/agrozone.ee\/fi\/wp-json\/wp\/v2\/product_brand?post=47957"},{"taxonomy":"product_cat","embeddable":true,"href":"https:\/\/agrozone.ee\/fi\/wp-json\/wp\/v2\/product_cat?post=47957"},{"taxonomy":"product_tag","embeddable":true,"href":"https:\/\/agrozone.ee\/fi\/wp-json\/wp\/v2\/product_tag?post=47957"}],"curies":[{"name":"wp","href":"https:\/\/api.w.org\/{rel}","templated":true}]}}