{"id":4796,"date":"2024-06-09T16:07:34","date_gmt":"2024-06-09T13:07:34","guid":{"rendered":"https:\/\/agrozone.ee\/?post_type=product&#038;p=4796"},"modified":"2026-04-05T17:37:24","modified_gmt":"2026-04-05T15:37:24","slug":"petuunia-double-cascade-h-valentine","status":"publish","type":"product","link":"https:\/\/agrozone.ee\/fi\/tuote\/petuunia-double-cascade-h-valentine\/","title":{"rendered":"Petuunia DOUBLE CASCADE H VALENTINE"},"content":{"rendered":"<p>Petunia hybrida<\/p>\n<ul>\n<li>\u00dcheaastane 25-38 cm pikk, kompaktne \u00f5is.<\/li>\n<li>Tekitab heledaid 8-9 cm k\u00f5rgusi \u00f5isi.<\/li>\n<li>Annab rohkem \u00f5isi kui teised sordid.<\/li>\n<li>Pikaajaliselt \u00f5itsevad, kompaktsed taimed.<\/li>\n<li>Vastupidavam ebasoodsate kasvutingimuste ja haiguste suhtes kui teised petuunisordid.<\/li>\n<li>Pelletiseeritud seemned &#8211; kaetud orgaaniliste ja mineraalv\u00e4etiste siduva seguga.<\/li>\n<li>Seemneid ei tohi katta substraadiga, vaid need tuleb kergelt mulla pinnale suruda.<\/li>\n<li>Idanemise v\u00f5imaldamiseks peab mulla pind olema niiske.<\/li>\n<\/ul>\n<h3>Kasutusjuhend<\/h3>\n<ul>\n<li><strong>K\u00fclviaeg kasvuhoones:<\/strong> III-IV, 0 cm<\/li>\n<li><strong>Tootja:<\/strong> \u017dalia stotel\u0117<\/li>\n<li><strong>\u00d5itsemisperiood:<\/strong> VI-IX, 25-38 cm<\/li>\n<li><strong>Kaugused, cm:<\/strong> V-VI, 20 x 20 cm<\/li>\n<li><strong>Seemnete arv pakendis, tk.:<\/strong> 20<\/li>\n<\/ul>\n","protected":false},"excerpt":{"rendered":"<p>Petunia hybrida<\/p>\n<ul>\n<li>\u00dcheaastane 25-38 cm pikk, kompaktne \u00f5is.<\/li>\n<li>Tekitab heledaid 8-9 cm k\u00f5rgusi \u00f5isi.<\/li>\n<li>Annab rohkem \u00f5isi kui teised sordid.<\/li>\n<li>Pikaajaliselt \u00f5itsevad, kompaktsed taimed.<\/li>\n<li>Vastupidavam ebasoodsate kasvutingimuste ja haiguste suhtes kui teised petuunisordid.<\/li>\n<li>Pelletiseeritud seemned &#8211; kaetud orgaaniliste ja mineraalv\u00e4etiste siduva seguga.<\/li>\n<\/ul>\n","protected":false},"featured_media":4864,"template":"","meta":{"_acf_changed":false,"_seopress_robots_primary_cat":"none","_seopress_titles_title":"","_seopress_titles_desc":"Petunia hybrida - \u00dcheaastane 25-38 cm pikk, kompaktne \u00f5is. Tekitab heledaid 8-9 cm k\u00f5rgusi \u00f5isi. Annab rohkem \u00f5isi kui teised sordid.","_seopress_robots_index":"","_gspb_post_css":""},"product_brand":[],"product_cat":[15,100,1217,87],"product_tag":[],"class_list":{"0":"post-4796","1":"product","2":"type-product","3":"status-publish","4":"has-post-thumbnail","6":"product_cat-koik-kategooriad","7":"product_cat-lilleseemned","8":"product_cat-petuunia","9":"product_cat-seemned","11":"first","12":"instock","13":"taxable","14":"shipping-taxable","15":"purchasable","16":"product-type-simple"},"ct_brands":[],"acf":[],"_links":{"self":[{"href":"https:\/\/agrozone.ee\/fi\/wp-json\/wp\/v2\/product\/4796","targetHints":{"allow":["GET"]}}],"collection":[{"href":"https:\/\/agrozone.ee\/fi\/wp-json\/wp\/v2\/product"}],"about":[{"href":"https:\/\/agrozone.ee\/fi\/wp-json\/wp\/v2\/types\/product"}],"wp:featuredmedia":[{"embeddable":true,"href":"https:\/\/agrozone.ee\/fi\/wp-json\/wp\/v2\/media\/4864"}],"wp:attachment":[{"href":"https:\/\/agrozone.ee\/fi\/wp-json\/wp\/v2\/media?parent=4796"}],"wp:term":[{"taxonomy":"product_brand","embeddable":true,"href":"https:\/\/agrozone.ee\/fi\/wp-json\/wp\/v2\/product_brand?post=4796"},{"taxonomy":"product_cat","embeddable":true,"href":"https:\/\/agrozone.ee\/fi\/wp-json\/wp\/v2\/product_cat?post=4796"},{"taxonomy":"product_tag","embeddable":true,"href":"https:\/\/agrozone.ee\/fi\/wp-json\/wp\/v2\/product_tag?post=4796"}],"curies":[{"name":"wp","href":"https:\/\/api.w.org\/{rel}","templated":true}]}}