{"id":47960,"date":"2024-06-09T16:02:14","date_gmt":"2024-06-09T13:02:14","guid":{"rendered":"https:\/\/agrozone.ee\/toode\/nurmikonsiemen-sport-turfline-20kg\/"},"modified":"2024-06-09T16:02:14","modified_gmt":"2024-06-09T14:02:14","slug":"nurmikonsiemen-sport-turfline-20kg","status":"publish","type":"product","link":"https:\/\/agrozone.ee\/fi\/tuote\/nurmikonsiemen-sport-turfline-20kg\/","title":{"rendered":"Nurmikonsiemen Sport Turfline 20kg"},"content":{"rendered":"<p>Siemenseos, joka koostuu kulutusta kest\u00e4vist\u00e4 ja kapealehtisist\u00e4 lajikkeista ja antaa sinulle parhaan kest\u00e4vyyden omaavan nurmikon.<\/p>\n<p>&nbsp;<\/p>\n<h3>K\u00e4ytt\u00f6ohjeet<\/h3>\n<p>Seos kasvaa hyvin sek\u00e4 auringossa ett\u00e4 varjossa. Sivuversojen kasvu takaa nopean palautumisen tallausvaurioista.  1 kg = 30 m\u00b2.<\/p>\n","protected":false},"excerpt":{"rendered":"<p>Siemenseos, joka koostuu kulutusta kest\u00e4vist\u00e4 ja kapealehtisist\u00e4 lajikkeista ja antaa sinulle parhaan kest\u00e4vyyden omaavan nurmikon.<\/p>\n","protected":false},"featured_media":45189,"template":"","meta":{"_acf_changed":false,"_seopress_robots_primary_cat":"","_seopress_titles_title":"","_seopress_titles_desc":"","_seopress_robots_index":"","_gspb_post_css":""},"product_brand":[],"product_cat":[2392,2445,2399],"product_tag":[],"class_list":{"0":"post-47960","1":"product","2":"type-product","3":"status-publish","4":"has-post-thumbnail","6":"product_cat-kaikki-luokat","7":"product_cat-nurmikonsiemenet","8":"product_cat-siemenet","9":"product_shipping_class-ei-mahdu-automaattiin","11":"first","12":"instock","13":"taxable","14":"shipping-taxable","15":"purchasable","16":"product-type-simple"},"ct_brands":[],"acf":[],"_links":{"self":[{"href":"https:\/\/agrozone.ee\/fi\/wp-json\/wp\/v2\/product\/47960","targetHints":{"allow":["GET"]}}],"collection":[{"href":"https:\/\/agrozone.ee\/fi\/wp-json\/wp\/v2\/product"}],"about":[{"href":"https:\/\/agrozone.ee\/fi\/wp-json\/wp\/v2\/types\/product"}],"wp:featuredmedia":[{"embeddable":true,"href":"https:\/\/agrozone.ee\/fi\/wp-json\/wp\/v2\/media\/45189"}],"wp:attachment":[{"href":"https:\/\/agrozone.ee\/fi\/wp-json\/wp\/v2\/media?parent=47960"}],"wp:term":[{"taxonomy":"product_brand","embeddable":true,"href":"https:\/\/agrozone.ee\/fi\/wp-json\/wp\/v2\/product_brand?post=47960"},{"taxonomy":"product_cat","embeddable":true,"href":"https:\/\/agrozone.ee\/fi\/wp-json\/wp\/v2\/product_cat?post=47960"},{"taxonomy":"product_tag","embeddable":true,"href":"https:\/\/agrozone.ee\/fi\/wp-json\/wp\/v2\/product_tag?post=47960"}],"curies":[{"name":"wp","href":"https:\/\/api.w.org\/{rel}","templated":true}]}}