{"id":47977,"date":"2024-06-09T16:01:53","date_gmt":"2024-06-09T13:01:53","guid":{"rendered":"https:\/\/agrozone.ee\/toode\/kotipuutarhamulta-sun-20kg\/"},"modified":"2024-06-09T16:01:53","modified_gmt":"2024-06-09T14:01:53","slug":"kotipuutarhamulta-sun-20kg","status":"publish","type":"product","link":"https:\/\/agrozone.ee\/fi\/tuote\/kotipuutarhamulta-sun-20kg\/","title":{"rendered":"Kotipuutarhamulta Sun 20kg"},"content":{"rendered":"<p><strong>Kotipuutarhamulta Sun 20kg<\/strong><\/p>\n<ul>\n<li>Sunshine-nurmikon siemenest\u00e4 kasvaa kuivuutta kest\u00e4v\u00e4 ja tihe\u00e4 nurmikko.<\/li>\n<li>Kasvaa hyvin sek\u00e4 auringossa ett\u00e4 varjossa.<\/li>\n<li>Nurmikko palautuu hyvin vaurioista.<\/li>\n<li>Pysyy vihre\u00e4n\u00e4 my\u00f6s kuivina kausina.<\/li>\n<\/ul>\n<h3>K\u00e4ytt\u00f6ohjeet<\/h3>\n<ul>\n<li>Siemenm\u00e4\u00e4r\u00e4 n. 1 kg = 40 m\u00b2.<\/li>\n<li>Paras kylv\u00f6aika on varhain kev\u00e4\u00e4ll\u00e4, my\u00f6h\u00e4\u00e4n kes\u00e4ll\u00e4 tai varhain syksyll\u00e4.<\/li>\n<\/ul>\n","protected":false},"excerpt":{"rendered":"<ul>\n<li>Sunshine-nurmikon siemenest\u00e4 kasvaa kuivuutta kest\u00e4v\u00e4 ja tihe\u00e4 nurmikko.<\/li>\n<li>Kasvaa hyvin sek\u00e4 auringossa ett\u00e4 varjossa.<\/li>\n<li>Nurmikko palautuu hyvin vaurioista.<\/li>\n<li>Pysyy vihre\u00e4n\u00e4 my\u00f6s kuivina kausina.<\/li>\n<\/ul>\n","protected":false},"featured_media":45176,"template":"","meta":{"_acf_changed":false,"_seopress_robots_primary_cat":"","_seopress_titles_title":"","_seopress_titles_desc":"Kotipuutarhamulta Sun 20kg - Sunshine-nurmikon siemenest\u00e4 kasvaa kuivuutta kest\u00e4v\u00e4 ja tihe\u00e4 nurmikko. Kasvaa hyvin sek\u00e4 auringossa ett\u00e4 varjossa. ","_seopress_robots_index":"","_gspb_post_css":""},"product_brand":[],"product_cat":[2392,2445,2399],"product_tag":[],"class_list":{"0":"post-47977","1":"product","2":"type-product","3":"status-publish","4":"has-post-thumbnail","6":"product_cat-kaikki-luokat","7":"product_cat-nurmikonsiemenet","8":"product_cat-siemenet","9":"product_shipping_class-ei-mahdu-automaattiin","11":"first","12":"outofstock","13":"taxable","14":"shipping-taxable","15":"purchasable","16":"product-type-simple"},"ct_brands":[],"acf":[],"_links":{"self":[{"href":"https:\/\/agrozone.ee\/fi\/wp-json\/wp\/v2\/product\/47977","targetHints":{"allow":["GET"]}}],"collection":[{"href":"https:\/\/agrozone.ee\/fi\/wp-json\/wp\/v2\/product"}],"about":[{"href":"https:\/\/agrozone.ee\/fi\/wp-json\/wp\/v2\/types\/product"}],"wp:featuredmedia":[{"embeddable":true,"href":"https:\/\/agrozone.ee\/fi\/wp-json\/wp\/v2\/media\/45176"}],"wp:attachment":[{"href":"https:\/\/agrozone.ee\/fi\/wp-json\/wp\/v2\/media?parent=47977"}],"wp:term":[{"taxonomy":"product_brand","embeddable":true,"href":"https:\/\/agrozone.ee\/fi\/wp-json\/wp\/v2\/product_brand?post=47977"},{"taxonomy":"product_cat","embeddable":true,"href":"https:\/\/agrozone.ee\/fi\/wp-json\/wp\/v2\/product_cat?post=47977"},{"taxonomy":"product_tag","embeddable":true,"href":"https:\/\/agrozone.ee\/fi\/wp-json\/wp\/v2\/product_tag?post=47977"}],"curies":[{"name":"wp","href":"https:\/\/api.w.org\/{rel}","templated":true}]}}