{"id":47978,"date":"2024-06-09T15:58:35","date_gmt":"2024-06-09T13:58:35","guid":{"rendered":"https:\/\/agrozone.ee\/toode\/kotipuutarhanurmikko-valkoapilalla-1kg\/"},"modified":"2024-06-09T15:58:35","modified_gmt":"2024-06-09T13:58:35","slug":"kotipuutarhanurmikko-valkoapilalla-1kg","status":"publish","type":"product","link":"https:\/\/agrozone.ee\/fi\/tuote\/kotipuutarhanurmikko-valkoapilalla-1kg\/","title":{"rendered":"Kotipuutarhanurmikko valkoapilalla 1kg"},"content":{"rendered":"<ul>\n<li>Kotipuutarhanurmi valkoapilalla on siemenseos nurmikon perustamiseen.<\/li>\n<li>Ymp\u00e4rist\u00f6yst\u00e4v\u00e4llinen, v\u00e4h\u00e4n kastelua ja lannoitusta vaativa sek\u00e4 helposti perustettava.<\/li>\n<li>Siemenseos sis\u00e4lt\u00e4\u00e4 valkoapilaa, joka lannoittaa nurmikkoa itse sitomalla ilmakeh\u00e4n typpe\u00e4.<\/li>\n<li>Sopii erinomaisesti kotipuutarhoihin, puistoihin ja leikkikentille.<\/li>\n<\/ul>\n<h3>K\u00e4ytt\u00f6ohjeet<\/h3>\n<p>&nbsp;<\/p>\n<p><strong>NURMIKON KYLV\u00c4MISESS\u00c4. <\/strong><\/p>\n<ul>\n<li>Jaa siemenet kahteen yht\u00e4 suureen osaan.<\/li>\n<li>K\u00e4yt\u00e4 ristikk\u00e4iskylv\u00f6\u00e4, kylv\u00e4 siemenet tasaisesti maan pinnalle.<\/li>\n<li>Ennen kylv\u00f6\u00e4 harjaa nurmikko voimakkaasti l\u00e4pi.<\/li>\n<li>Kylv\u00f6n j\u00e4lkeen tiivist\u00e4 pinta kevyesti.<\/li>\n<li>Kastele it\u00e4misen aikana (noin 3 viikon ajan), jotta orastava nurmikko ei kuivu.<\/li>\n<\/ul>\n<p><strong>HOIDOSSA. <\/strong><\/p>\n<ul>\n<li>Leikkaa ensimm\u00e4isen kerran, kun nurmikko on 8-10 cm korkea.<\/li>\n<li>Leikkaa sitten kerran viikossa (keskim\u00e4\u00e4r\u00e4inen korkeus 3,5 cm).<\/li>\n<li>Lannoita kasvavaa nurmikkoa kev\u00e4\u00e4ll\u00e4 4 kg\/100 m\u00b2 nurmikon kev\u00e4tlannoitteella.<\/li>\n<li>Nurmikolla kasvavasta sammalesta auttaa p\u00e4\u00e4sem\u00e4\u00e4n eroon sammaleenpoistajalla varustettu nurmikkolannoite.<\/li>\n<li>T\u00e4yt\u00e4 nurmikossa olevat tyhj\u00e4t kohdat mullalla ja kylv\u00e4 p\u00e4\u00e4lle uutta nurmensiemeni\u00e4.<\/li>\n<li>Kes\u00e4ll\u00e4 lannoita 1 kerran pitk\u00e4vaikutteisella nurmikon kestolannoitteella 4 kg\/100 m\u00b2.<\/li>\n<li>Syksyll\u00e4, elo-syyskuussa k\u00e4yt\u00e4 talvenkest\u00e4vyyden parantamiseksi nurmikon syyslannoitetta 4 kg\/100 m\u00b2. 1 kg = 50 m\u00b2.<\/li>\n<\/ul>\n","protected":false},"excerpt":{"rendered":"<ul>\n<li>Kotipuutarhanurmi valkoapilalla on siemenseos nurmikon perustamiseen.<\/li>\n<li>Ymp\u00e4rist\u00f6yst\u00e4v\u00e4llinen, v\u00e4h\u00e4n kastelua ja lannoitusta vaativa sek\u00e4 helposti perustettava.<\/li>\n<li>Siemenseos sis\u00e4lt\u00e4\u00e4 valkoapilaa, joka lannoittaa nurmikkoa itse sitomalla ilmakeh\u00e4n typpe\u00e4.<\/li>\n<li>Sopii erinomaisesti kotipuutarhoihin, puistoihin ja leikkikentille.<\/li>\n<\/ul>\n","protected":false},"featured_media":45186,"template":"","meta":{"_acf_changed":false,"_seopress_robots_primary_cat":"","_seopress_titles_title":"","_seopress_titles_desc":"Kotipuutarhanurmi valkoapilalla on siemenseos nurmikon perustamiseen. Ymp\u00e4rist\u00f6yst\u00e4v\u00e4llinen, v\u00e4h\u00e4n kastelua ja lannoitusta vaativa sek\u00e4 helposti perustettava. ","_seopress_robots_index":"","_gspb_post_css":""},"product_brand":[],"product_cat":[2392,2445,2399],"product_tag":[],"class_list":{"0":"post-47978","1":"product","2":"type-product","3":"status-publish","4":"has-post-thumbnail","6":"product_cat-kaikki-luokat","7":"product_cat-nurmikonsiemenet","8":"product_cat-siemenet","10":"first","11":"instock","12":"taxable","13":"shipping-taxable","14":"purchasable","15":"product-type-simple"},"ct_brands":[],"acf":[],"_links":{"self":[{"href":"https:\/\/agrozone.ee\/fi\/wp-json\/wp\/v2\/product\/47978","targetHints":{"allow":["GET"]}}],"collection":[{"href":"https:\/\/agrozone.ee\/fi\/wp-json\/wp\/v2\/product"}],"about":[{"href":"https:\/\/agrozone.ee\/fi\/wp-json\/wp\/v2\/types\/product"}],"wp:featuredmedia":[{"embeddable":true,"href":"https:\/\/agrozone.ee\/fi\/wp-json\/wp\/v2\/media\/45186"}],"wp:attachment":[{"href":"https:\/\/agrozone.ee\/fi\/wp-json\/wp\/v2\/media?parent=47978"}],"wp:term":[{"taxonomy":"product_brand","embeddable":true,"href":"https:\/\/agrozone.ee\/fi\/wp-json\/wp\/v2\/product_brand?post=47978"},{"taxonomy":"product_cat","embeddable":true,"href":"https:\/\/agrozone.ee\/fi\/wp-json\/wp\/v2\/product_cat?post=47978"},{"taxonomy":"product_tag","embeddable":true,"href":"https:\/\/agrozone.ee\/fi\/wp-json\/wp\/v2\/product_tag?post=47978"}],"curies":[{"name":"wp","href":"https:\/\/api.w.org\/{rel}","templated":true}]}}