{"id":47979,"date":"2024-06-09T16:01:53","date_gmt":"2024-06-09T13:01:53","guid":{"rendered":"https:\/\/agrozone.ee\/toode\/kotipuutarhamulta-ornamental-20kg\/"},"modified":"2024-06-09T16:01:53","modified_gmt":"2024-06-09T14:01:53","slug":"kotipuutarhamulta-ornamental-20kg","status":"publish","type":"product","link":"https:\/\/agrozone.ee\/fi\/tuote\/kotipuutarhamulta-ornamental-20kg\/","title":{"rendered":"Kotipuutarhamulta Ornamental 20kg"},"content":{"rendered":"<p><strong>Kotipuutarhamulta Ornamental 20kg<\/strong><\/p>\n<ul>\n<li>Kotipuutarhamulta \u2018Ornamental\u2019 -siemenseos on laadukas seos, joka koostuu hienolehtisist\u00e4 lajeista ja antaa sinulle parhaan tihe\u00e4n ja matalakasvuisen nurmikon.<\/li>\n<\/ul>\n<p><strong>Koostumus:<\/strong><\/p>\n<ul>\n<li>FESTUCA RUBRA CASANOVA &#8211; Puna-ailikki (<em>Festuca rubra<\/em>) ~ 15,00%<\/li>\n<li>POA PRATENSIS GEISHA &#8211; Niittynurmikka (<em>Poa pratensis) ~ 5,00%<\/em><\/li>\n<li>FESTUCA TRACHYPHYLLAA RIDU &#8211; J\u00e4ykk\u00e4lehtinen nadanurmikka (<em>Festuca trachyphylla<\/em>) ~ 5,00%<\/li>\n<li>FESTUCA RUBRA MAXIMA 1 &#8211; Puna-ailikki (<em>Festuca rubra<\/em>) ~ 35,00%<\/li>\n<li>LOLIUM PERENNE DOUBLE &#8211; Englanninraihein\u00e4 (<em>Lolium perenne<\/em>) ~ 40%<\/li>\n<\/ul>\n<h3>K\u00e4ytt\u00f6ohjeet<\/h3>\n<ul>\n<li>Seos kasvaa sek\u00e4 auringossa ett\u00e4 varjossa.<\/li>\n<li>Sivuttaissuuntainen kasvu, sek\u00e4 maan p\u00e4\u00e4ll\u00e4 ett\u00e4 alla, takaa hyv\u00e4n palautumisen kulumisen ja vahingoittumisen j\u00e4lkeen.<\/li>\n<li>20 kg = n. 800 m\u00b2.<\/li>\n<\/ul>\n","protected":false},"excerpt":{"rendered":"<p>Kotipuutarhanurmikko Ornamental -siemenseos on laadukas seos, joka koostuu hienolehtisist\u00e4 lajeista ja antaa sinulle parhaan tihe\u00e4n ja matalakasvuisen nurmikon.<\/p>\n","protected":false},"featured_media":45176,"template":"","meta":{"_acf_changed":false,"_seopress_robots_primary_cat":"none","_seopress_titles_title":"","_seopress_titles_desc":"Kotipuutarhanurmikko Ornamental -siemenseos on laadukas seos, joka koostuu hienolehtisist\u00e4 lajeista ja antaa sinulle parhaan tihe\u00e4n ja matalakasvuisen nurmikon.","_seopress_robots_index":"","_gspb_post_css":""},"product_brand":[],"product_cat":[2392,2445,2399],"product_tag":[],"class_list":{"0":"post-47979","1":"product","2":"type-product","3":"status-publish","4":"has-post-thumbnail","6":"product_cat-kaikki-luokat","7":"product_cat-nurmikonsiemenet","8":"product_cat-siemenet","9":"product_shipping_class-ei-mahdu-automaattiin","11":"first","12":"instock","13":"taxable","14":"shipping-taxable","15":"purchasable","16":"product-type-simple"},"ct_brands":[],"acf":[],"_links":{"self":[{"href":"https:\/\/agrozone.ee\/fi\/wp-json\/wp\/v2\/product\/47979","targetHints":{"allow":["GET"]}}],"collection":[{"href":"https:\/\/agrozone.ee\/fi\/wp-json\/wp\/v2\/product"}],"about":[{"href":"https:\/\/agrozone.ee\/fi\/wp-json\/wp\/v2\/types\/product"}],"wp:featuredmedia":[{"embeddable":true,"href":"https:\/\/agrozone.ee\/fi\/wp-json\/wp\/v2\/media\/45176"}],"wp:attachment":[{"href":"https:\/\/agrozone.ee\/fi\/wp-json\/wp\/v2\/media?parent=47979"}],"wp:term":[{"taxonomy":"product_brand","embeddable":true,"href":"https:\/\/agrozone.ee\/fi\/wp-json\/wp\/v2\/product_brand?post=47979"},{"taxonomy":"product_cat","embeddable":true,"href":"https:\/\/agrozone.ee\/fi\/wp-json\/wp\/v2\/product_cat?post=47979"},{"taxonomy":"product_tag","embeddable":true,"href":"https:\/\/agrozone.ee\/fi\/wp-json\/wp\/v2\/product_tag?post=47979"}],"curies":[{"name":"wp","href":"https:\/\/api.w.org\/{rel}","templated":true}]}}