{"id":47986,"date":"2024-06-09T16:01:53","date_gmt":"2024-06-09T14:01:53","guid":{"rendered":"https:\/\/agrozone.ee\/toode\/kotipuutarhanurmi-ornamental-75kg\/"},"modified":"2024-06-09T16:01:53","modified_gmt":"2024-06-09T14:01:53","slug":"kotipuutarhanurmi-ornamental-75kg","status":"publish","type":"product","link":"https:\/\/agrozone.ee\/fi\/tuote\/kotipuutarhanurmi-ornamental-75kg\/","title":{"rendered":"Kotipuutarhanurmi Ornamental 7,5kg"},"content":{"rendered":"<p><strong>Kotipuutarhanurmi Ornamental 7,5kg<\/strong><\/p>\n<p>Kotipuutarhanurmi \u2018Ornamental\u2019 -siemenseos on laadukas seos, joka koostuu hienolehtisist\u00e4 lajeista ja antaa sinulle parhaan tihe\u00e4n ja matalakasvuisen nurmikon. Koristekasvi kasvaa hyvin sek\u00e4 auringossa ett\u00e4 varjossa.<\/p>\n<p>&nbsp;<\/p>\n<h3>K\u00e4ytt\u00f6ohjeet<\/h3>\n<ul>\n<li>Seos kasvaa sek\u00e4 auringossa ett\u00e4 varjossa.<\/li>\n<li>Sivuttaissuuntainen kasvu, sek\u00e4 maan p\u00e4\u00e4ll\u00e4 ett\u00e4 alla, takaa hyv\u00e4n palautumisen kulumisen ja vahingoittumisen j\u00e4lkeen.<\/li>\n<\/ul>\n","protected":false},"excerpt":{"rendered":"<p>Kotipuutarhamulta \u2018Ornamental\u2019 -siemenseos on laadukas seos, joka koostuu hienolehtisist\u00e4 lajeista ja antaa sinulle parhaan tihe\u00e4n ja matalakasvuisen nurmikon.<\/p>\n","protected":false},"featured_media":47856,"template":"","meta":{"_acf_changed":false,"_seopress_robots_primary_cat":"none","_seopress_titles_title":"","_seopress_titles_desc":"Kotipuutarhamulta \u2018Ornamental\u2019 -siemenseos on laadukas seos, joka koostuu hienolehtisist\u00e4 lajeista ja antaa sinulle parhaan tihe\u00e4n ja matalakasvuisen nurmikon.","_seopress_robots_index":"","_gspb_post_css":""},"product_brand":[],"product_cat":[2392,2445,2399],"product_tag":[],"class_list":{"0":"post-47986","1":"product","2":"type-product","3":"status-publish","4":"has-post-thumbnail","6":"product_cat-kaikki-luokat","7":"product_cat-nurmikonsiemenet","8":"product_cat-siemenet","10":"first","11":"instock","12":"taxable","13":"shipping-taxable","14":"purchasable","15":"product-type-simple"},"ct_brands":[],"acf":[],"_links":{"self":[{"href":"https:\/\/agrozone.ee\/fi\/wp-json\/wp\/v2\/product\/47986","targetHints":{"allow":["GET"]}}],"collection":[{"href":"https:\/\/agrozone.ee\/fi\/wp-json\/wp\/v2\/product"}],"about":[{"href":"https:\/\/agrozone.ee\/fi\/wp-json\/wp\/v2\/types\/product"}],"wp:featuredmedia":[{"embeddable":true,"href":"https:\/\/agrozone.ee\/fi\/wp-json\/wp\/v2\/media\/47856"}],"wp:attachment":[{"href":"https:\/\/agrozone.ee\/fi\/wp-json\/wp\/v2\/media?parent=47986"}],"wp:term":[{"taxonomy":"product_brand","embeddable":true,"href":"https:\/\/agrozone.ee\/fi\/wp-json\/wp\/v2\/product_brand?post=47986"},{"taxonomy":"product_cat","embeddable":true,"href":"https:\/\/agrozone.ee\/fi\/wp-json\/wp\/v2\/product_cat?post=47986"},{"taxonomy":"product_tag","embeddable":true,"href":"https:\/\/agrozone.ee\/fi\/wp-json\/wp\/v2\/product_tag?post=47986"}],"curies":[{"name":"wp","href":"https:\/\/api.w.org\/{rel}","templated":true}]}}