{"id":47993,"date":"2024-06-09T16:04:32","date_gmt":"2024-06-09T14:04:32","guid":{"rendered":"https:\/\/agrozone.ee\/toode\/pumpattava-haavasuihke-100ml\/"},"modified":"2024-06-09T16:04:32","modified_gmt":"2024-06-09T14:04:32","slug":"pumpattava-haavasuihke-100ml","status":"publish","type":"product","link":"https:\/\/agrozone.ee\/fi\/tuote\/pumpattava-haavasuihke-100ml\/","title":{"rendered":"Pumpattava haavasuihke 100ml"},"content":{"rendered":"<p class=\"plained\">Nopeaa apua puiden haavoihin (esim. oksien leikkaamisen j\u00e4lkeen, tuulen aiheuttamien vaurioiden ja pakkashalkeamien hoitoon) kaikille kasveille ja pensailla. Suihkutetaan yksinkertaisesti \u2013 ei tarvita pensseli\u00e4 eik\u00e4 lastaa. Ymp\u00e4rist\u00f6yst\u00e4v\u00e4llinen. Kuivuu nopeasti ja muodostaa puun haavalle l\u00e4pin\u00e4kyv\u00e4n, pysyv\u00e4n suojan. Haava on n\u00e4in suojassa ulkoisilta vaikutuksilta. L\u00e4pin\u00e4kyv\u00e4n s\u00e4vyn ansiosta haavaa voidaan seurata. Haavasuihke sis\u00e4lt\u00e4\u00e4 puun hartseja ja toimii puun haavoilla luonnollisena suojakerroksena. Sopii hyvin my\u00f6s koristepuiden ja bonsain leikkauspintojen suojaukseen l\u00e4pin\u00e4kyv\u00e4n v\u00e4rins\u00e4 ansiosta. Kasvin vahvistaja.        <\/p>\n<h4>K\u00e4ytt\u00f6ohjeet<\/h4>\n<p>Suihkuta tasaisesti haavan pinnalle sen syntymisen j\u00e4lkeen. Puhdista puun haava ennen haavasuihkeen k\u00e4ytt\u00f6\u00e4. Poista irtonaiset kuoren palat ja tasoita haavan reunat. Jos puun haava on hedelm\u00e4puun sy\u00f6v\u00e4n saastuttama, puhdista huolellisesti terveeseen puuhun asti. \u00c4l\u00e4 suihkuta haavasuihketta keholle tai kasvoille. Huomioi tuulen suunta. K\u00e4yt\u00e4 kuivalla s\u00e4\u00e4ll\u00e4, sopii k\u00e4ytett\u00e4v\u00e4ksi my\u00f6s pakkasella.       HUOMIO! Nestem\u00e4inen ja helposti syttyv\u00e4. Voi sytty\u00e4 kuumuudesta\/kipin\u00e4st\u00e4\/liekist\u00e4, pid\u00e4 et\u00e4\u00e4ll\u00e4 kuumista pinnoista. \u00c4l\u00e4 tupakoi k\u00e4yt\u00f6n aikana.   S\u00e4ilyt\u00e4 lasten ulottumattomissa.<\/p>\n","protected":false},"excerpt":{"rendered":"<p class=\"plained\">Nopeaa apua puiden haavoihin (esim. oksien leikkaamisen j\u00e4lkeen, tuulen aiheuttamien vaurioiden ja pakkashalkeamien hoitoon) kaikille kasveille ja pensailla. Suihkutetaan yksinkertaisesti \u2013 ei tarvita pensseli\u00e4 eik\u00e4 lastaa. Ymp\u00e4rist\u00f6yst\u00e4v\u00e4llinen. Kuivuu nopeasti ja muodostaa puun haavalle l\u00e4pin\u00e4kyv\u00e4n, pysyv\u00e4n suojan. Haava on n\u00e4in suojassa ulkoisilta vaikutuksilta. L\u00e4pin\u00e4kyv\u00e4n s\u00e4vyn ansiosta haavaa voidaan seurata. Haavasuihke sis\u00e4lt\u00e4\u00e4 puun hartseja ja toimii puun haavoilla luonnollisena suojakerroksena. Sopii hyvin my\u00f6s koristepuiden ja bonsain leikkauspintojen suojaukseen l\u00e4pin\u00e4kyv\u00e4n v\u00e4rins\u00e4 ansiosta. Kasvin vahvistaja.        <\/p>\n","protected":false},"featured_media":45265,"template":"","meta":{"_acf_changed":false,"_seopress_robots_primary_cat":"","_seopress_titles_title":"","_seopress_titles_desc":"","_seopress_robots_index":"","_gspb_post_css":""},"product_brand":[],"product_cat":[2392,2361,2356],"product_tag":[],"class_list":{"0":"post-47993","1":"product","2":"type-product","3":"status-publish","4":"has-post-thumbnail","6":"product_cat-kaikki-luokat","7":"product_cat-kasvinsuojeluaineet","8":"product_cat-puutarhan-ja-kasvien-suojelu","10":"first","11":"instock","12":"taxable","13":"shipping-taxable","14":"purchasable","15":"product-type-simple"},"ct_brands":[],"acf":[],"_links":{"self":[{"href":"https:\/\/agrozone.ee\/fi\/wp-json\/wp\/v2\/product\/47993","targetHints":{"allow":["GET"]}}],"collection":[{"href":"https:\/\/agrozone.ee\/fi\/wp-json\/wp\/v2\/product"}],"about":[{"href":"https:\/\/agrozone.ee\/fi\/wp-json\/wp\/v2\/types\/product"}],"wp:featuredmedia":[{"embeddable":true,"href":"https:\/\/agrozone.ee\/fi\/wp-json\/wp\/v2\/media\/45265"}],"wp:attachment":[{"href":"https:\/\/agrozone.ee\/fi\/wp-json\/wp\/v2\/media?parent=47993"}],"wp:term":[{"taxonomy":"product_brand","embeddable":true,"href":"https:\/\/agrozone.ee\/fi\/wp-json\/wp\/v2\/product_brand?post=47993"},{"taxonomy":"product_cat","embeddable":true,"href":"https:\/\/agrozone.ee\/fi\/wp-json\/wp\/v2\/product_cat?post=47993"},{"taxonomy":"product_tag","embeddable":true,"href":"https:\/\/agrozone.ee\/fi\/wp-json\/wp\/v2\/product_tag?post=47993"}],"curies":[{"name":"wp","href":"https:\/\/api.w.org\/{rel}","templated":true}]}}