{"id":47995,"date":"2024-06-09T15:59:18","date_gmt":"2024-06-09T12:59:18","guid":{"rendered":"https:\/\/agrozone.ee\/toode\/liima-ansa-vihrea-vaha-luonnonmukainen-hyonteistorjunta-aine-250g\/"},"modified":"2024-06-09T15:59:18","modified_gmt":"2024-06-09T13:59:18","slug":"liima-ansa-vihrea-vaha-luonnonmukainen-hyonteistorjunta-aine-250g","status":"publish","type":"product","link":"https:\/\/agrozone.ee\/fi\/tuote\/liima-ansa-vihrea-vaha-luonnonmukainen-hyonteistorjunta-aine-250g\/","title":{"rendered":"Liima-ansa \/ vihre\u00e4 vaha luonnonmukainen hy\u00f6nteistorjunta-aine 250g"},"content":{"rendered":"<p>Torjuu kaikkia rungolla liikkuvia hy\u00f6nteisi\u00e4, kuten hallamittaria, muurahaisia, p\u00e4hkin\u00e4k\u00e4rs\u00e4k\u00e4st\u00e4, puupiirt\u00e4j\u00e4\u00e4, kirsikkakirvaa jne. Liima-ansa on valmistettu fossiilisista ja luonnonmukaisista aineista sek\u00e4 kasvi\u00f6ljyist\u00e4, joten se on kompostoitava sek\u00e4 ymp\u00e4rist\u00f6- ja kasviyst\u00e4v\u00e4llinen. Vihre\u00e4 liima ei ole vesiliukoinen, joten sade ei huuhtele sit\u00e4 pois. Turvallinen hy\u00f6tyhy\u00f6nteisille: kokeet osoittavat, ett\u00e4 t\u00e4m\u00e4 liima-ansa ei vihre\u00e4n v\u00e4rins\u00e4 ansiosta houkuttele hy\u00f6tyhy\u00f6nteisi\u00e4. Liima-ansa torjuu ainoastaan niit\u00e4 hy\u00f6nteisi\u00e4, jotka liikkuvat tai ry\u00f6miv\u00e4t sen yli. Muut, eli hy\u00f6dylliset hy\u00f6nteiset, jotka vain hetkeksi laskeutuvat siihen, p\u00e4\u00e4sev\u00e4t lent\u00e4m\u00e4\u00e4n pois. Est\u00e4\u00e4 muurahaisia suojelemasta ja hoitamasta lehtikirvoja.      <\/p>\n<p>&nbsp;<\/p>\n<h3>K\u00e4ytt\u00f6ohjeet<\/h3>\n<p>Hallamittarin torjuntaan liima-ansaa tulee k\u00e4ytt\u00e4\u00e4 ennen ensimm\u00e4isi\u00e4 pakkasia (syyskuun lopulla, lokakuun alussa). Tarvittaessa levit\u00e4 uusi vahakerros helmi- ja maaliskuussa (toimii t\u00e4ll\u00e4 ajanjaksolla my\u00f6s muurahaisten, lehtikirvojen, p\u00e4hkin\u00e4k\u00e4rs\u00e4k\u00e4sten jne. torjuntaan). <\/p>\n","protected":false},"excerpt":{"rendered":"<p>Torjuu kaikkia rungolla liikkuvia hy\u00f6nteisi\u00e4, kuten hallamittaria, muurahaisia, p\u00e4hkin\u00e4k\u00e4rs\u00e4k\u00e4st\u00e4, puupiirt\u00e4j\u00e4\u00e4, kirsikkakirvaa jne. Liima-ansa on valmistettu fossiilisista ja luonnonmukaisista aineista sek\u00e4 kasvi\u00f6ljyist\u00e4, joten se on kompostoitava sek\u00e4 ymp\u00e4rist\u00f6- ja kasviyst\u00e4v\u00e4llinen. Vihre\u00e4 liima ei ole vesiliukoinen, joten sade ei huuhtele sit\u00e4 pois. Turvallinen hy\u00f6tyhy\u00f6nteisille: kokeet osoittavat, ett\u00e4 t\u00e4m\u00e4 liima-ansa ei vihre\u00e4n v\u00e4rins\u00e4 ansiosta houkuttele hy\u00f6tyhy\u00f6nteisi\u00e4. Liima-ansa torjuu ainoastaan niit\u00e4 hy\u00f6nteisi\u00e4, jotka liikkuvat tai ry\u00f6miv\u00e4t sen yli. Muut, eli hy\u00f6dylliset hy\u00f6nteiset, jotka vain hetkeksi laskeutuvat siihen, p\u00e4\u00e4sev\u00e4t lent\u00e4m\u00e4\u00e4n pois. Est\u00e4\u00e4 muurahaisia suojelemasta ja hoitamasta lehtikirvoja.      <\/p>\n","protected":false},"featured_media":57413,"template":"","meta":{"_acf_changed":false,"_seopress_robots_primary_cat":"","_seopress_titles_title":"","_seopress_titles_desc":"","_seopress_robots_index":"","_gspb_post_css":""},"product_brand":[],"product_cat":[2392,2356,2360],"product_tag":[],"class_list":{"0":"post-47995","1":"product","2":"type-product","3":"status-publish","4":"has-post-thumbnail","6":"product_cat-kaikki-luokat","7":"product_cat-puutarhan-ja-kasvien-suojelu","8":"product_cat-kasvintuholaisten-torjunta","10":"first","11":"instock","12":"featured","13":"taxable","14":"shipping-taxable","15":"purchasable","16":"product-type-simple"},"ct_brands":[],"acf":[],"_links":{"self":[{"href":"https:\/\/agrozone.ee\/fi\/wp-json\/wp\/v2\/product\/47995","targetHints":{"allow":["GET"]}}],"collection":[{"href":"https:\/\/agrozone.ee\/fi\/wp-json\/wp\/v2\/product"}],"about":[{"href":"https:\/\/agrozone.ee\/fi\/wp-json\/wp\/v2\/types\/product"}],"wp:featuredmedia":[{"embeddable":true,"href":"https:\/\/agrozone.ee\/fi\/wp-json\/wp\/v2\/media\/57413"}],"wp:attachment":[{"href":"https:\/\/agrozone.ee\/fi\/wp-json\/wp\/v2\/media?parent=47995"}],"wp:term":[{"taxonomy":"product_brand","embeddable":true,"href":"https:\/\/agrozone.ee\/fi\/wp-json\/wp\/v2\/product_brand?post=47995"},{"taxonomy":"product_cat","embeddable":true,"href":"https:\/\/agrozone.ee\/fi\/wp-json\/wp\/v2\/product_cat?post=47995"},{"taxonomy":"product_tag","embeddable":true,"href":"https:\/\/agrozone.ee\/fi\/wp-json\/wp\/v2\/product_tag?post=47995"}],"curies":[{"name":"wp","href":"https:\/\/api.w.org\/{rel}","templated":true}]}}