{"id":48004,"date":"2024-06-09T16:00:04","date_gmt":"2024-06-09T13:00:04","guid":{"rendered":"https:\/\/agrozone.ee\/toode\/etanoiden-torjuntageeli-1l\/"},"modified":"2025-07-29T08:23:40","modified_gmt":"2025-07-29T06:23:40","slug":"etanoiden-torjuntageeli-1l","status":"publish","type":"product","link":"https:\/\/agrozone.ee\/fi\/tuote\/etanoiden-torjuntageeli-1l\/","title":{"rendered":"Etanoiden torjuntageeli 1l"},"content":{"rendered":"<p class=\"plained\">* Suojaa puutarhakasveja etanoilta ja nilvi\u00e4isilt\u00e4<br \/>\n* V\u00e4rit\u00f6n, hajuton, vedenkest\u00e4v\u00e4, myrkyt\u00f6n geeli<br \/>\n* Turvallinen sek\u00e4 lapsille ett\u00e4 el\u00e4imille<br \/>\n* 1 litralla riitt\u00e4\u00e4 jopa 50 metrin nauhaksi<\/p>\n<p>Etanoiden torjunta-ainegeeli on v\u00e4rit\u00f6n, hajuton ja myrkyt\u00f6n geeli, jonka muodostama suojakerros est\u00e4\u00e4 etanoita ja kotiloita tuhoamasta kasveja.<br \/>\nLuonnollinen geeli on turvallinen sek\u00e4 lapsille ett\u00e4 el\u00e4imille (mukaan lukien linnuille, koirille ja siileille).<br \/>\nEtanoiden torjunta-ainegeeli toimii sek\u00e4 m\u00e4riss\u00e4 ett\u00e4 kuivissa s\u00e4\u00e4olosuhteissa jopa kaksi viikkoa.<\/p>\n<p>&nbsp;<\/p>\n<h3>K\u00e4ytt\u00f6ohjeet<\/h3>\n<p>Avaa korkki ja purista geeli\u00e4 tasaisena nauhana suojattavan alueen ymp\u00e4rille muodostaen katkeamattoman suojavallin, joka est\u00e4\u00e4 kotiloita ja etanoita tunkeutumasta alueelle. Sulje korkki k\u00e4yt\u00f6n j\u00e4lkeen. Jos korkki tukkeutuu, pese se kylm\u00e4ll\u00e4 vedell\u00e4. <\/p>\n","protected":false},"excerpt":{"rendered":"<p>Etanoiden luonnollinen torjunta-aine muodostaa etanoille vaikeasti ylitett\u00e4v\u00e4n esteen, joka kuivattaa niiden limarauhaset.<\/p>\n","protected":false},"featured_media":53372,"template":"","meta":{"_acf_changed":false,"_seopress_robots_primary_cat":"none","_seopress_titles_title":"","_seopress_titles_desc":"","_seopress_robots_index":"","_gspb_post_css":""},"product_brand":[],"product_cat":[2922,2392,2356,2360],"product_tag":[],"class_list":{"0":"post-48004","1":"product","2":"type-product","3":"status-publish","4":"has-post-thumbnail","6":"product_cat-tigude-torjunta","7":"product_cat-kaikki-luokat","8":"product_cat-puutarhan-ja-kasvien-suojelu","9":"product_cat-kasvintuholaisten-torjunta","11":"first","12":"instock","13":"taxable","14":"shipping-taxable","15":"purchasable","16":"product-type-simple"},"ct_brands":[],"acf":[],"_links":{"self":[{"href":"https:\/\/agrozone.ee\/fi\/wp-json\/wp\/v2\/product\/48004","targetHints":{"allow":["GET"]}}],"collection":[{"href":"https:\/\/agrozone.ee\/fi\/wp-json\/wp\/v2\/product"}],"about":[{"href":"https:\/\/agrozone.ee\/fi\/wp-json\/wp\/v2\/types\/product"}],"wp:featuredmedia":[{"embeddable":true,"href":"https:\/\/agrozone.ee\/fi\/wp-json\/wp\/v2\/media\/53372"}],"wp:attachment":[{"href":"https:\/\/agrozone.ee\/fi\/wp-json\/wp\/v2\/media?parent=48004"}],"wp:term":[{"taxonomy":"product_brand","embeddable":true,"href":"https:\/\/agrozone.ee\/fi\/wp-json\/wp\/v2\/product_brand?post=48004"},{"taxonomy":"product_cat","embeddable":true,"href":"https:\/\/agrozone.ee\/fi\/wp-json\/wp\/v2\/product_cat?post=48004"},{"taxonomy":"product_tag","embeddable":true,"href":"https:\/\/agrozone.ee\/fi\/wp-json\/wp\/v2\/product_tag?post=48004"}],"curies":[{"name":"wp","href":"https:\/\/api.w.org\/{rel}","templated":true}]}}