{"id":48006,"date":"2024-06-09T16:06:02","date_gmt":"2024-06-09T13:06:02","guid":{"rendered":"https:\/\/agrozone.ee\/toode\/etana-ja-kotilopyydys\/"},"modified":"2024-06-09T16:06:02","modified_gmt":"2024-06-09T14:06:02","slug":"etana-ja-kotilopyydys","status":"publish","type":"product","link":"https:\/\/agrozone.ee\/fi\/tuote\/etana-ja-kotilopyydys\/","title":{"rendered":"Etana- ja kotilopyydys"},"content":{"rendered":"<p>Etana- ja kotilopyydys.<\/p>\n<p>Paketissa 1 ansa.<\/p>\n<h3>K\u00e4ytt\u00f6ohjeet<\/h3>\n<p>Ansa tulee kaivaa maahan siten, ett\u00e4 avoin reuna j\u00e4\u00e4 hieman maanpinnan yl\u00e4puolelle, jotta hy\u00f6dyllisi\u00e4 tuholaisten h\u00e4vitt\u00e4ji\u00e4 ei j\u00e4isi siihen.<\/p>\n<p>Ansaan tulee kaataa olutta tai hiivan ja maidon seosta.<\/p>\n<p>Ansat tulee tyhjent\u00e4\u00e4 2\u20133 p\u00e4iv\u00e4n v\u00e4lein ja niihin tulee laittaa uusi seos.<\/p>\n","protected":false},"excerpt":{"rendered":"<p>Etana- ja kotilopyydys on yksinkertainen ja tehokas tapa poistaa n\u00e4m\u00e4 tuholaiset. Pyydys tulee asentaa oikein ja huoltaa s\u00e4\u00e4nn\u00f6llisesti. <\/p>\n","protected":false},"featured_media":56934,"template":"","meta":{"_acf_changed":false,"_seopress_robots_primary_cat":"","_seopress_titles_title":"","_seopress_titles_desc":"","_seopress_robots_index":"","_gspb_post_css":""},"product_brand":[],"product_cat":[2922,2392,2356,2360],"product_tag":[],"class_list":{"0":"post-48006","1":"product","2":"type-product","3":"status-publish","4":"has-post-thumbnail","6":"product_cat-tigude-torjunta","7":"product_cat-kaikki-luokat","8":"product_cat-puutarhan-ja-kasvien-suojelu","9":"product_cat-kasvintuholaisten-torjunta","11":"first","12":"outofstock","13":"taxable","14":"shipping-taxable","15":"purchasable","16":"product-type-simple"},"ct_brands":[],"acf":[],"_links":{"self":[{"href":"https:\/\/agrozone.ee\/fi\/wp-json\/wp\/v2\/product\/48006","targetHints":{"allow":["GET"]}}],"collection":[{"href":"https:\/\/agrozone.ee\/fi\/wp-json\/wp\/v2\/product"}],"about":[{"href":"https:\/\/agrozone.ee\/fi\/wp-json\/wp\/v2\/types\/product"}],"wp:featuredmedia":[{"embeddable":true,"href":"https:\/\/agrozone.ee\/fi\/wp-json\/wp\/v2\/media\/56934"}],"wp:attachment":[{"href":"https:\/\/agrozone.ee\/fi\/wp-json\/wp\/v2\/media?parent=48006"}],"wp:term":[{"taxonomy":"product_brand","embeddable":true,"href":"https:\/\/agrozone.ee\/fi\/wp-json\/wp\/v2\/product_brand?post=48006"},{"taxonomy":"product_cat","embeddable":true,"href":"https:\/\/agrozone.ee\/fi\/wp-json\/wp\/v2\/product_cat?post=48006"},{"taxonomy":"product_tag","embeddable":true,"href":"https:\/\/agrozone.ee\/fi\/wp-json\/wp\/v2\/product_tag?post=48006"}],"curies":[{"name":"wp","href":"https:\/\/api.w.org\/{rel}","templated":true}]}}