{"id":48070,"date":"2025-04-02T10:32:38","date_gmt":"2025-04-02T08:32:38","guid":{"rendered":"https:\/\/agrozone.ee\/toode\/kasvien-kastelija-tuki\/"},"modified":"2025-04-03T07:55:46","modified_gmt":"2025-04-03T05:55:46","slug":"kasvien-kastelija-tuki","status":"publish","type":"product","link":"https:\/\/agrozone.ee\/fi\/tuote\/kasvien-kastelija-tuki\/","title":{"rendered":"Kasvien kastelija + tuki"},"content":{"rendered":"<p>Kompakti kasvikannu sis\u00e4kasveille, kiinnitet\u00e4\u00e4n pullonkaulaan.<\/p>\n<p>Varmistaa kasvien riitt\u00e4v\u00e4n vedensaannin my\u00f6s pidemm\u00e4n poissaolon aikana. Kasvikannussa on lis\u00e4ksi hana ja tiiviste veden virtauksen nopeuden s\u00e4\u00e4t\u00e4miseksi. <\/p>\n<p>Kierr\u00e4 vain hana sopivaan asentoon varmistaaksesi veden virtauksen.<\/p>\n<p>Kasvikannu tulee painaa vedell\u00e4 t\u00e4ytetyn muovipullon kierteeseen ja sen k\u00e4rki tulee ty\u00f6nt\u00e4\u00e4 ruukussa olevaan multaan.<\/p>\n<p>&nbsp;<\/p>\n<p>Tuotteen ominaisuudet ja tiedot:<\/p>\n<ul>\n<li>Kasvikannu sopii erinomaisesti kasvien tarvittavan vedensaannin varmistamiseen pidemm\u00e4n ajan kuluessa (jopa 2 viikkoa).<\/li>\n<li>Tuote on suunniteltu sis\u00e4ll\u00e4 tai parvekkeella pidett\u00e4ville ruukkukasveille varmistamaan niiden vedensaanti asukkaiden pidemm\u00e4n poissaolon aikana.<\/li>\n<li>Sinun ei en\u00e4\u00e4 tarvitse pyyt\u00e4\u00e4 perheenj\u00e4seni\u00e4, naapureita tai yst\u00e4vi\u00e4 huolehtimaan kukistasi ollessasi poissa!<\/li>\n<li>Unohdatko usein kastella kukkasi ja muistat t\u00e4m\u00e4n velvollisuuden vasta, kun huomaat kukkiesi alkavan kuihtua? T\u00e4m\u00e4 tuote on juuri sinua varten. <\/li>\n<li>Setti kuuluu lis\u00e4ksi tuki, joka est\u00e4\u00e4 kasvikannua kaatumasta.<\/li>\n<li>Materiaali: muovi (PP)<\/li>\n<li>Pituus: 15 cm<\/li>\n<li>Halkaisija: 2,5 cm<\/li>\n<\/ul>\n","protected":false},"excerpt":{"rendered":"<p>Kompakti kasvikannu sis\u00e4kasveille, kiinnitet\u00e4\u00e4n pullonkaulaan. Varmistaa kasvien riitt\u00e4v\u00e4n vedensaannin my\u00f6s pidemm\u00e4n poissaolon aikana. Kasvikannussa on lis\u00e4ksi hana ja tiiviste veden virtauksen nopeuden s\u00e4\u00e4t\u00e4miseksi. Kierr\u00e4 vain hana sopivaan asentoon varmistaaksesi veden virtauksen. Kasvikannu tulee painaa vedell\u00e4 t\u00e4ytetyn muovipullon kierteeseen ja sen k\u00e4rki tulee ty\u00f6nt\u00e4\u00e4 ruukussa olevaan multaan. &nbsp; Tuotteen ominaisuudet ja tiedot: Kasvikannu sopii erinomaisesti kasvien [&hellip;]<\/p>\n","protected":false},"featured_media":48063,"template":"","meta":{"_acf_changed":false,"_seopress_robots_primary_cat":"none","_seopress_titles_title":"","_seopress_titles_desc":"","_seopress_robots_index":"","_gspb_post_css":""},"product_brand":[],"product_cat":[2392,2379,2363,2389],"product_tag":[],"class_list":{"0":"post-48070","1":"product","2":"type-product","3":"status-publish","4":"has-post-thumbnail","6":"product_cat-kaikki-luokat","7":"product_cat-kastelujarjestelmat","8":"product_cat-puutarhatarvikkeet","9":"product_cat-tiputuskastelujarjestelmat","11":"first","12":"instock","13":"sale","14":"taxable","15":"shipping-taxable","16":"purchasable","17":"product-type-simple"},"ct_brands":[],"acf":[],"_links":{"self":[{"href":"https:\/\/agrozone.ee\/fi\/wp-json\/wp\/v2\/product\/48070","targetHints":{"allow":["GET"]}}],"collection":[{"href":"https:\/\/agrozone.ee\/fi\/wp-json\/wp\/v2\/product"}],"about":[{"href":"https:\/\/agrozone.ee\/fi\/wp-json\/wp\/v2\/types\/product"}],"wp:featuredmedia":[{"embeddable":true,"href":"https:\/\/agrozone.ee\/fi\/wp-json\/wp\/v2\/media\/48063"}],"wp:attachment":[{"href":"https:\/\/agrozone.ee\/fi\/wp-json\/wp\/v2\/media?parent=48070"}],"wp:term":[{"taxonomy":"product_brand","embeddable":true,"href":"https:\/\/agrozone.ee\/fi\/wp-json\/wp\/v2\/product_brand?post=48070"},{"taxonomy":"product_cat","embeddable":true,"href":"https:\/\/agrozone.ee\/fi\/wp-json\/wp\/v2\/product_cat?post=48070"},{"taxonomy":"product_tag","embeddable":true,"href":"https:\/\/agrozone.ee\/fi\/wp-json\/wp\/v2\/product_tag?post=48070"}],"curies":[{"name":"wp","href":"https:\/\/api.w.org\/{rel}","templated":true}]}}