{"id":4810,"date":"2024-06-09T16:07:56","date_gmt":"2024-06-09T13:07:56","guid":{"rendered":"https:\/\/agrozone.ee\/?post_type=product&#038;p=4810"},"modified":"2025-04-09T15:44:12","modified_gmt":"2025-04-09T13:44:12","slug":"tapiline-metsvits","status":"publish","type":"product","link":"https:\/\/agrozone.ee\/fi\/tuote\/tapiline-metsvits\/","title":{"rendered":"T\u00e4piline Metsvits"},"content":{"rendered":"<p>Lysimachia punctata\u00a0L.<\/p>\n<ul>\n<li>Need on v\u00e4he hooldust n\u00f5udvad, mitmeaastased lilled, millel on eredad \u00f5isikud.<\/li>\n<li>Nad \u00f5itsevad rohkesti varakevadel ja \u00fcksikult suve l\u00f5pus.<\/li>\n<li>Nende \u00f5ied meelitavad ligi mesilasi ja liblikaid.<\/li>\n<li>Neid taimi kasvatatakse tavaliselt r\u00fchmades ja need sobivad rannikualadel kasvatamiseks.<\/li>\n<li>T\u00e4piline Metsvits levib kiiresti, h\u00f5ivates lillepeenras vaba ala.<\/li>\n<li>Ta areneb h\u00e4sti niiskes mullas ja sobib nii varjulisse kui ka p\u00e4ikesepaistelisse lillepeenrasse.<\/li>\n<li>Lisaks v\u00f5ib ta kasvada samas kohas mitu aastat.<\/li>\n<\/ul>\n<h3>Kasutusjuhend<\/h3>\n<ul>\n<li><strong>Kogus pakendis:<\/strong> 0,2g<\/li>\n<li><strong>K\u00fclviaeg mulda:<\/strong> IV-V, 1 cm<\/li>\n<li><strong>K\u00fclviaeg kasvuhoones:<\/strong> III-IV, 1 cm<\/li>\n<li><strong>Tootja:<\/strong> \u017dalia stotel\u0117<\/li>\n<li><strong>\u00d5itsemisperiood:<\/strong> V &#8211; VI, VIII 65 cm<\/li>\n<li><strong>Kaugused, cm:<\/strong> V-VIII, 40&#215;45 cm<\/li>\n<\/ul>\n","protected":false},"excerpt":{"rendered":"<p>Lysimachia punctata\u00a0L.<\/p>\n<ul>\n<li>Need on v\u00e4he hooldust n\u00f5udvad, mitmeaastased lilled, millel on eredad \u00f5isikud.<\/li>\n<li>Nad \u00f5itsevad rohkesti varakevadel ja \u00fcksikult suve l\u00f5pus.<\/li>\n<li>Nende \u00f5ied meelitavad ligi mesilasi ja liblikaid.<\/li>\n<li>Neid taimi kasvatatakse tavaliselt r\u00fchmades ja need sobivad rannikualadel kasvatamiseks.<\/li>\n<li>T\u00e4piline Metsvits levib kiiresti, h\u00f5ivates lillepeenras vaba ala.<\/li>\n<\/ul>\n","protected":false},"featured_media":4865,"template":"","meta":{"_acf_changed":false,"_seopress_robots_primary_cat":"","_seopress_titles_title":"","_seopress_titles_desc":"Lysimachia punctata\u00a0L.\u00a0- Need on v\u00e4he hooldust n\u00f5udvad, mitmeaastased lilled, millel on eredad \u00f5isikud. Nad \u00f5itsevad rohkesti varakevadel.","_seopress_robots_index":"","_gspb_post_css":""},"product_brand":[],"product_cat":[15,100,1206,87],"product_tag":[],"class_list":{"0":"post-4810","1":"product","2":"type-product","3":"status-publish","4":"has-post-thumbnail","6":"product_cat-koik-kategooriad","7":"product_cat-lilleseemned","8":"product_cat-mitmeaastased","9":"product_cat-seemned","11":"first","12":"instock","13":"taxable","14":"shipping-taxable","15":"purchasable","16":"product-type-simple"},"ct_brands":[],"acf":[],"_links":{"self":[{"href":"https:\/\/agrozone.ee\/fi\/wp-json\/wp\/v2\/product\/4810","targetHints":{"allow":["GET"]}}],"collection":[{"href":"https:\/\/agrozone.ee\/fi\/wp-json\/wp\/v2\/product"}],"about":[{"href":"https:\/\/agrozone.ee\/fi\/wp-json\/wp\/v2\/types\/product"}],"wp:featuredmedia":[{"embeddable":true,"href":"https:\/\/agrozone.ee\/fi\/wp-json\/wp\/v2\/media\/4865"}],"wp:attachment":[{"href":"https:\/\/agrozone.ee\/fi\/wp-json\/wp\/v2\/media?parent=4810"}],"wp:term":[{"taxonomy":"product_brand","embeddable":true,"href":"https:\/\/agrozone.ee\/fi\/wp-json\/wp\/v2\/product_brand?post=4810"},{"taxonomy":"product_cat","embeddable":true,"href":"https:\/\/agrozone.ee\/fi\/wp-json\/wp\/v2\/product_cat?post=4810"},{"taxonomy":"product_tag","embeddable":true,"href":"https:\/\/agrozone.ee\/fi\/wp-json\/wp\/v2\/product_tag?post=4810"}],"curies":[{"name":"wp","href":"https:\/\/api.w.org\/{rel}","templated":true}]}}